{"id":6598,"date":"2025-06-28T17:58:08","date_gmt":"2025-06-28T15:58:08","guid":{"rendered":"https:\/\/uj.adatbank.ro\/lexikon\/termek\/david-terez-davidovics-terez-branner-gezane\/"},"modified":"2025-06-28T17:58:08","modified_gmt":"2025-06-28T15:58:08","slug":"david-terez-davidovics-terez-branner-gezane","status":"publish","type":"product","link":"https:\/\/uj.adatbank.ro\/lexikon\/termek\/david-terez-davidovics-terez-branner-gezane\/","title":{"rendered":"D\u00c1VID Ter\u00e9z, Davidovics Ter\u00e9z, Br\u00e4nner G\u00e9z\u00e1n\u00e9"},"content":{"rendered":"<p>G\u00f6rg\u00e9nyszentimre, 1906. aug. 9., \u2020\u00a0? : \u00edr\u00f3, dr\u00e1ma\u00edr\u00f3, m\u0171ford\u00edt\u00f3. \u2013 Ungv\u00e1ron \u00e9retts\u00e9gizett, itt volt f\u00e9nyk\u00e9p\u00e9sz (1936). Pozsonyba k\u00f6lt\u00f6z\u00f6tt (1935). R\u00e9szt vett az ellen\u00e1ll\u00e1si mozgalomba (1942), illeg\u00e1lit\u00e1sba vonult \u00e9s Bp. -re ker\u00fclt. Fotos Pozsoonyba. Cseh \u00e9s szlov\u00e1k nyelvb\u0151l ford\u00edtott. Sz\u00ednm\u0171veket, reg\u00e9nyeket \u00edrt. \u2013 <strong>F. m.:<\/strong> K\u00eds\u00e9rtetek m\u00fazeuma: elbesz\u00e9l\u00e9sek (Pozsony, 1964); K\u00e1sahegy (szatirikus reg\u00e9ny, (Pozsony, 1966); Ifj\u00fas\u00e1gb\u00f3l el\u00e9gtelen (reg\u00e9ny, Pozsony, 1970); A feneketlen l\u00e1da kincsei (ifj. reg\u00e9ny, Pozsony, 1972); Id\u0151z\u00edtett boldogs\u00e1g (reg\u00e9ny, Pozsony, 1973); Fekete b\u00e1r\u00e1ny (sz\u00ednm\u0171, Pozsony, 1974); L\u00e1tom\u00e1sok (karcolatok, Pozsony, 1974); Lid\u00e9rcf\u00e9ny (sz\u00ednm\u0171vek, Pozsony, 1976); Mes\u00e9l\u0151 nemzed\u00e9k (kisreg\u00e9ny, Pozsony, 1981); Ut\u00f3irat: Amig a t\u00e9ma eljut od\u00e1ig (reg\u00e9ny, Pozsony, 1986). <br \/><strong>Irod.:<\/strong> KMI; Kort\u00e1rs M\u00cdKL; \u00daMIL<\/br><\/p>\n","protected":false},"excerpt":{"rendered":"<p>G\u00f6rg\u00e9nyszentimre, 1906. aug. 9., \u2020\u00a0? : \u00edr\u00f3, dr\u00e1ma\u00edr\u00f3, m\u0171ford\u00edt\u00f3. \u2013 Ungv\u00e1ron \u00e9retts\u00e9gizett, itt volt f\u00e9nyk\u00e9p\u00e9sz (1936). Pozsonyba k\u00f6lt\u00f6z\u00f6tt (1935). R\u00e9szt vett az ellen\u00e1ll\u00e1si mozgalomba (1942), illeg\u00e1lit\u00e1sba vonult \u00e9s Bp. -re ker\u00fclt. Fotos Pozsoonyba. Cseh \u00e9s szlov\u00e1k nyelvb\u0151l ford\u00edtott. Sz\u00ednm\u0171veket, reg\u00e9nyeket \u00edrt. \u2013 F. m.: K\u00eds\u00e9rtetek m\u00fazeuma: elbesz\u00e9l\u00e9sek (Pozsony, 1964); K\u00e1sahegy (szatirikus reg\u00e9ny, (Pozsony, 1966); Ifj\u00fas\u00e1gb\u00f3l [&hellip;]<\/p>\n","protected":false},"featured_media":0,"comment_status":"open","ping_status":"closed","template":"","meta":[],"product_brand":[],"product_cat":[137],"product_tag":[],"class_list":{"0":"post-6598","1":"product","2":"type-product","3":"status-publish","5":"product_cat-maros-megyei-eletrajzi-lexikon","7":"first","8":"instock","9":"shipping-taxable","10":"product-type-simple"},"_links":{"self":[{"href":"https:\/\/uj.adatbank.ro\/lexikon\/wp-json\/wp\/v2\/product\/6598","targetHints":{"allow":["GET"]}}],"collection":[{"href":"https:\/\/uj.adatbank.ro\/lexikon\/wp-json\/wp\/v2\/product"}],"about":[{"href":"https:\/\/uj.adatbank.ro\/lexikon\/wp-json\/wp\/v2\/types\/product"}],"replies":[{"embeddable":true,"href":"https:\/\/uj.adatbank.ro\/lexikon\/wp-json\/wp\/v2\/comments?post=6598"}],"wp:attachment":[{"href":"https:\/\/uj.adatbank.ro\/lexikon\/wp-json\/wp\/v2\/media?parent=6598"}],"wp:term":[{"taxonomy":"product_brand","embeddable":true,"href":"https:\/\/uj.adatbank.ro\/lexikon\/wp-json\/wp\/v2\/product_brand?post=6598"},{"taxonomy":"product_cat","embeddable":true,"href":"https:\/\/uj.adatbank.ro\/lexikon\/wp-json\/wp\/v2\/product_cat?post=6598"},{"taxonomy":"product_tag","embeddable":true,"href":"https:\/\/uj.adatbank.ro\/lexikon\/wp-json\/wp\/v2\/product_tag?post=6598"}],"curies":[{"name":"wp","href":"https:\/\/api.w.org\/{rel}","templated":true}]}}