{"id":6599,"date":"2025-06-28T17:58:09","date_gmt":"2025-06-28T15:58:09","guid":{"rendered":"https:\/\/uj.adatbank.ro\/lexikon\/termek\/davidovits-ferenc\/"},"modified":"2025-06-28T17:58:09","modified_gmt":"2025-06-28T15:58:09","slug":"davidovits-ferenc","status":"publish","type":"product","link":"https:\/\/uj.adatbank.ro\/lexikon\/termek\/davidovits-ferenc\/","title":{"rendered":"D\u00c1VIDOVITS Ferenc"},"content":{"rendered":"<p>1866., \u2020\u00a0?: ? \u2013 Mv.-r\u0151l feles\u00e9g\u00e9vel (1867\u2013) egy\u00fctt deport\u00e1lt\u00e1k (1944. m\u00e1j. 29.). <br \/><strong>Irod.:<\/strong> Mv. \u00e9s a h\u00e1bor\u00fa 2; Mv. zsid\u00f3s\u00e1ga<\/br><\/p>\n","protected":false},"excerpt":{"rendered":"<p>1866., \u2020\u00a0?: ? \u2013 Mv.-r\u0151l feles\u00e9g\u00e9vel (1867\u2013) egy\u00fctt deport\u00e1lt\u00e1k (1944. m\u00e1j. 29.). Irod.: Mv. \u00e9s a h\u00e1bor\u00fa 2; Mv. zsid\u00f3s\u00e1ga<\/p>\n","protected":false},"featured_media":0,"comment_status":"open","ping_status":"closed","template":"","meta":[],"product_brand":[],"product_cat":[137],"product_tag":[],"class_list":{"0":"post-6599","1":"product","2":"type-product","3":"status-publish","5":"product_cat-maros-megyei-eletrajzi-lexikon","7":"first","8":"instock","9":"shipping-taxable","10":"product-type-simple"},"_links":{"self":[{"href":"https:\/\/uj.adatbank.ro\/lexikon\/wp-json\/wp\/v2\/product\/6599","targetHints":{"allow":["GET"]}}],"collection":[{"href":"https:\/\/uj.adatbank.ro\/lexikon\/wp-json\/wp\/v2\/product"}],"about":[{"href":"https:\/\/uj.adatbank.ro\/lexikon\/wp-json\/wp\/v2\/types\/product"}],"replies":[{"embeddable":true,"href":"https:\/\/uj.adatbank.ro\/lexikon\/wp-json\/wp\/v2\/comments?post=6599"}],"wp:attachment":[{"href":"https:\/\/uj.adatbank.ro\/lexikon\/wp-json\/wp\/v2\/media?parent=6599"}],"wp:term":[{"taxonomy":"product_brand","embeddable":true,"href":"https:\/\/uj.adatbank.ro\/lexikon\/wp-json\/wp\/v2\/product_brand?post=6599"},{"taxonomy":"product_cat","embeddable":true,"href":"https:\/\/uj.adatbank.ro\/lexikon\/wp-json\/wp\/v2\/product_cat?post=6599"},{"taxonomy":"product_tag","embeddable":true,"href":"https:\/\/uj.adatbank.ro\/lexikon\/wp-json\/wp\/v2\/product_tag?post=6599"}],"curies":[{"name":"wp","href":"https:\/\/api.w.org\/{rel}","templated":true}]}}