{"id":6605,"date":"2025-06-28T17:58:21","date_gmt":"2025-06-28T15:58:21","guid":{"rendered":"https:\/\/uj.adatbank.ro\/lexikon\/termek\/deac-gheorghe\/"},"modified":"2025-06-28T17:58:21","modified_gmt":"2025-06-28T15:58:21","slug":"deac-gheorghe","status":"publish","type":"product","link":"https:\/\/uj.adatbank.ro\/lexikon\/termek\/deac-gheorghe\/","title":{"rendered":"DEAC Gheorghe"},"content":{"rendered":"<p>? \u2020\u00a0? : g\u00f6r. kat. pap. \u2013 Marosteleken szolg\u00e1lata idej\u00e9ben \u00e9p\u00edtett\u00e9k a pl\u00e9b\u00e1nia \u00e9p\u00fclet\u00e9t (1933). <br \/><strong>Irod.:<\/strong> Reghin, Protopopiat<\/br><\/p>\n","protected":false},"excerpt":{"rendered":"<p>? \u2020\u00a0? : g\u00f6r. kat. pap. \u2013 Marosteleken szolg\u00e1lata idej\u00e9ben \u00e9p\u00edtett\u00e9k a pl\u00e9b\u00e1nia \u00e9p\u00fclet\u00e9t (1933). Irod.: Reghin, Protopopiat<\/p>\n","protected":false},"featured_media":0,"comment_status":"open","ping_status":"closed","template":"","meta":[],"product_brand":[],"product_cat":[137],"product_tag":[],"class_list":{"0":"post-6605","1":"product","2":"type-product","3":"status-publish","5":"product_cat-maros-megyei-eletrajzi-lexikon","7":"first","8":"instock","9":"shipping-taxable","10":"product-type-simple"},"_links":{"self":[{"href":"https:\/\/uj.adatbank.ro\/lexikon\/wp-json\/wp\/v2\/product\/6605","targetHints":{"allow":["GET"]}}],"collection":[{"href":"https:\/\/uj.adatbank.ro\/lexikon\/wp-json\/wp\/v2\/product"}],"about":[{"href":"https:\/\/uj.adatbank.ro\/lexikon\/wp-json\/wp\/v2\/types\/product"}],"replies":[{"embeddable":true,"href":"https:\/\/uj.adatbank.ro\/lexikon\/wp-json\/wp\/v2\/comments?post=6605"}],"wp:attachment":[{"href":"https:\/\/uj.adatbank.ro\/lexikon\/wp-json\/wp\/v2\/media?parent=6605"}],"wp:term":[{"taxonomy":"product_brand","embeddable":true,"href":"https:\/\/uj.adatbank.ro\/lexikon\/wp-json\/wp\/v2\/product_brand?post=6605"},{"taxonomy":"product_cat","embeddable":true,"href":"https:\/\/uj.adatbank.ro\/lexikon\/wp-json\/wp\/v2\/product_cat?post=6605"},{"taxonomy":"product_tag","embeddable":true,"href":"https:\/\/uj.adatbank.ro\/lexikon\/wp-json\/wp\/v2\/product_tag?post=6605"}],"curies":[{"name":"wp","href":"https:\/\/api.w.org\/{rel}","templated":true}]}}