{"id":6607,"date":"2025-06-28T17:58:25","date_gmt":"2025-06-28T15:58:25","guid":{"rendered":"https:\/\/uj.adatbank.ro\/lexikon\/termek\/deac-simeon\/"},"modified":"2025-06-28T17:58:25","modified_gmt":"2025-06-28T15:58:25","slug":"deac-simeon","status":"publish","type":"product","link":"https:\/\/uj.adatbank.ro\/lexikon\/termek\/deac-simeon\/","title":{"rendered":"DEAC, Simeon"},"content":{"rendered":"<p>Bord, 1894. febr. 20., \u2020 ? : g\u00f6r. kat. pap. \u2013 Papp\u00e1 szentelte Victor Mih\u00e1ly (1917. aug. 28). Csekelak\u00e1ra helyezt\u00e9k, onnan Als\u00f3k\u00e1poln\u00e1ra (1938 k.). <br \/><strong>Irod.:<\/strong> A\u0163inti\u015f<\/br><\/p>\n","protected":false},"excerpt":{"rendered":"<p>Bord, 1894. febr. 20., \u2020 ? : g\u00f6r. kat. pap. \u2013 Papp\u00e1 szentelte Victor Mih\u00e1ly (1917. aug. 28). Csekelak\u00e1ra helyezt\u00e9k, onnan Als\u00f3k\u00e1poln\u00e1ra (1938 k.). Irod.: A\u0163inti\u015f<\/p>\n","protected":false},"featured_media":0,"comment_status":"open","ping_status":"closed","template":"","meta":[],"product_brand":[],"product_cat":[137],"product_tag":[],"class_list":{"0":"post-6607","1":"product","2":"type-product","3":"status-publish","5":"product_cat-maros-megyei-eletrajzi-lexikon","7":"first","8":"instock","9":"shipping-taxable","10":"product-type-simple"},"_links":{"self":[{"href":"https:\/\/uj.adatbank.ro\/lexikon\/wp-json\/wp\/v2\/product\/6607","targetHints":{"allow":["GET"]}}],"collection":[{"href":"https:\/\/uj.adatbank.ro\/lexikon\/wp-json\/wp\/v2\/product"}],"about":[{"href":"https:\/\/uj.adatbank.ro\/lexikon\/wp-json\/wp\/v2\/types\/product"}],"replies":[{"embeddable":true,"href":"https:\/\/uj.adatbank.ro\/lexikon\/wp-json\/wp\/v2\/comments?post=6607"}],"wp:attachment":[{"href":"https:\/\/uj.adatbank.ro\/lexikon\/wp-json\/wp\/v2\/media?parent=6607"}],"wp:term":[{"taxonomy":"product_brand","embeddable":true,"href":"https:\/\/uj.adatbank.ro\/lexikon\/wp-json\/wp\/v2\/product_brand?post=6607"},{"taxonomy":"product_cat","embeddable":true,"href":"https:\/\/uj.adatbank.ro\/lexikon\/wp-json\/wp\/v2\/product_cat?post=6607"},{"taxonomy":"product_tag","embeddable":true,"href":"https:\/\/uj.adatbank.ro\/lexikon\/wp-json\/wp\/v2\/product_tag?post=6607"}],"curies":[{"name":"wp","href":"https:\/\/api.w.org\/{rel}","templated":true}]}}