{"id":6611,"date":"2025-06-28T17:58:30","date_gmt":"2025-06-28T15:58:30","guid":{"rendered":"https:\/\/uj.adatbank.ro\/lexikon\/termek\/deak-endre\/"},"modified":"2025-06-28T17:58:30","modified_gmt":"2025-06-28T15:58:30","slug":"deak-endre","status":"publish","type":"product","link":"https:\/\/uj.adatbank.ro\/lexikon\/termek\/deak-endre\/","title":{"rendered":"DE\u00c1K Endre"},"content":{"rendered":"<p>Mv., 1893. nov. 14., \u2020\u00a0? : m\u0171szaki fel\u00fcgyel\u0151. \u2013 A f\u0151v\u00e1ros szolg\u00e1lat\u00e1ba l\u00e9pett (1925\u2013): fel\u00fcgyel\u0151 (1941\u2013), a polg\u00e1rmesteri hivatal v\u00e1rosrendez\u00e9si oszt\u00e1ly\u00e1nak telekszab\u00e1lyoz\u00e1si aloszt\u00e1ly\u00e1n dolgozott. Mint az \u00f3budai egyh\u00e1z gondnoka, felel\u0151s szerk.-je az Egyh\u00e1zi \u00c9let-nek (1932\u201339). <br \/><strong>Irod.:<\/strong> Guly\u00e1s<\/br><\/p>\n","protected":false},"excerpt":{"rendered":"<p>Mv., 1893. nov. 14., \u2020\u00a0? : m\u0171szaki fel\u00fcgyel\u0151. \u2013 A f\u0151v\u00e1ros szolg\u00e1lat\u00e1ba l\u00e9pett (1925\u2013): fel\u00fcgyel\u0151 (1941\u2013), a polg\u00e1rmesteri hivatal v\u00e1rosrendez\u00e9si oszt\u00e1ly\u00e1nak telekszab\u00e1lyoz\u00e1si aloszt\u00e1ly\u00e1n dolgozott. Mint az \u00f3budai egyh\u00e1z gondnoka, felel\u0151s szerk.-je az Egyh\u00e1zi \u00c9let-nek (1932\u201339). Irod.: Guly\u00e1s<\/p>\n","protected":false},"featured_media":0,"comment_status":"open","ping_status":"closed","template":"","meta":[],"product_brand":[],"product_cat":[137],"product_tag":[],"class_list":{"0":"post-6611","1":"product","2":"type-product","3":"status-publish","5":"product_cat-maros-megyei-eletrajzi-lexikon","7":"first","8":"instock","9":"shipping-taxable","10":"product-type-simple"},"_links":{"self":[{"href":"https:\/\/uj.adatbank.ro\/lexikon\/wp-json\/wp\/v2\/product\/6611","targetHints":{"allow":["GET"]}}],"collection":[{"href":"https:\/\/uj.adatbank.ro\/lexikon\/wp-json\/wp\/v2\/product"}],"about":[{"href":"https:\/\/uj.adatbank.ro\/lexikon\/wp-json\/wp\/v2\/types\/product"}],"replies":[{"embeddable":true,"href":"https:\/\/uj.adatbank.ro\/lexikon\/wp-json\/wp\/v2\/comments?post=6611"}],"wp:attachment":[{"href":"https:\/\/uj.adatbank.ro\/lexikon\/wp-json\/wp\/v2\/media?parent=6611"}],"wp:term":[{"taxonomy":"product_brand","embeddable":true,"href":"https:\/\/uj.adatbank.ro\/lexikon\/wp-json\/wp\/v2\/product_brand?post=6611"},{"taxonomy":"product_cat","embeddable":true,"href":"https:\/\/uj.adatbank.ro\/lexikon\/wp-json\/wp\/v2\/product_cat?post=6611"},{"taxonomy":"product_tag","embeddable":true,"href":"https:\/\/uj.adatbank.ro\/lexikon\/wp-json\/wp\/v2\/product_tag?post=6611"}],"curies":[{"name":"wp","href":"https:\/\/api.w.org\/{rel}","templated":true}]}}