{"id":6616,"date":"2025-06-28T17:58:42","date_gmt":"2025-06-28T15:58:42","guid":{"rendered":"https:\/\/uj.adatbank.ro\/lexikon\/termek\/deak-gyula\/"},"modified":"2025-06-28T17:58:42","modified_gmt":"2025-06-28T15:58:42","slug":"deak-gyula","status":"publish","type":"product","link":"https:\/\/uj.adatbank.ro\/lexikon\/termek\/deak-gyula\/","title":{"rendered":"DE\u00c1K Gyula"},"content":{"rendered":"<p>Somosd, 1853. dec. 10., \u2020\u00a0? : vas\u00fati hivatalnok. \u2013 K\u00f6z\u00e9piskol\u00e1it Mv.-en a Ref. Koll.-ban v\u00e9gzett (1874), a bp.-i M\u0171egyetem \u00f6szt\u00f6nd\u00edjas hallgat\u00f3ja, de nem fejezte be anyagi okok miatt. Mint nevel\u0151 tartotta fent mag\u00e1t, majd az Osztr\u00e1k-m. \u00c1llamvas\u00fat szolg\u00e1lat\u00e1ba l\u00e9pett. (\u20131885); Berethalmon az erd\u00e9lyr\u00e9szi birtokrendez\u00e9s ter\u00e9n kamatoztatta technikai ismereteit. Cikkei, ford\u00edt\u00e1sai: Erd\u00e9ly, Sz\u00e9kely Hirlap, Kolozsv\u00e1r c. lapokban jelentek meg. \u2013 <strong>F. m.:<\/strong> Az erd\u00e9lyr\u00e9szi birtokrendez\u00e9sr\u0151l (Erzs\u00e9betv\u00e1ros, 1890); Megjegyz\u00e9sek az erd\u00e9lyr\u00e9szi birtokrendez\u00e9si elj\u00e1r\u00e1sr\u00f3l sz\u00f3l\u00f3 1892. \u00e9vi t\u00f6rv\u00e9nyjavaslathoz (Bp., 1892). <br \/><strong>Irod.:<\/strong> Szinnyei<\/br><\/p>\n","protected":false},"excerpt":{"rendered":"<p>Somosd, 1853. dec. 10., \u2020\u00a0? : vas\u00fati hivatalnok. \u2013 K\u00f6z\u00e9piskol\u00e1it Mv.-en a Ref. Koll.-ban v\u00e9gzett (1874), a bp.-i M\u0171egyetem \u00f6szt\u00f6nd\u00edjas hallgat\u00f3ja, de nem fejezte be anyagi okok miatt. Mint nevel\u0151 tartotta fent mag\u00e1t, majd az Osztr\u00e1k-m. \u00c1llamvas\u00fat szolg\u00e1lat\u00e1ba l\u00e9pett. (\u20131885); Berethalmon az erd\u00e9lyr\u00e9szi birtokrendez\u00e9s ter\u00e9n kamatoztatta technikai ismereteit. Cikkei, ford\u00edt\u00e1sai: Erd\u00e9ly, Sz\u00e9kely Hirlap, Kolozsv\u00e1r c. [&hellip;]<\/p>\n","protected":false},"featured_media":0,"comment_status":"open","ping_status":"closed","template":"","meta":[],"product_brand":[],"product_cat":[137],"product_tag":[],"class_list":{"0":"post-6616","1":"product","2":"type-product","3":"status-publish","5":"product_cat-maros-megyei-eletrajzi-lexikon","7":"first","8":"instock","9":"shipping-taxable","10":"product-type-simple"},"_links":{"self":[{"href":"https:\/\/uj.adatbank.ro\/lexikon\/wp-json\/wp\/v2\/product\/6616","targetHints":{"allow":["GET"]}}],"collection":[{"href":"https:\/\/uj.adatbank.ro\/lexikon\/wp-json\/wp\/v2\/product"}],"about":[{"href":"https:\/\/uj.adatbank.ro\/lexikon\/wp-json\/wp\/v2\/types\/product"}],"replies":[{"embeddable":true,"href":"https:\/\/uj.adatbank.ro\/lexikon\/wp-json\/wp\/v2\/comments?post=6616"}],"wp:attachment":[{"href":"https:\/\/uj.adatbank.ro\/lexikon\/wp-json\/wp\/v2\/media?parent=6616"}],"wp:term":[{"taxonomy":"product_brand","embeddable":true,"href":"https:\/\/uj.adatbank.ro\/lexikon\/wp-json\/wp\/v2\/product_brand?post=6616"},{"taxonomy":"product_cat","embeddable":true,"href":"https:\/\/uj.adatbank.ro\/lexikon\/wp-json\/wp\/v2\/product_cat?post=6616"},{"taxonomy":"product_tag","embeddable":true,"href":"https:\/\/uj.adatbank.ro\/lexikon\/wp-json\/wp\/v2\/product_tag?post=6616"}],"curies":[{"name":"wp","href":"https:\/\/api.w.org\/{rel}","templated":true}]}}