{"id":6618,"date":"2025-06-28T17:58:47","date_gmt":"2025-06-28T15:58:47","guid":{"rendered":"https:\/\/uj.adatbank.ro\/lexikon\/termek\/deak-istvan\/"},"modified":"2025-06-28T17:58:47","modified_gmt":"2025-06-28T15:58:47","slug":"deak-istvan","status":"publish","type":"product","link":"https:\/\/uj.adatbank.ro\/lexikon\/termek\/deak-istvan\/","title":{"rendered":"DE\u00c1K Istv\u00e1n"},"content":{"rendered":"<p>? \u2020\u00a0?: k\u00e1ntortan\u00edt\u00f3. \u2013 Abaf\u00e1j\u00e1n tan\u00edtott a r. k. iskol\u00e1ban (1817?\u201353). Id\u0151s kor\u00e1ban megvakult. <br \/><strong>Irod.:<\/strong> Abaf\u00e1ja<\/br><\/p>\n","protected":false},"excerpt":{"rendered":"<p>? \u2020\u00a0?: k\u00e1ntortan\u00edt\u00f3. \u2013 Abaf\u00e1j\u00e1n tan\u00edtott a r. k. iskol\u00e1ban (1817?\u201353). Id\u0151s kor\u00e1ban megvakult. Irod.: Abaf\u00e1ja<\/p>\n","protected":false},"featured_media":0,"comment_status":"open","ping_status":"closed","template":"","meta":[],"product_brand":[],"product_cat":[137],"product_tag":[],"class_list":{"0":"post-6618","1":"product","2":"type-product","3":"status-publish","5":"product_cat-maros-megyei-eletrajzi-lexikon","7":"first","8":"instock","9":"shipping-taxable","10":"product-type-simple"},"_links":{"self":[{"href":"https:\/\/uj.adatbank.ro\/lexikon\/wp-json\/wp\/v2\/product\/6618","targetHints":{"allow":["GET"]}}],"collection":[{"href":"https:\/\/uj.adatbank.ro\/lexikon\/wp-json\/wp\/v2\/product"}],"about":[{"href":"https:\/\/uj.adatbank.ro\/lexikon\/wp-json\/wp\/v2\/types\/product"}],"replies":[{"embeddable":true,"href":"https:\/\/uj.adatbank.ro\/lexikon\/wp-json\/wp\/v2\/comments?post=6618"}],"wp:attachment":[{"href":"https:\/\/uj.adatbank.ro\/lexikon\/wp-json\/wp\/v2\/media?parent=6618"}],"wp:term":[{"taxonomy":"product_brand","embeddable":true,"href":"https:\/\/uj.adatbank.ro\/lexikon\/wp-json\/wp\/v2\/product_brand?post=6618"},{"taxonomy":"product_cat","embeddable":true,"href":"https:\/\/uj.adatbank.ro\/lexikon\/wp-json\/wp\/v2\/product_cat?post=6618"},{"taxonomy":"product_tag","embeddable":true,"href":"https:\/\/uj.adatbank.ro\/lexikon\/wp-json\/wp\/v2\/product_tag?post=6618"}],"curies":[{"name":"wp","href":"https:\/\/api.w.org\/{rel}","templated":true}]}}