{"id":6619,"date":"2025-06-28T17:58:49","date_gmt":"2025-06-28T15:58:49","guid":{"rendered":"https:\/\/uj.adatbank.ro\/lexikon\/termek\/deak-istvan-2\/"},"modified":"2025-06-28T17:58:49","modified_gmt":"2025-06-28T15:58:49","slug":"deak-istvan-2","status":"publish","type":"product","link":"https:\/\/uj.adatbank.ro\/lexikon\/termek\/deak-istvan-2\/","title":{"rendered":"DE\u00c1K Istv\u00e1n"},"content":{"rendered":"<p>Mv., 1933. jan. 12. \u2020\u00a0?: orvos. \u2013 Tanult Mv.-en a 2. sz. Fi\u00faliceumban, a MOGYE orvos kar\u00e1n. K\u00f6rorvosi helyei: Suceava, C\u00e2mpulung Moldovenesc. Mv.-en lakik. <br \/><strong>Irod.:<\/strong> MOGYE<\/br><\/p>\n","protected":false},"excerpt":{"rendered":"<p>Mv., 1933. jan. 12. \u2020\u00a0?: orvos. \u2013 Tanult Mv.-en a 2. sz. Fi\u00faliceumban, a MOGYE orvos kar\u00e1n. K\u00f6rorvosi helyei: Suceava, C\u00e2mpulung Moldovenesc. Mv.-en lakik. Irod.: MOGYE<\/p>\n","protected":false},"featured_media":0,"comment_status":"open","ping_status":"closed","template":"","meta":[],"product_brand":[],"product_cat":[137],"product_tag":[],"class_list":{"0":"post-6619","1":"product","2":"type-product","3":"status-publish","5":"product_cat-maros-megyei-eletrajzi-lexikon","7":"first","8":"instock","9":"shipping-taxable","10":"product-type-simple"},"_links":{"self":[{"href":"https:\/\/uj.adatbank.ro\/lexikon\/wp-json\/wp\/v2\/product\/6619","targetHints":{"allow":["GET"]}}],"collection":[{"href":"https:\/\/uj.adatbank.ro\/lexikon\/wp-json\/wp\/v2\/product"}],"about":[{"href":"https:\/\/uj.adatbank.ro\/lexikon\/wp-json\/wp\/v2\/types\/product"}],"replies":[{"embeddable":true,"href":"https:\/\/uj.adatbank.ro\/lexikon\/wp-json\/wp\/v2\/comments?post=6619"}],"wp:attachment":[{"href":"https:\/\/uj.adatbank.ro\/lexikon\/wp-json\/wp\/v2\/media?parent=6619"}],"wp:term":[{"taxonomy":"product_brand","embeddable":true,"href":"https:\/\/uj.adatbank.ro\/lexikon\/wp-json\/wp\/v2\/product_brand?post=6619"},{"taxonomy":"product_cat","embeddable":true,"href":"https:\/\/uj.adatbank.ro\/lexikon\/wp-json\/wp\/v2\/product_cat?post=6619"},{"taxonomy":"product_tag","embeddable":true,"href":"https:\/\/uj.adatbank.ro\/lexikon\/wp-json\/wp\/v2\/product_tag?post=6619"}],"curies":[{"name":"wp","href":"https:\/\/api.w.org\/{rel}","templated":true}]}}