{"id":6620,"date":"2025-06-28T17:58:50","date_gmt":"2025-06-28T15:58:50","guid":{"rendered":"https:\/\/uj.adatbank.ro\/lexikon\/termek\/deak-izidor-gyorgy-p\/"},"modified":"2025-06-28T17:58:50","modified_gmt":"2025-06-28T15:58:50","slug":"deak-izidor-gyorgy-p","status":"publish","type":"product","link":"https:\/\/uj.adatbank.ro\/lexikon\/termek\/deak-izidor-gyorgy-p\/","title":{"rendered":"DE\u00c1K Izidor Gy\u00f6rgy P."},"content":{"rendered":"<p>Dem\u00e9nyh\u00e1za, 1742., \u2020 Segesv\u00e1r, 1809. szept. 8.: ferenczrendi szerzetes. \u2013 Felszentelt\u00e9k (1768. m\u00e1rc. 25.). <br \/><strong>Irod.:<\/strong> Gy\u00f6rgy: A ferencrendiek<\/br><\/p>\n","protected":false},"excerpt":{"rendered":"<p>Dem\u00e9nyh\u00e1za, 1742., \u2020 Segesv\u00e1r, 1809. szept. 8.: ferenczrendi szerzetes. \u2013 Felszentelt\u00e9k (1768. m\u00e1rc. 25.). Irod.: Gy\u00f6rgy: A ferencrendiek<\/p>\n","protected":false},"featured_media":0,"comment_status":"open","ping_status":"closed","template":"","meta":[],"product_brand":[],"product_cat":[137],"product_tag":[],"class_list":{"0":"post-6620","1":"product","2":"type-product","3":"status-publish","5":"product_cat-maros-megyei-eletrajzi-lexikon","7":"first","8":"instock","9":"shipping-taxable","10":"product-type-simple"},"_links":{"self":[{"href":"https:\/\/uj.adatbank.ro\/lexikon\/wp-json\/wp\/v2\/product\/6620","targetHints":{"allow":["GET"]}}],"collection":[{"href":"https:\/\/uj.adatbank.ro\/lexikon\/wp-json\/wp\/v2\/product"}],"about":[{"href":"https:\/\/uj.adatbank.ro\/lexikon\/wp-json\/wp\/v2\/types\/product"}],"replies":[{"embeddable":true,"href":"https:\/\/uj.adatbank.ro\/lexikon\/wp-json\/wp\/v2\/comments?post=6620"}],"wp:attachment":[{"href":"https:\/\/uj.adatbank.ro\/lexikon\/wp-json\/wp\/v2\/media?parent=6620"}],"wp:term":[{"taxonomy":"product_brand","embeddable":true,"href":"https:\/\/uj.adatbank.ro\/lexikon\/wp-json\/wp\/v2\/product_brand?post=6620"},{"taxonomy":"product_cat","embeddable":true,"href":"https:\/\/uj.adatbank.ro\/lexikon\/wp-json\/wp\/v2\/product_cat?post=6620"},{"taxonomy":"product_tag","embeddable":true,"href":"https:\/\/uj.adatbank.ro\/lexikon\/wp-json\/wp\/v2\/product_tag?post=6620"}],"curies":[{"name":"wp","href":"https:\/\/api.w.org\/{rel}","templated":true}]}}