{"id":6621,"date":"2025-06-28T17:58:52","date_gmt":"2025-06-28T15:58:52","guid":{"rendered":"https:\/\/uj.adatbank.ro\/lexikon\/termek\/deak-jozsef\/"},"modified":"2025-06-28T17:58:52","modified_gmt":"2025-06-28T15:58:52","slug":"deak-jozsef","status":"publish","type":"product","link":"https:\/\/uj.adatbank.ro\/lexikon\/termek\/deak-jozsef\/","title":{"rendered":"DE\u00c1K J\u00f3zsef"},"content":{"rendered":"<p>? \u2020\u00a0? : tan\u00e1r. \u2013 A mv.-i Ref. Koll.-ban tan\u00edtott, k\u00f6nyvt\u00e1ros volt (1859. aug. 16. \u2013 1871. szept. 2.), \u00e9s a Koll. egyh\u00e1zker\u00fcleti p\u00e9nzt\u00e1rnoka. <br \/><strong>Irod.:<\/strong> Koncz 1879; P\u00e1lmay J\u00f3zsef<\/br><\/p>\n","protected":false},"excerpt":{"rendered":"<p>? \u2020\u00a0? : tan\u00e1r. \u2013 A mv.-i Ref. Koll.-ban tan\u00edtott, k\u00f6nyvt\u00e1ros volt (1859. aug. 16. \u2013 1871. szept. 2.), \u00e9s a Koll. egyh\u00e1zker\u00fcleti p\u00e9nzt\u00e1rnoka. Irod.: Koncz 1879; P\u00e1lmay J\u00f3zsef<\/p>\n","protected":false},"featured_media":0,"comment_status":"open","ping_status":"closed","template":"","meta":[],"product_brand":[],"product_cat":[137],"product_tag":[],"class_list":{"0":"post-6621","1":"product","2":"type-product","3":"status-publish","5":"product_cat-maros-megyei-eletrajzi-lexikon","7":"first","8":"instock","9":"shipping-taxable","10":"product-type-simple"},"_links":{"self":[{"href":"https:\/\/uj.adatbank.ro\/lexikon\/wp-json\/wp\/v2\/product\/6621","targetHints":{"allow":["GET"]}}],"collection":[{"href":"https:\/\/uj.adatbank.ro\/lexikon\/wp-json\/wp\/v2\/product"}],"about":[{"href":"https:\/\/uj.adatbank.ro\/lexikon\/wp-json\/wp\/v2\/types\/product"}],"replies":[{"embeddable":true,"href":"https:\/\/uj.adatbank.ro\/lexikon\/wp-json\/wp\/v2\/comments?post=6621"}],"wp:attachment":[{"href":"https:\/\/uj.adatbank.ro\/lexikon\/wp-json\/wp\/v2\/media?parent=6621"}],"wp:term":[{"taxonomy":"product_brand","embeddable":true,"href":"https:\/\/uj.adatbank.ro\/lexikon\/wp-json\/wp\/v2\/product_brand?post=6621"},{"taxonomy":"product_cat","embeddable":true,"href":"https:\/\/uj.adatbank.ro\/lexikon\/wp-json\/wp\/v2\/product_cat?post=6621"},{"taxonomy":"product_tag","embeddable":true,"href":"https:\/\/uj.adatbank.ro\/lexikon\/wp-json\/wp\/v2\/product_tag?post=6621"}],"curies":[{"name":"wp","href":"https:\/\/api.w.org\/{rel}","templated":true}]}}