{"id":6627,"date":"2025-06-28T17:59:05","date_gmt":"2025-06-28T15:59:05","guid":{"rendered":"https:\/\/uj.adatbank.ro\/lexikon\/termek\/deak-lajos\/"},"modified":"2025-06-28T17:59:05","modified_gmt":"2025-06-28T15:59:05","slug":"deak-lajos","status":"publish","type":"product","link":"https:\/\/uj.adatbank.ro\/lexikon\/termek\/deak-lajos\/","title":{"rendered":"DE\u00c1K Lajos"},"content":{"rendered":"<p>Als\u00f3b\u00f6lk\u00e9ny, 1903., \u2020\u00a0? : f\u00f6ldbirtokos. \u2013 Feles\u00e9ge: D\u00f3sa Zsuzs\u00e1nna (1911. m\u00e1j. 22., \u20132011. aug.), az \u00e1llamos\u00edt\u00e1s ut\u00e1n cser\u00e9pgy\u00e1ri munk\u00e1s Mv.-en. \u2013 Tord\u00e1n \u00e9retts\u00e9gizett, majd \u00e9desapja mellett tanulta a gazd\u00e1lkod\u00e1st, akivel k\u00f6z\u00f6sen m\u0171velte 100 holdas birtokukat, \u00e9s 20 holdas erd\u0151birtokukat Als\u00f3b\u00f6lk\u00e9nyben (\u20131938). Gazdas\u00e1ga a kor legmodernebb felszerel\u00e9s\u0171 volt, melyben intenziv, korszer\u0171 \u00e9s belterjes gazd\u00e1lkod\u00e1st folytatott, mintaszer\u0171 tejgazdas\u00e1ga volt. A Gazdak\u00f6r eln\u0151ke (1938\u2013) \u00e9s 4 \u00e9vig a Hangya \u00fcgyvezet\u0151je, a ref. egyh\u00e1z vil\u00e1gi k\u00e9pvisel\u0151je volt. Jelent\u0151s szerepet t\u00f6lt\u00f6tt be a t\u00e1rsadalmi egyes\u00fcletek \u00e9let\u00e9ben. <br \/><strong>Irod.:<\/strong> Sz\u00e9kelyf\u00f6ld \u00ed. k.<\/br><\/p>\n","protected":false},"excerpt":{"rendered":"<p>Als\u00f3b\u00f6lk\u00e9ny, 1903., \u2020\u00a0? : f\u00f6ldbirtokos. \u2013 Feles\u00e9ge: D\u00f3sa Zsuzs\u00e1nna (1911. m\u00e1j. 22., \u20132011. aug.), az \u00e1llamos\u00edt\u00e1s ut\u00e1n cser\u00e9pgy\u00e1ri munk\u00e1s Mv.-en. \u2013 Tord\u00e1n \u00e9retts\u00e9gizett, majd \u00e9desapja mellett tanulta a gazd\u00e1lkod\u00e1st, akivel k\u00f6z\u00f6sen m\u0171velte 100 holdas birtokukat, \u00e9s 20 holdas erd\u0151birtokukat Als\u00f3b\u00f6lk\u00e9nyben (\u20131938). Gazdas\u00e1ga a kor legmodernebb felszerel\u00e9s\u0171 volt, melyben intenziv, korszer\u0171 \u00e9s belterjes gazd\u00e1lkod\u00e1st folytatott, mintaszer\u0171 [&hellip;]<\/p>\n","protected":false},"featured_media":0,"comment_status":"open","ping_status":"closed","template":"","meta":[],"product_brand":[],"product_cat":[137],"product_tag":[],"class_list":{"0":"post-6627","1":"product","2":"type-product","3":"status-publish","5":"product_cat-maros-megyei-eletrajzi-lexikon","7":"first","8":"instock","9":"shipping-taxable","10":"product-type-simple"},"_links":{"self":[{"href":"https:\/\/uj.adatbank.ro\/lexikon\/wp-json\/wp\/v2\/product\/6627","targetHints":{"allow":["GET"]}}],"collection":[{"href":"https:\/\/uj.adatbank.ro\/lexikon\/wp-json\/wp\/v2\/product"}],"about":[{"href":"https:\/\/uj.adatbank.ro\/lexikon\/wp-json\/wp\/v2\/types\/product"}],"replies":[{"embeddable":true,"href":"https:\/\/uj.adatbank.ro\/lexikon\/wp-json\/wp\/v2\/comments?post=6627"}],"wp:attachment":[{"href":"https:\/\/uj.adatbank.ro\/lexikon\/wp-json\/wp\/v2\/media?parent=6627"}],"wp:term":[{"taxonomy":"product_brand","embeddable":true,"href":"https:\/\/uj.adatbank.ro\/lexikon\/wp-json\/wp\/v2\/product_brand?post=6627"},{"taxonomy":"product_cat","embeddable":true,"href":"https:\/\/uj.adatbank.ro\/lexikon\/wp-json\/wp\/v2\/product_cat?post=6627"},{"taxonomy":"product_tag","embeddable":true,"href":"https:\/\/uj.adatbank.ro\/lexikon\/wp-json\/wp\/v2\/product_tag?post=6627"}],"curies":[{"name":"wp","href":"https:\/\/api.w.org\/{rel}","templated":true}]}}