{"id":6634,"date":"2025-06-28T17:59:18","date_gmt":"2025-06-28T15:59:18","guid":{"rendered":"https:\/\/uj.adatbank.ro\/lexikon\/termek\/deaki-filep-janos\/"},"modified":"2025-06-28T17:59:18","modified_gmt":"2025-06-28T15:59:18","slug":"deaki-filep-janos","status":"publish","type":"product","link":"https:\/\/uj.adatbank.ro\/lexikon\/termek\/deaki-filep-janos\/","title":{"rendered":"DE\u00c1KI FILEP J\u00e1nos"},"content":{"rendered":"<p>?\u00a0\u2020\u00a0? : ref. lelk\u00e9sz. \u2013 S\u00e1rospatakon subscrib\u00e1lt (1669). A G\u00f6rg\u00e9nyi ref. egyh\u00e1zmegy\u00e9n\u00e9l volt (1677\u20131722). Nagyercs\u00e9ben (1679), Erd\u0151szentgy\u00f6rgy\u00f6n (1692\u201397), Makfalv\u00e1n (1701\u20131703) volt lelk\u00e9sz. <br \/><strong>Irod.:<\/strong> \u0150sz<\/br><\/p>\n","protected":false},"excerpt":{"rendered":"<p>?\u00a0\u2020\u00a0? : ref. lelk\u00e9sz. \u2013 S\u00e1rospatakon subscrib\u00e1lt (1669). A G\u00f6rg\u00e9nyi ref. egyh\u00e1zmegy\u00e9n\u00e9l volt (1677\u20131722). Nagyercs\u00e9ben (1679), Erd\u0151szentgy\u00f6rgy\u00f6n (1692\u201397), Makfalv\u00e1n (1701\u20131703) volt lelk\u00e9sz. Irod.: \u0150sz<\/p>\n","protected":false},"featured_media":0,"comment_status":"open","ping_status":"closed","template":"","meta":[],"product_brand":[],"product_cat":[137],"product_tag":[],"class_list":{"0":"post-6634","1":"product","2":"type-product","3":"status-publish","5":"product_cat-maros-megyei-eletrajzi-lexikon","7":"first","8":"instock","9":"shipping-taxable","10":"product-type-simple"},"_links":{"self":[{"href":"https:\/\/uj.adatbank.ro\/lexikon\/wp-json\/wp\/v2\/product\/6634","targetHints":{"allow":["GET"]}}],"collection":[{"href":"https:\/\/uj.adatbank.ro\/lexikon\/wp-json\/wp\/v2\/product"}],"about":[{"href":"https:\/\/uj.adatbank.ro\/lexikon\/wp-json\/wp\/v2\/types\/product"}],"replies":[{"embeddable":true,"href":"https:\/\/uj.adatbank.ro\/lexikon\/wp-json\/wp\/v2\/comments?post=6634"}],"wp:attachment":[{"href":"https:\/\/uj.adatbank.ro\/lexikon\/wp-json\/wp\/v2\/media?parent=6634"}],"wp:term":[{"taxonomy":"product_brand","embeddable":true,"href":"https:\/\/uj.adatbank.ro\/lexikon\/wp-json\/wp\/v2\/product_brand?post=6634"},{"taxonomy":"product_cat","embeddable":true,"href":"https:\/\/uj.adatbank.ro\/lexikon\/wp-json\/wp\/v2\/product_cat?post=6634"},{"taxonomy":"product_tag","embeddable":true,"href":"https:\/\/uj.adatbank.ro\/lexikon\/wp-json\/wp\/v2\/product_tag?post=6634"}],"curies":[{"name":"wp","href":"https:\/\/api.w.org\/{rel}","templated":true}]}}