{"id":6637,"date":"2025-06-28T17:59:25","date_gmt":"2025-06-28T15:59:25","guid":{"rendered":"https:\/\/uj.adatbank.ro\/lexikon\/termek\/debitzky-mihaly\/"},"modified":"2025-06-28T17:59:25","modified_gmt":"2025-06-28T15:59:25","slug":"debitzky-mihaly","status":"publish","type":"product","link":"https:\/\/uj.adatbank.ro\/lexikon\/termek\/debitzky-mihaly\/","title":{"rendered":"DEBITZKY Mih\u00e1ly"},"content":{"rendered":"<p>? \u2020\u00a0? : tulajdonos. \u2013 Gy\u00f3gyszert\u00e1r tulajdonos Mv.-en. Jeney Istv\u00e1nt\u00f3l vette meg az \u0150rangyal gy\u00f3gyszert\u00e1rat (1923\u201326). Kezel\u0151je volt Konr\u00e1d K\u00e1lm\u00e1n (1923\u201326. szept.) \u00e9s Kolosv\u00e1ry J\u00f3zsef (1926). A gy\u00f3gyszert\u00e1r a Kolosv\u00e1ry tulajdon\u00e1ba ker\u00fclt (1926\u201336. nov.). <br \/><strong>Irod.:<\/strong> P\u00e9ter H. M. 2013<\/br><\/p>\n","protected":false},"excerpt":{"rendered":"<p>? \u2020\u00a0? : tulajdonos. \u2013 Gy\u00f3gyszert\u00e1r tulajdonos Mv.-en. Jeney Istv\u00e1nt\u00f3l vette meg az \u0150rangyal gy\u00f3gyszert\u00e1rat (1923\u201326). Kezel\u0151je volt Konr\u00e1d K\u00e1lm\u00e1n (1923\u201326. szept.) \u00e9s Kolosv\u00e1ry J\u00f3zsef (1926). A gy\u00f3gyszert\u00e1r a Kolosv\u00e1ry tulajdon\u00e1ba ker\u00fclt (1926\u201336. nov.). Irod.: P\u00e9ter H. M. 2013<\/p>\n","protected":false},"featured_media":0,"comment_status":"open","ping_status":"closed","template":"","meta":[],"product_brand":[],"product_cat":[137],"product_tag":[],"class_list":{"0":"post-6637","1":"product","2":"type-product","3":"status-publish","5":"product_cat-maros-megyei-eletrajzi-lexikon","7":"first","8":"instock","9":"shipping-taxable","10":"product-type-simple"},"_links":{"self":[{"href":"https:\/\/uj.adatbank.ro\/lexikon\/wp-json\/wp\/v2\/product\/6637","targetHints":{"allow":["GET"]}}],"collection":[{"href":"https:\/\/uj.adatbank.ro\/lexikon\/wp-json\/wp\/v2\/product"}],"about":[{"href":"https:\/\/uj.adatbank.ro\/lexikon\/wp-json\/wp\/v2\/types\/product"}],"replies":[{"embeddable":true,"href":"https:\/\/uj.adatbank.ro\/lexikon\/wp-json\/wp\/v2\/comments?post=6637"}],"wp:attachment":[{"href":"https:\/\/uj.adatbank.ro\/lexikon\/wp-json\/wp\/v2\/media?parent=6637"}],"wp:term":[{"taxonomy":"product_brand","embeddable":true,"href":"https:\/\/uj.adatbank.ro\/lexikon\/wp-json\/wp\/v2\/product_brand?post=6637"},{"taxonomy":"product_cat","embeddable":true,"href":"https:\/\/uj.adatbank.ro\/lexikon\/wp-json\/wp\/v2\/product_cat?post=6637"},{"taxonomy":"product_tag","embeddable":true,"href":"https:\/\/uj.adatbank.ro\/lexikon\/wp-json\/wp\/v2\/product_tag?post=6637"}],"curies":[{"name":"wp","href":"https:\/\/api.w.org\/{rel}","templated":true}]}}