{"id":6642,"date":"2025-06-28T17:59:32","date_gmt":"2025-06-28T15:59:32","guid":{"rendered":"https:\/\/uj.adatbank.ro\/lexikon\/termek\/debreczeni-eszter\/"},"modified":"2025-06-28T17:59:32","modified_gmt":"2025-06-28T15:59:32","slug":"debreczeni-eszter","status":"publish","type":"product","link":"https:\/\/uj.adatbank.ro\/lexikon\/termek\/debreczeni-eszter\/","title":{"rendered":"DEBRECZENI Eszter"},"content":{"rendered":"<p>Mv., 1866 \u2020\u00a0? : sz\u00edn\u00e9szn\u0151. \u2013 Ny\u00e9ki J\u00e1nos t\u00e1rsulat\u00e1ban l\u00e9pett el\u0151sz\u00f6r sz\u00ednre (1882). <br \/><strong>Irod.:<\/strong> Sch\u00f6pflin<\/br><\/p>\n","protected":false},"excerpt":{"rendered":"<p>Mv., 1866 \u2020\u00a0? : sz\u00edn\u00e9szn\u0151. \u2013 Ny\u00e9ki J\u00e1nos t\u00e1rsulat\u00e1ban l\u00e9pett el\u0151sz\u00f6r sz\u00ednre (1882). Irod.: Sch\u00f6pflin<\/p>\n","protected":false},"featured_media":0,"comment_status":"open","ping_status":"closed","template":"","meta":[],"product_brand":[],"product_cat":[137],"product_tag":[],"class_list":{"0":"post-6642","1":"product","2":"type-product","3":"status-publish","5":"product_cat-maros-megyei-eletrajzi-lexikon","7":"first","8":"instock","9":"shipping-taxable","10":"product-type-simple"},"_links":{"self":[{"href":"https:\/\/uj.adatbank.ro\/lexikon\/wp-json\/wp\/v2\/product\/6642","targetHints":{"allow":["GET"]}}],"collection":[{"href":"https:\/\/uj.adatbank.ro\/lexikon\/wp-json\/wp\/v2\/product"}],"about":[{"href":"https:\/\/uj.adatbank.ro\/lexikon\/wp-json\/wp\/v2\/types\/product"}],"replies":[{"embeddable":true,"href":"https:\/\/uj.adatbank.ro\/lexikon\/wp-json\/wp\/v2\/comments?post=6642"}],"wp:attachment":[{"href":"https:\/\/uj.adatbank.ro\/lexikon\/wp-json\/wp\/v2\/media?parent=6642"}],"wp:term":[{"taxonomy":"product_brand","embeddable":true,"href":"https:\/\/uj.adatbank.ro\/lexikon\/wp-json\/wp\/v2\/product_brand?post=6642"},{"taxonomy":"product_cat","embeddable":true,"href":"https:\/\/uj.adatbank.ro\/lexikon\/wp-json\/wp\/v2\/product_cat?post=6642"},{"taxonomy":"product_tag","embeddable":true,"href":"https:\/\/uj.adatbank.ro\/lexikon\/wp-json\/wp\/v2\/product_tag?post=6642"}],"curies":[{"name":"wp","href":"https:\/\/api.w.org\/{rel}","templated":true}]}}