{"id":6653,"date":"2025-06-28T17:59:58","date_gmt":"2025-06-28T15:59:58","guid":{"rendered":"https:\/\/uj.adatbank.ro\/lexikon\/termek\/decsei-pal\/"},"modified":"2025-06-28T17:59:58","modified_gmt":"2025-06-28T15:59:58","slug":"decsei-pal","status":"publish","type":"product","link":"https:\/\/uj.adatbank.ro\/lexikon\/termek\/decsei-pal\/","title":{"rendered":"D\u00c9CSEI P\u00e1l"},"content":{"rendered":"<p>1760 \u2020\u00a0Ny\u00e1r\u00e1dmagyar\u00f3s, 1832.: lelk\u00e9sz. \u2013 Feles\u00e9ge: Ungv\u00e1ri Katalin. \u2013 Mint l\u00e9vita Ny\u00e1r\u00e1dmagyar\u00f3son szolg\u00e1lt (1810\u201317); tud\u00f3s tiszteletes (1817\u201332). <br \/><strong>Irod.:<\/strong> Ny\u00e1r\u00e1dmagyar\u00f3s le\u00e1nydombjai<\/br><\/p>\n","protected":false},"excerpt":{"rendered":"<p>1760 \u2020\u00a0Ny\u00e1r\u00e1dmagyar\u00f3s, 1832.: lelk\u00e9sz. \u2013 Feles\u00e9ge: Ungv\u00e1ri Katalin. \u2013 Mint l\u00e9vita Ny\u00e1r\u00e1dmagyar\u00f3son szolg\u00e1lt (1810\u201317); tud\u00f3s tiszteletes (1817\u201332). Irod.: Ny\u00e1r\u00e1dmagyar\u00f3s le\u00e1nydombjai<\/p>\n","protected":false},"featured_media":0,"comment_status":"open","ping_status":"closed","template":"","meta":[],"product_brand":[],"product_cat":[137],"product_tag":[],"class_list":{"0":"post-6653","1":"product","2":"type-product","3":"status-publish","5":"product_cat-maros-megyei-eletrajzi-lexikon","7":"first","8":"instock","9":"shipping-taxable","10":"product-type-simple"},"_links":{"self":[{"href":"https:\/\/uj.adatbank.ro\/lexikon\/wp-json\/wp\/v2\/product\/6653","targetHints":{"allow":["GET"]}}],"collection":[{"href":"https:\/\/uj.adatbank.ro\/lexikon\/wp-json\/wp\/v2\/product"}],"about":[{"href":"https:\/\/uj.adatbank.ro\/lexikon\/wp-json\/wp\/v2\/types\/product"}],"replies":[{"embeddable":true,"href":"https:\/\/uj.adatbank.ro\/lexikon\/wp-json\/wp\/v2\/comments?post=6653"}],"wp:attachment":[{"href":"https:\/\/uj.adatbank.ro\/lexikon\/wp-json\/wp\/v2\/media?parent=6653"}],"wp:term":[{"taxonomy":"product_brand","embeddable":true,"href":"https:\/\/uj.adatbank.ro\/lexikon\/wp-json\/wp\/v2\/product_brand?post=6653"},{"taxonomy":"product_cat","embeddable":true,"href":"https:\/\/uj.adatbank.ro\/lexikon\/wp-json\/wp\/v2\/product_cat?post=6653"},{"taxonomy":"product_tag","embeddable":true,"href":"https:\/\/uj.adatbank.ro\/lexikon\/wp-json\/wp\/v2\/product_tag?post=6653"}],"curies":[{"name":"wp","href":"https:\/\/api.w.org\/{rel}","templated":true}]}}