{"id":6655,"date":"2025-06-28T18:00:02","date_gmt":"2025-06-28T16:00:02","guid":{"rendered":"https:\/\/uj.adatbank.ro\/lexikon\/termek\/decsei-peter\/"},"modified":"2025-06-28T18:00:02","modified_gmt":"2025-06-28T16:00:02","slug":"decsei-peter","status":"publish","type":"product","link":"https:\/\/uj.adatbank.ro\/lexikon\/termek\/decsei-peter\/","title":{"rendered":"D\u00c9CSEI P\u00e9ter"},"content":{"rendered":"<p>Dics\u0151szentm\u00e1rton, 1829. jan. 17., \u2020\u00a01912. m\u00e1rc. 25.: r. k. pap. \u2013 Gimn. -ot Nagyszebenben, teol\u00f3gi\u00e1t Gyulafeh\u00e9rv\u00e1ron v\u00e9gezte. Papp\u00e1 szentelt\u00e9k (1852. aug. 24.). Gimn.-i tan\u00e1r Nagyszebenben. Segesv\u00e1ron lelk\u00e9sz (1862 v. 1868?), tb. f\u0151esperes (1882), majd Beszterc\u00e9n pl\u00e9b\u00e1nos (1882\u20131906). <br \/><strong>Irod.:<\/strong> Ferenczi S\u00e1ndor 2009<\/br><\/p>\n","protected":false},"excerpt":{"rendered":"<p>Dics\u0151szentm\u00e1rton, 1829. jan. 17., \u2020\u00a01912. m\u00e1rc. 25.: r. k. pap. \u2013 Gimn. -ot Nagyszebenben, teol\u00f3gi\u00e1t Gyulafeh\u00e9rv\u00e1ron v\u00e9gezte. Papp\u00e1 szentelt\u00e9k (1852. aug. 24.). Gimn.-i tan\u00e1r Nagyszebenben. Segesv\u00e1ron lelk\u00e9sz (1862 v. 1868?), tb. f\u0151esperes (1882), majd Beszterc\u00e9n pl\u00e9b\u00e1nos (1882\u20131906). Irod.: Ferenczi S\u00e1ndor 2009<\/p>\n","protected":false},"featured_media":0,"comment_status":"open","ping_status":"closed","template":"","meta":[],"product_brand":[],"product_cat":[137],"product_tag":[],"class_list":{"0":"post-6655","1":"product","2":"type-product","3":"status-publish","5":"product_cat-maros-megyei-eletrajzi-lexikon","7":"first","8":"instock","9":"shipping-taxable","10":"product-type-simple"},"_links":{"self":[{"href":"https:\/\/uj.adatbank.ro\/lexikon\/wp-json\/wp\/v2\/product\/6655","targetHints":{"allow":["GET"]}}],"collection":[{"href":"https:\/\/uj.adatbank.ro\/lexikon\/wp-json\/wp\/v2\/product"}],"about":[{"href":"https:\/\/uj.adatbank.ro\/lexikon\/wp-json\/wp\/v2\/types\/product"}],"replies":[{"embeddable":true,"href":"https:\/\/uj.adatbank.ro\/lexikon\/wp-json\/wp\/v2\/comments?post=6655"}],"wp:attachment":[{"href":"https:\/\/uj.adatbank.ro\/lexikon\/wp-json\/wp\/v2\/media?parent=6655"}],"wp:term":[{"taxonomy":"product_brand","embeddable":true,"href":"https:\/\/uj.adatbank.ro\/lexikon\/wp-json\/wp\/v2\/product_brand?post=6655"},{"taxonomy":"product_cat","embeddable":true,"href":"https:\/\/uj.adatbank.ro\/lexikon\/wp-json\/wp\/v2\/product_cat?post=6655"},{"taxonomy":"product_tag","embeddable":true,"href":"https:\/\/uj.adatbank.ro\/lexikon\/wp-json\/wp\/v2\/product_tag?post=6655"}],"curies":[{"name":"wp","href":"https:\/\/api.w.org\/{rel}","templated":true}]}}