{"id":6656,"date":"2025-06-28T18:00:04","date_gmt":"2025-06-28T16:00:04","guid":{"rendered":"https:\/\/uj.adatbank.ro\/lexikon\/termek\/decsey-ede\/"},"modified":"2025-06-28T18:00:04","modified_gmt":"2025-06-28T16:00:04","slug":"decsey-ede","status":"publish","type":"product","link":"https:\/\/uj.adatbank.ro\/lexikon\/termek\/decsey-ede\/","title":{"rendered":"D\u00c9CSEY Ede"},"content":{"rendered":"<p>? \u2020\u00a0? : f\u00e9nyk\u00e9p\u00e9sz. \u2013 Kv.-r\u00f3l \u00e9rkezett Mv.-re (1864. m\u00e1j.), val\u00f3sz\u00edn\u0171 m\u0171terme volt itt. <br \/><strong>Irod.:<\/strong> Mikl\u00f3si-Sikes; T\u00f6r\u00f6k G\u00e1sp\u00e1r: Visszapillant\u00e1s a fot\u00f3m\u0171v\u00e9szet v\u00e1s\u00e1rhelyi el\u0151zm\u00e9nyeire (N\u00fa., M\u00fazsa, 302. sz., 1997. j\u00fal. 11.)<\/br><\/p>\n","protected":false},"excerpt":{"rendered":"<p>? \u2020\u00a0? : f\u00e9nyk\u00e9p\u00e9sz. \u2013 Kv.-r\u00f3l \u00e9rkezett Mv.-re (1864. m\u00e1j.), val\u00f3sz\u00edn\u0171 m\u0171terme volt itt. Irod.: Mikl\u00f3si-Sikes; T\u00f6r\u00f6k G\u00e1sp\u00e1r: Visszapillant\u00e1s a fot\u00f3m\u0171v\u00e9szet v\u00e1s\u00e1rhelyi el\u0151zm\u00e9nyeire (N\u00fa., M\u00fazsa, 302. sz., 1997. j\u00fal. 11.)<\/p>\n","protected":false},"featured_media":0,"comment_status":"open","ping_status":"closed","template":"","meta":[],"product_brand":[],"product_cat":[137],"product_tag":[],"class_list":{"0":"post-6656","1":"product","2":"type-product","3":"status-publish","5":"product_cat-maros-megyei-eletrajzi-lexikon","7":"first","8":"instock","9":"shipping-taxable","10":"product-type-simple"},"_links":{"self":[{"href":"https:\/\/uj.adatbank.ro\/lexikon\/wp-json\/wp\/v2\/product\/6656","targetHints":{"allow":["GET"]}}],"collection":[{"href":"https:\/\/uj.adatbank.ro\/lexikon\/wp-json\/wp\/v2\/product"}],"about":[{"href":"https:\/\/uj.adatbank.ro\/lexikon\/wp-json\/wp\/v2\/types\/product"}],"replies":[{"embeddable":true,"href":"https:\/\/uj.adatbank.ro\/lexikon\/wp-json\/wp\/v2\/comments?post=6656"}],"wp:attachment":[{"href":"https:\/\/uj.adatbank.ro\/lexikon\/wp-json\/wp\/v2\/media?parent=6656"}],"wp:term":[{"taxonomy":"product_brand","embeddable":true,"href":"https:\/\/uj.adatbank.ro\/lexikon\/wp-json\/wp\/v2\/product_brand?post=6656"},{"taxonomy":"product_cat","embeddable":true,"href":"https:\/\/uj.adatbank.ro\/lexikon\/wp-json\/wp\/v2\/product_cat?post=6656"},{"taxonomy":"product_tag","embeddable":true,"href":"https:\/\/uj.adatbank.ro\/lexikon\/wp-json\/wp\/v2\/product_tag?post=6656"}],"curies":[{"name":"wp","href":"https:\/\/api.w.org\/{rel}","templated":true}]}}