{"id":6658,"date":"2025-06-28T18:00:11","date_gmt":"2025-06-28T16:00:11","guid":{"rendered":"https:\/\/uj.adatbank.ro\/lexikon\/termek\/decsi-decius-daniel-baranyai\/"},"modified":"2025-06-28T18:00:11","modified_gmt":"2025-06-28T16:00:11","slug":"decsi-decius-daniel-baranyai","status":"publish","type":"product","link":"https:\/\/uj.adatbank.ro\/lexikon\/termek\/decsi-decius-daniel-baranyai\/","title":{"rendered":"DECSI (Decius) D\u00e1niel, baranyai"},"content":{"rendered":"<p>? \u2020\u00a0?: jegyz\u0151. \u2013 Polg\u00e1rjogot nyert. Mv.-en jegyz\u0151 (1604\u201306) Borsos Tam\u00e1s f\u0151b\u00edr\u00f3 mellett Mv. t\u00f6rv\u00e9nyk\u00f6nyv\u00e9nek a Leges seu Decreta oppidi Szekeli Vasarhelii (1604) al\u00e1\u00edr\u00f3ja. <br \/><strong>Irod.:<\/strong> P\u00e1l-Antal 2006<\/br><\/p>\n","protected":false},"excerpt":{"rendered":"<p>? \u2020\u00a0?: jegyz\u0151. \u2013 Polg\u00e1rjogot nyert. Mv.-en jegyz\u0151 (1604\u201306) Borsos Tam\u00e1s f\u0151b\u00edr\u00f3 mellett Mv. t\u00f6rv\u00e9nyk\u00f6nyv\u00e9nek a Leges seu Decreta oppidi Szekeli Vasarhelii (1604) al\u00e1\u00edr\u00f3ja. Irod.: P\u00e1l-Antal 2006<\/p>\n","protected":false},"featured_media":0,"comment_status":"open","ping_status":"closed","template":"","meta":[],"product_brand":[],"product_cat":[137],"product_tag":[],"class_list":{"0":"post-6658","1":"product","2":"type-product","3":"status-publish","5":"product_cat-maros-megyei-eletrajzi-lexikon","7":"first","8":"instock","9":"shipping-taxable","10":"product-type-simple"},"_links":{"self":[{"href":"https:\/\/uj.adatbank.ro\/lexikon\/wp-json\/wp\/v2\/product\/6658","targetHints":{"allow":["GET"]}}],"collection":[{"href":"https:\/\/uj.adatbank.ro\/lexikon\/wp-json\/wp\/v2\/product"}],"about":[{"href":"https:\/\/uj.adatbank.ro\/lexikon\/wp-json\/wp\/v2\/types\/product"}],"replies":[{"embeddable":true,"href":"https:\/\/uj.adatbank.ro\/lexikon\/wp-json\/wp\/v2\/comments?post=6658"}],"wp:attachment":[{"href":"https:\/\/uj.adatbank.ro\/lexikon\/wp-json\/wp\/v2\/media?parent=6658"}],"wp:term":[{"taxonomy":"product_brand","embeddable":true,"href":"https:\/\/uj.adatbank.ro\/lexikon\/wp-json\/wp\/v2\/product_brand?post=6658"},{"taxonomy":"product_cat","embeddable":true,"href":"https:\/\/uj.adatbank.ro\/lexikon\/wp-json\/wp\/v2\/product_cat?post=6658"},{"taxonomy":"product_tag","embeddable":true,"href":"https:\/\/uj.adatbank.ro\/lexikon\/wp-json\/wp\/v2\/product_tag?post=6658"}],"curies":[{"name":"wp","href":"https:\/\/api.w.org\/{rel}","templated":true}]}}