{"id":6661,"date":"2025-06-28T18:00:16","date_gmt":"2025-06-28T16:00:16","guid":{"rendered":"https:\/\/uj.adatbank.ro\/lexikon\/termek\/dee-andras-ifj\/"},"modified":"2025-06-28T18:00:16","modified_gmt":"2025-06-28T16:00:16","slug":"dee-andras-ifj","status":"publish","type":"product","link":"https:\/\/uj.adatbank.ro\/lexikon\/termek\/dee-andras-ifj\/","title":{"rendered":"DE\u00c9 Andr\u00e1s, ifj."},"content":{"rendered":"<p>Mv., 1901., \u2020\u00a0Mv., 1998: gazd\u00e1lkod\u00f3. \u2013 Sz\u00e9kely nemesi csal\u00e1d lesz\u00e1rmazottja. Feles\u00e9ge: D\u00f3sa M\u00e1ria. Iskol\u00e1it sz\u00fcl\u0151v\u00e1ros\u00e1ban v\u00e9gezte, majd \u00e9desapja ir\u00e1ny\u00edt\u00e1sa mellett tanulta a gazd\u00e1lkod\u00e1st, \u00f6n\u00e1ll\u00f3 lett (1932\u2013). Magyars\u00e1ga miatt k\u00e9nyszermunkat\u00e1borba vitt\u00e9k. A ref. egyh\u00e1z k\u00e9pvisel\u0151test\u00fclet\u00e9nek \u00e9s a Gazdak\u00f6r vezet\u0151s\u00e9g\u00e9nek tagja. <br \/><strong>Irod.:<\/strong> Sz\u00e9kelyf\u00f6ld \u00ed. k.<\/br><\/p>\n","protected":false},"excerpt":{"rendered":"<p>Mv., 1901., \u2020\u00a0Mv., 1998: gazd\u00e1lkod\u00f3. \u2013 Sz\u00e9kely nemesi csal\u00e1d lesz\u00e1rmazottja. Feles\u00e9ge: D\u00f3sa M\u00e1ria. Iskol\u00e1it sz\u00fcl\u0151v\u00e1ros\u00e1ban v\u00e9gezte, majd \u00e9desapja ir\u00e1ny\u00edt\u00e1sa mellett tanulta a gazd\u00e1lkod\u00e1st, \u00f6n\u00e1ll\u00f3 lett (1932\u2013). Magyars\u00e1ga miatt k\u00e9nyszermunkat\u00e1borba vitt\u00e9k. A ref. egyh\u00e1z k\u00e9pvisel\u0151test\u00fclet\u00e9nek \u00e9s a Gazdak\u00f6r vezet\u0151s\u00e9g\u00e9nek tagja. Irod.: Sz\u00e9kelyf\u00f6ld \u00ed. k.<\/p>\n","protected":false},"featured_media":0,"comment_status":"open","ping_status":"closed","template":"","meta":[],"product_brand":[],"product_cat":[137],"product_tag":[],"class_list":{"0":"post-6661","1":"product","2":"type-product","3":"status-publish","5":"product_cat-maros-megyei-eletrajzi-lexikon","7":"first","8":"instock","9":"shipping-taxable","10":"product-type-simple"},"_links":{"self":[{"href":"https:\/\/uj.adatbank.ro\/lexikon\/wp-json\/wp\/v2\/product\/6661","targetHints":{"allow":["GET"]}}],"collection":[{"href":"https:\/\/uj.adatbank.ro\/lexikon\/wp-json\/wp\/v2\/product"}],"about":[{"href":"https:\/\/uj.adatbank.ro\/lexikon\/wp-json\/wp\/v2\/types\/product"}],"replies":[{"embeddable":true,"href":"https:\/\/uj.adatbank.ro\/lexikon\/wp-json\/wp\/v2\/comments?post=6661"}],"wp:attachment":[{"href":"https:\/\/uj.adatbank.ro\/lexikon\/wp-json\/wp\/v2\/media?parent=6661"}],"wp:term":[{"taxonomy":"product_brand","embeddable":true,"href":"https:\/\/uj.adatbank.ro\/lexikon\/wp-json\/wp\/v2\/product_brand?post=6661"},{"taxonomy":"product_cat","embeddable":true,"href":"https:\/\/uj.adatbank.ro\/lexikon\/wp-json\/wp\/v2\/product_cat?post=6661"},{"taxonomy":"product_tag","embeddable":true,"href":"https:\/\/uj.adatbank.ro\/lexikon\/wp-json\/wp\/v2\/product_tag?post=6661"}],"curies":[{"name":"wp","href":"https:\/\/api.w.org\/{rel}","templated":true}]}}