{"id":6662,"date":"2025-06-28T18:00:19","date_gmt":"2025-06-28T16:00:19","guid":{"rendered":"https:\/\/uj.adatbank.ro\/lexikon\/termek\/deer-felix-egervari-e-deer-felix\/"},"modified":"2025-06-28T18:00:19","modified_gmt":"2025-06-28T16:00:19","slug":"deer-felix-egervari-e-deer-felix","status":"publish","type":"product","link":"https:\/\/uj.adatbank.ro\/lexikon\/termek\/deer-felix-egervari-e-deer-felix\/","title":{"rendered":"DE\u00c9R F\u00e9lix, egerv\u00e1ri, E. De\u00e9r F\u00e9lix"},"content":{"rendered":"<p>Mv., 1867, \u2020\u00a01938\u201341?: keresked\u0151- iparos. \u2013 D. Venczel \u00e9s Horv\u00e1th \u00c1gnes fia. Feles\u00e9ge: Rizoli Angela (1875-?). Fiaik: Ern\u0151, Elem\u00e9r, Jen\u0151, Mih\u00e1ly. \u2013 Mv.-en volt \u00f6rm\u00e9ny keresked\u0151, majd a gyergy\u00f3i \u00e9s felcsiki k\u00f6rzetben tev\u00e9kenykedett. <br \/><strong>Irod.:<\/strong> Sz\u00e1va 2012<\/br><\/p>\n","protected":false},"excerpt":{"rendered":"<p>Mv., 1867, \u2020\u00a01938\u201341?: keresked\u0151- iparos. \u2013 D. Venczel \u00e9s Horv\u00e1th \u00c1gnes fia. Feles\u00e9ge: Rizoli Angela (1875-?). Fiaik: Ern\u0151, Elem\u00e9r, Jen\u0151, Mih\u00e1ly. \u2013 Mv.-en volt \u00f6rm\u00e9ny keresked\u0151, majd a gyergy\u00f3i \u00e9s felcsiki k\u00f6rzetben tev\u00e9kenykedett. Irod.: Sz\u00e1va 2012<\/p>\n","protected":false},"featured_media":0,"comment_status":"open","ping_status":"closed","template":"","meta":[],"product_brand":[],"product_cat":[137],"product_tag":[],"class_list":{"0":"post-6662","1":"product","2":"type-product","3":"status-publish","5":"product_cat-maros-megyei-eletrajzi-lexikon","7":"first","8":"instock","9":"shipping-taxable","10":"product-type-simple"},"_links":{"self":[{"href":"https:\/\/uj.adatbank.ro\/lexikon\/wp-json\/wp\/v2\/product\/6662","targetHints":{"allow":["GET"]}}],"collection":[{"href":"https:\/\/uj.adatbank.ro\/lexikon\/wp-json\/wp\/v2\/product"}],"about":[{"href":"https:\/\/uj.adatbank.ro\/lexikon\/wp-json\/wp\/v2\/types\/product"}],"replies":[{"embeddable":true,"href":"https:\/\/uj.adatbank.ro\/lexikon\/wp-json\/wp\/v2\/comments?post=6662"}],"wp:attachment":[{"href":"https:\/\/uj.adatbank.ro\/lexikon\/wp-json\/wp\/v2\/media?parent=6662"}],"wp:term":[{"taxonomy":"product_brand","embeddable":true,"href":"https:\/\/uj.adatbank.ro\/lexikon\/wp-json\/wp\/v2\/product_brand?post=6662"},{"taxonomy":"product_cat","embeddable":true,"href":"https:\/\/uj.adatbank.ro\/lexikon\/wp-json\/wp\/v2\/product_cat?post=6662"},{"taxonomy":"product_tag","embeddable":true,"href":"https:\/\/uj.adatbank.ro\/lexikon\/wp-json\/wp\/v2\/product_tag?post=6662"}],"curies":[{"name":"wp","href":"https:\/\/api.w.org\/{rel}","templated":true}]}}