{"id":6664,"date":"2025-06-28T18:00:23","date_gmt":"2025-06-28T16:00:23","guid":{"rendered":"https:\/\/uj.adatbank.ro\/lexikon\/termek\/deer-kalman-egervari-e-deer-kalman\/"},"modified":"2025-06-28T18:00:23","modified_gmt":"2025-06-28T16:00:23","slug":"deer-kalman-egervari-e-deer-kalman","status":"publish","type":"product","link":"https:\/\/uj.adatbank.ro\/lexikon\/termek\/deer-kalman-egervari-e-deer-kalman\/","title":{"rendered":"DE\u00c9R K\u00e1lm\u00e1n, egerv\u00e1ri, E. De\u00e9r K\u00e1lm\u00e1n"},"content":{"rendered":"<p>Mv., 1868, \u2020\u00a01932. dec. 22.: bankigazgat\u00f3. \u2013 D. Venczel \u00e9s Horv\u00e1th \u00c1gnes fia. Feles\u00e9ge: Lengyel Katalin (1875-?). Gyermekeik: Ladiszla \/Lad\u00f3 (1899-?); Gizella (1902-?) Mend\u00e9n\u00e9, sz\u00edn\u00e9sz le\u00e1nyaik: Gabi Tompa Mik\u00f3sn\u00e9 \u00e9s Judit Szab\u00f3n\u00e9; K\u00e1lm\u00e1n (1905\u20131978), gy\u00f3gyszer\u00e9sz dr. \u2013 Gyergy\u00f3szentmikl\u00f3son volt bankigazgat\u00f3 (1910 k). Mv.-en lakott (N. Iorga u. 3.). &#8211;<br \/><strong>Irod.:<\/strong> Sz\u00e1va 2012<\/br><\/p>\n","protected":false},"excerpt":{"rendered":"<p>Mv., 1868, \u2020\u00a01932. dec. 22.: bankigazgat\u00f3. \u2013 D. Venczel \u00e9s Horv\u00e1th \u00c1gnes fia. Feles\u00e9ge: Lengyel Katalin (1875-?). Gyermekeik: Ladiszla \/Lad\u00f3 (1899-?); Gizella (1902-?) Mend\u00e9n\u00e9, sz\u00edn\u00e9sz le\u00e1nyaik: Gabi Tompa Mik\u00f3sn\u00e9 \u00e9s Judit Szab\u00f3n\u00e9; K\u00e1lm\u00e1n (1905\u20131978), gy\u00f3gyszer\u00e9sz dr. \u2013 Gyergy\u00f3szentmikl\u00f3son volt bankigazgat\u00f3 (1910 k). Mv.-en lakott (N. Iorga u. 3.). &#8211;Irod.: Sz\u00e1va 2012<\/p>\n","protected":false},"featured_media":0,"comment_status":"open","ping_status":"closed","template":"","meta":[],"product_brand":[],"product_cat":[137],"product_tag":[],"class_list":{"0":"post-6664","1":"product","2":"type-product","3":"status-publish","5":"product_cat-maros-megyei-eletrajzi-lexikon","7":"first","8":"instock","9":"shipping-taxable","10":"product-type-simple"},"_links":{"self":[{"href":"https:\/\/uj.adatbank.ro\/lexikon\/wp-json\/wp\/v2\/product\/6664","targetHints":{"allow":["GET"]}}],"collection":[{"href":"https:\/\/uj.adatbank.ro\/lexikon\/wp-json\/wp\/v2\/product"}],"about":[{"href":"https:\/\/uj.adatbank.ro\/lexikon\/wp-json\/wp\/v2\/types\/product"}],"replies":[{"embeddable":true,"href":"https:\/\/uj.adatbank.ro\/lexikon\/wp-json\/wp\/v2\/comments?post=6664"}],"wp:attachment":[{"href":"https:\/\/uj.adatbank.ro\/lexikon\/wp-json\/wp\/v2\/media?parent=6664"}],"wp:term":[{"taxonomy":"product_brand","embeddable":true,"href":"https:\/\/uj.adatbank.ro\/lexikon\/wp-json\/wp\/v2\/product_brand?post=6664"},{"taxonomy":"product_cat","embeddable":true,"href":"https:\/\/uj.adatbank.ro\/lexikon\/wp-json\/wp\/v2\/product_cat?post=6664"},{"taxonomy":"product_tag","embeddable":true,"href":"https:\/\/uj.adatbank.ro\/lexikon\/wp-json\/wp\/v2\/product_tag?post=6664"}],"curies":[{"name":"wp","href":"https:\/\/api.w.org\/{rel}","templated":true}]}}