{"id":6666,"date":"2025-06-28T18:00:26","date_gmt":"2025-06-28T16:00:26","guid":{"rendered":"https:\/\/uj.adatbank.ro\/lexikon\/termek\/deesi-farkas\/"},"modified":"2025-06-28T18:00:26","modified_gmt":"2025-06-28T16:00:26","slug":"deesi-farkas","status":"publish","type":"product","link":"https:\/\/uj.adatbank.ro\/lexikon\/termek\/deesi-farkas\/","title":{"rendered":"DE\u00c9SI Farkas"},"content":{"rendered":"<p>1827.? \u2020\u00a0Mv., 1885. nov. 9\u00a0: b\u00edr\u00f3. \u2013 Feles\u00e9ge: Antal Corn\u00e9lia \/ Nelli, Antal L\u00e1szl\u00f3 orvos le\u00e1nya. Gyermekeik: Farkas, Istv\u00e1n, G\u00e9za \u00e9s Ilona \u2013 Kir. it\u00e9l\u0151t\u00e1blai rendes b\u00edr\u00f3. <br \/><strong>Irod.:<\/strong> D. F. eml\u00e9kezete ([Nekrol\u00f3g] (Marosvid\u00e9k, 1885. nov. 19.); Dr. Antal L\u00e1szl\u00f3 meghalt\u00a0! (Maros-Vid\u00e9k, 1885. jan. 1.); Gy\u00e1szjelent\u0151<\/br><\/p>\n","protected":false},"excerpt":{"rendered":"<p>1827.? \u2020\u00a0Mv., 1885. nov. 9\u00a0: b\u00edr\u00f3. \u2013 Feles\u00e9ge: Antal Corn\u00e9lia \/ Nelli, Antal L\u00e1szl\u00f3 orvos le\u00e1nya. Gyermekeik: Farkas, Istv\u00e1n, G\u00e9za \u00e9s Ilona \u2013 Kir. it\u00e9l\u0151t\u00e1blai rendes b\u00edr\u00f3. Irod.: D. F. eml\u00e9kezete ([Nekrol\u00f3g] (Marosvid\u00e9k, 1885. nov. 19.); Dr. Antal L\u00e1szl\u00f3 meghalt\u00a0! (Maros-Vid\u00e9k, 1885. jan. 1.); Gy\u00e1szjelent\u0151<\/p>\n","protected":false},"featured_media":0,"comment_status":"open","ping_status":"closed","template":"","meta":[],"product_brand":[],"product_cat":[137],"product_tag":[],"class_list":{"0":"post-6666","1":"product","2":"type-product","3":"status-publish","5":"product_cat-maros-megyei-eletrajzi-lexikon","7":"first","8":"instock","9":"shipping-taxable","10":"product-type-simple"},"_links":{"self":[{"href":"https:\/\/uj.adatbank.ro\/lexikon\/wp-json\/wp\/v2\/product\/6666","targetHints":{"allow":["GET"]}}],"collection":[{"href":"https:\/\/uj.adatbank.ro\/lexikon\/wp-json\/wp\/v2\/product"}],"about":[{"href":"https:\/\/uj.adatbank.ro\/lexikon\/wp-json\/wp\/v2\/types\/product"}],"replies":[{"embeddable":true,"href":"https:\/\/uj.adatbank.ro\/lexikon\/wp-json\/wp\/v2\/comments?post=6666"}],"wp:attachment":[{"href":"https:\/\/uj.adatbank.ro\/lexikon\/wp-json\/wp\/v2\/media?parent=6666"}],"wp:term":[{"taxonomy":"product_brand","embeddable":true,"href":"https:\/\/uj.adatbank.ro\/lexikon\/wp-json\/wp\/v2\/product_brand?post=6666"},{"taxonomy":"product_cat","embeddable":true,"href":"https:\/\/uj.adatbank.ro\/lexikon\/wp-json\/wp\/v2\/product_cat?post=6666"},{"taxonomy":"product_tag","embeddable":true,"href":"https:\/\/uj.adatbank.ro\/lexikon\/wp-json\/wp\/v2\/product_tag?post=6666"}],"curies":[{"name":"wp","href":"https:\/\/api.w.org\/{rel}","templated":true}]}}