{"id":6669,"date":"2025-06-28T18:00:36","date_gmt":"2025-06-28T16:00:36","guid":{"rendered":"https:\/\/uj.adatbank.ro\/lexikon\/termek\/degenfeld-schonburg-ilona-margit-olga-katalin-ludovika-gr-beldi-gyorgyne-bruno-karoly\/"},"modified":"2025-06-28T18:00:36","modified_gmt":"2025-06-28T16:00:36","slug":"degenfeld-schonburg-ilona-margit-olga-katalin-ludovika-gr-beldi-gyorgyne-bruno-karoly","status":"publish","type":"product","link":"https:\/\/uj.adatbank.ro\/lexikon\/termek\/degenfeld-schonburg-ilona-margit-olga-katalin-ludovika-gr-beldi-gyorgyne-bruno-karoly\/","title":{"rendered":"DEGENFELD-SCHONBURG Ilona Margit Olga Katalin Ludovika, gr., B\u00e9ldi Gy\u00f6rgyn\u00e9, Bruno K\u00e1roly"},"content":{"rendered":"<p>Kutyfalva, 1912. szept. 10., \u2020 Majna-Frankfurt, 2005. m\u00e1rc. 13. \u2013 Krist\u00f3f Ott\u00f3 Imre Lajos (1881\u20131947) \u00e9s Gerliczy Margit (1886\u20131967) l\u00e1nya. F\u00e9rje: 1. Uzoni B\u00e9ldi Gy\u00f6rgy (esk. Kutyfalva, 1936. m\u00e1rc.) (\u2020Altenbeuern, 1946. j\u00fal. 13.); 2. f\u00e9rje Bruno K\u00e1roly (Frankfurt, 1905-Frankfurt, 1991). Esk.: Frankfurt am Main, (1948). Birtokai voltak Kutyfalva, P\u00e9terlaka \u00e9s D\u00e1tos k\u00f6rny\u00e9k\u00e9n. <br \/><strong>Irod.:<\/strong> Castellum \u00c9rtes\u00edt\u0151, 15\/1. sz., 2005.; Fekete; Gudenus; Mv. Molter; Ol\u00e1h-G\u00e1l Elvira interj\u00faja gr. Degenfeld-Schonburg Istv\u00e1nnal (Sz\u00e9kelyf\u00f6ld, 2. sz., 2015)<\/br><\/p>\n","protected":false},"excerpt":{"rendered":"<p>Kutyfalva, 1912. szept. 10., \u2020 Majna-Frankfurt, 2005. m\u00e1rc. 13. \u2013 Krist\u00f3f Ott\u00f3 Imre Lajos (1881\u20131947) \u00e9s Gerliczy Margit (1886\u20131967) l\u00e1nya. F\u00e9rje: 1. Uzoni B\u00e9ldi Gy\u00f6rgy (esk. Kutyfalva, 1936. m\u00e1rc.) (\u2020Altenbeuern, 1946. j\u00fal. 13.); 2. f\u00e9rje Bruno K\u00e1roly (Frankfurt, 1905-Frankfurt, 1991). Esk.: Frankfurt am Main, (1948). Birtokai voltak Kutyfalva, P\u00e9terlaka \u00e9s D\u00e1tos k\u00f6rny\u00e9k\u00e9n. Irod.: Castellum \u00c9rtes\u00edt\u0151, [&hellip;]<\/p>\n","protected":false},"featured_media":0,"comment_status":"open","ping_status":"closed","template":"","meta":[],"product_brand":[],"product_cat":[137],"product_tag":[],"class_list":{"0":"post-6669","1":"product","2":"type-product","3":"status-publish","5":"product_cat-maros-megyei-eletrajzi-lexikon","7":"first","8":"instock","9":"shipping-taxable","10":"product-type-simple"},"_links":{"self":[{"href":"https:\/\/uj.adatbank.ro\/lexikon\/wp-json\/wp\/v2\/product\/6669","targetHints":{"allow":["GET"]}}],"collection":[{"href":"https:\/\/uj.adatbank.ro\/lexikon\/wp-json\/wp\/v2\/product"}],"about":[{"href":"https:\/\/uj.adatbank.ro\/lexikon\/wp-json\/wp\/v2\/types\/product"}],"replies":[{"embeddable":true,"href":"https:\/\/uj.adatbank.ro\/lexikon\/wp-json\/wp\/v2\/comments?post=6669"}],"wp:attachment":[{"href":"https:\/\/uj.adatbank.ro\/lexikon\/wp-json\/wp\/v2\/media?parent=6669"}],"wp:term":[{"taxonomy":"product_brand","embeddable":true,"href":"https:\/\/uj.adatbank.ro\/lexikon\/wp-json\/wp\/v2\/product_brand?post=6669"},{"taxonomy":"product_cat","embeddable":true,"href":"https:\/\/uj.adatbank.ro\/lexikon\/wp-json\/wp\/v2\/product_cat?post=6669"},{"taxonomy":"product_tag","embeddable":true,"href":"https:\/\/uj.adatbank.ro\/lexikon\/wp-json\/wp\/v2\/product_tag?post=6669"}],"curies":[{"name":"wp","href":"https:\/\/api.w.org\/{rel}","templated":true}]}}