{"id":6674,"date":"2025-06-28T18:00:44","date_gmt":"2025-06-28T16:00:44","guid":{"rendered":"https:\/\/uj.adatbank.ro\/lexikon\/termek\/degenfeld-schonburg-otto-gr-degenfeld-otto\/"},"modified":"2025-06-28T18:00:44","modified_gmt":"2025-06-28T16:00:44","slug":"degenfeld-schonburg-otto-gr-degenfeld-otto","status":"publish","type":"product","link":"https:\/\/uj.adatbank.ro\/lexikon\/termek\/degenfeld-schonburg-otto-gr-degenfeld-otto\/","title":{"rendered":"DEGENFELD-SCHONBURG Ott\u00f3, gr., Degenfeld Ott\u00f3"},"content":{"rendered":"<p>1801 \u2020\u00a0? : f\u00f6ldbirtokos. \u2013 Feles\u00e9ge: Teleki Auguszta, Szir\u00e1kon \u00e9ltek. Fia: 1. Lajos (1843\u2013), k\u00e9pvisel\u0151 (1872\u2013) \u00e9s f\u0151rendh\u00e1zi tag, N\u00f3gr\u00e1d vm. f\u0151isp\u00e1nja (1889\u20131895) 2. J\u00f3zsef (Kv., 1847\u2013), \u2013 A debreceni Ref. Koll\u00e9gium f\u0151gondnoka. Hajd\u00fa v\u00e1rmegye \u00e9s Debrecen v\u00e1ros f\u0151isp\u00e1nja, a Tisz\u00e1nt\u00fali Ref. Egyh\u00e1zker\u00fclet f\u0151gondnoka, a Ref. Egyh\u00e1z Egyetemes Zsinatj\u00e1nak vil\u00e1gi eln\u00f6ke. \u00d6r\u00f6k\u00f6seinek Marosludason volt 541 hold, 611 n\u00e9gysz\u00f6g\u00f6l birtokoka (1861), a hat\u00e1rr\u00e9szket a birtokosokr\u00f3l nevezt\u00e9k el. <br \/><strong>Irod.:<\/strong> Erd\u00e9lyi arcok; Pesty 2014<\/br><\/p>\n","protected":false},"excerpt":{"rendered":"<p>1801 \u2020\u00a0? : f\u00f6ldbirtokos. \u2013 Feles\u00e9ge: Teleki Auguszta, Szir\u00e1kon \u00e9ltek. Fia: 1. Lajos (1843\u2013), k\u00e9pvisel\u0151 (1872\u2013) \u00e9s f\u0151rendh\u00e1zi tag, N\u00f3gr\u00e1d vm. f\u0151isp\u00e1nja (1889\u20131895) 2. J\u00f3zsef (Kv., 1847\u2013), \u2013 A debreceni Ref. Koll\u00e9gium f\u0151gondnoka. Hajd\u00fa v\u00e1rmegye \u00e9s Debrecen v\u00e1ros f\u0151isp\u00e1nja, a Tisz\u00e1nt\u00fali Ref. Egyh\u00e1zker\u00fclet f\u0151gondnoka, a Ref. Egyh\u00e1z Egyetemes Zsinatj\u00e1nak vil\u00e1gi eln\u00f6ke. \u00d6r\u00f6k\u00f6seinek Marosludason volt 541 [&hellip;]<\/p>\n","protected":false},"featured_media":0,"comment_status":"open","ping_status":"closed","template":"","meta":[],"product_brand":[],"product_cat":[137],"product_tag":[],"class_list":{"0":"post-6674","1":"product","2":"type-product","3":"status-publish","5":"product_cat-maros-megyei-eletrajzi-lexikon","7":"first","8":"instock","9":"shipping-taxable","10":"product-type-simple"},"_links":{"self":[{"href":"https:\/\/uj.adatbank.ro\/lexikon\/wp-json\/wp\/v2\/product\/6674","targetHints":{"allow":["GET"]}}],"collection":[{"href":"https:\/\/uj.adatbank.ro\/lexikon\/wp-json\/wp\/v2\/product"}],"about":[{"href":"https:\/\/uj.adatbank.ro\/lexikon\/wp-json\/wp\/v2\/types\/product"}],"replies":[{"embeddable":true,"href":"https:\/\/uj.adatbank.ro\/lexikon\/wp-json\/wp\/v2\/comments?post=6674"}],"wp:attachment":[{"href":"https:\/\/uj.adatbank.ro\/lexikon\/wp-json\/wp\/v2\/media?parent=6674"}],"wp:term":[{"taxonomy":"product_brand","embeddable":true,"href":"https:\/\/uj.adatbank.ro\/lexikon\/wp-json\/wp\/v2\/product_brand?post=6674"},{"taxonomy":"product_cat","embeddable":true,"href":"https:\/\/uj.adatbank.ro\/lexikon\/wp-json\/wp\/v2\/product_cat?post=6674"},{"taxonomy":"product_tag","embeddable":true,"href":"https:\/\/uj.adatbank.ro\/lexikon\/wp-json\/wp\/v2\/product_tag?post=6674"}],"curies":[{"name":"wp","href":"https:\/\/api.w.org\/{rel}","templated":true}]}}