{"id":6675,"date":"2025-06-28T18:00:46","date_gmt":"2025-06-28T16:00:46","guid":{"rendered":"https:\/\/uj.adatbank.ro\/lexikon\/termek\/dekani-erno\/"},"modified":"2025-06-28T18:00:46","modified_gmt":"2025-06-28T16:00:46","slug":"dekani-erno","status":"publish","type":"product","link":"https:\/\/uj.adatbank.ro\/lexikon\/termek\/dekani-erno\/","title":{"rendered":"D\u00c9K\u00c1NI Ern\u0151"},"content":{"rendered":"<p>1859.? \u2020\u00a01919. aug. 17. Borb\u00e1ndon temett\u00e9k: birtokos. &#8211; D. Ern\u0151 \u00e9s vadadi Filep Berta (1836 \u2013 1923. m\u00e1rc. 10. Borb\u00e1ndon temett\u00e9k) fia. \u2013 Birtokos Szov\u00e1t\u00e1n. A KMTT tagja (1871). <br \/><strong>Irod.:<\/strong> KMTT; Gy\u00e1szjelent\u0151<\/br><\/p>\n","protected":false},"excerpt":{"rendered":"<p>1859.? \u2020\u00a01919. aug. 17. Borb\u00e1ndon temett\u00e9k: birtokos. &#8211; D. Ern\u0151 \u00e9s vadadi Filep Berta (1836 \u2013 1923. m\u00e1rc. 10. Borb\u00e1ndon temett\u00e9k) fia. \u2013 Birtokos Szov\u00e1t\u00e1n. A KMTT tagja (1871). Irod.: KMTT; Gy\u00e1szjelent\u0151<\/p>\n","protected":false},"featured_media":0,"comment_status":"open","ping_status":"closed","template":"","meta":[],"product_brand":[],"product_cat":[137],"product_tag":[],"class_list":{"0":"post-6675","1":"product","2":"type-product","3":"status-publish","5":"product_cat-maros-megyei-eletrajzi-lexikon","7":"first","8":"instock","9":"shipping-taxable","10":"product-type-simple"},"_links":{"self":[{"href":"https:\/\/uj.adatbank.ro\/lexikon\/wp-json\/wp\/v2\/product\/6675","targetHints":{"allow":["GET"]}}],"collection":[{"href":"https:\/\/uj.adatbank.ro\/lexikon\/wp-json\/wp\/v2\/product"}],"about":[{"href":"https:\/\/uj.adatbank.ro\/lexikon\/wp-json\/wp\/v2\/types\/product"}],"replies":[{"embeddable":true,"href":"https:\/\/uj.adatbank.ro\/lexikon\/wp-json\/wp\/v2\/comments?post=6675"}],"wp:attachment":[{"href":"https:\/\/uj.adatbank.ro\/lexikon\/wp-json\/wp\/v2\/media?parent=6675"}],"wp:term":[{"taxonomy":"product_brand","embeddable":true,"href":"https:\/\/uj.adatbank.ro\/lexikon\/wp-json\/wp\/v2\/product_brand?post=6675"},{"taxonomy":"product_cat","embeddable":true,"href":"https:\/\/uj.adatbank.ro\/lexikon\/wp-json\/wp\/v2\/product_cat?post=6675"},{"taxonomy":"product_tag","embeddable":true,"href":"https:\/\/uj.adatbank.ro\/lexikon\/wp-json\/wp\/v2\/product_tag?post=6675"}],"curies":[{"name":"wp","href":"https:\/\/api.w.org\/{rel}","templated":true}]}}