{"id":6676,"date":"2025-06-28T18:00:47","date_gmt":"2025-06-28T16:00:47","guid":{"rendered":"https:\/\/uj.adatbank.ro\/lexikon\/termek\/dekani-kalman-dekany-kalman-alnevei-foldeaki-kalman-kronikas-nessune-pedagogus-sine\/"},"modified":"2025-06-28T18:00:47","modified_gmt":"2025-06-28T16:00:47","slug":"dekani-kalman-dekany-kalman-alnevei-foldeaki-kalman-kronikas-nessune-pedagogus-sine","status":"publish","type":"product","link":"https:\/\/uj.adatbank.ro\/lexikon\/termek\/dekani-kalman-dekany-kalman-alnevei-foldeaki-kalman-kronikas-nessune-pedagogus-sine\/","title":{"rendered":"D\u00c9K\u00c1NI K\u00e1lm\u00e1n, D\u00e9k\u00e1ny K\u00e1lm\u00e1n, \u00e1lnevei: F\u00f6lde\u00e1ki K\u00e1lm\u00e1n, Kr\u00f3nik\u00e1s, Nessune, Pedag\u00f3gus, Sine"},"content":{"rendered":"<p>Szov\u00e1ta, 1875. nov. 26., \u2020 Nagysaj\u00f3, 1925. okt. 9, Nagysaj\u00f3n temett\u00e9k mert nem engedt\u00e9k a hat\u00f3s\u00e1gok haza hozni: t\u00f6rt\u00e9n\u00e9sz, tan\u00e1r, k\u00f6nyvt\u00e1ros. \u2013 Testv\u00e9rei: \u00c1rp\u00e1d \u00e9s Margit Hollaki Zolt\u00e1nn\u00e9. Feles\u00e9ge: M\u00e1th\u00e9 Mariska. Gyermekei: Gy\u00f6rgy, Judit \u00e9s M\u00e1ria. \u2013 K\u00f6z\u00e9piskol\u00e1it Gyulafeh\u00e9rv\u00e1ron, Nagyszebenben \u00e9s Halason, az egyetemet Kv.-on v\u00e9gezte (1894\u201398), t\u00f6rt\u00e9nelem-latin szakos tan\u00e1ri (1900), b\u00f6lcs\u00e9szdoktori oklevelet szerzett. dr. phil. (1903) Nevel\u0151 volt gr. Vay Tibor fiai mellett Szabolcsban, Tason (1898\u20131902). A mv.-i Ref. Koll. tan\u00e1ra (1902\u201325); doktori c\u00edmet kapott (1907). Mag\u00e1ntan\u00e1ri oklevelet szerzett (1907) \u00e9s a kv.-i FJTE mag\u00e1ntan\u00e1ra a m. t\u00f6rt\u00e9nelem k\u00f6z\u00e9pkori forr\u00e1sai t\u00e1rgyk\u00f6r\u00e9ben (1912\u2013), de \u00e1lland\u00f3an Mv.-en lakott \u00e9s tan\u00e1rkodott. A mv.-i Koll. nagy k\u00f6nyvt\u00e1r\u00e1nak \u0151re (1910\u201312. j\u00fal.), \u00e9rdeme a Koll. k\u00f6nyvt\u00e1r\u00e1nak az \u00fajj\u00e1szervez\u00e9se, \u00faj f\u00e9mk\u00f6nyv\u00e1llv\u00e1nyok felszerel\u00e9se, a k\u00f6nyv\u00e1llom\u00e1ny szak- \u00e9s c\u00e9dulakatal\u00f3gus alapj\u00e1n val\u00f3 \u00fajrarendez\u00e9se, ami n\u00e9gy\u00e9vi kitart\u00f3 munka eredm\u00e9nye volt (1921\u201325). A Teleki K\u00f6nyvt\u00e1r f\u0151k\u00f6nyvt\u00e1rosa (1913\u201325). szerk.-je a mv.-i Sz\u00e9kelys\u00e9g c. napilapnak (1903. szept. \u2013 1904. szept.). Szerepe volt a rom\u00e1niai m. irodalmi \u00e9let megszervez\u00e9s\u00e9ben, Molter K\u00e1rollyal \u00e9s Berde M\u00e1ri\u00e1val a Zord Id\u0151 szerk.-je (1919\u201321). T\u00f6rt\u00e9nelmi tanulm\u00e1nyok szerz\u0151je; saj\u00e1t ford\u00edt\u00e1s\u00e1ban jegyzetekkel t\u00f6bb t\u00f6rt. -mi forr\u00e1st adott ki. A v\u00e1ros t\u00f6rt\u00e9net\u00e9hez adatokat gy\u0171jt\u00f6tt az els\u0151 vh. -t megel\u0151z\u0151 \u00e9vekben Bern\u00e1dy Gy\u00f6rgy kezdem\u00e9nyez\u00e9s\u00e9re, b\u00e9csi \u00e9s n\u00e9meto.-i lev\u00e9lt\u00e1rakban is kutatott (1912), a v\u00e1rositan\u00e1cs szerz\u0151d\u00e9st is k\u00f6t\u00f6tt 3 t\u00f6rt\u00e9n\u00e9sszel: D. K: -nal, Kelemen Lajossal \u00e9s Bi\u00e1s Istv\u00e1nnal. A legel\u0151rehaladottabb \u00e1llapotban volt az \u0151v\u00e9, de elkall\u00f3dott. T\u00f6rt\u00e9nelmi t\u00e1rgy\u00fa cikkeket, k\u00f6nyvismertet\u00e9seket \u00edrt h\u00edrlapokban. Gyenge testalkata \u00e9s neh\u00e9z csal\u00e1di k\u00f6r\u00fclm\u00e9nyei akad\u00e1lyozt\u00e1k tudom\u00e1nyos munk\u00e1ss\u00e1g\u00e1t. Cikkeit, t\u00e1rc\u00e1it, k\u00f6nyvismertet\u00e9seit \u00e9s adatk\u00f6zl\u00e9seit k\u00f6z\u00f6lte a: Sz\u00e1zadok, F\u00f6ldrajzi k\u00f6zlem\u00e9nyek, Erd\u00e9lyi M\u00fazeum, Der\u0171, Orsz. K\u00f6z\u00e9pisk. Tan\u00e1regyes. K\u00f6zlem, A mv.-i ref. f\u0151gimn. \u00e9rtes\u00edt\u0151je, Sz\u00e9kelys\u00e9g, Sz\u00e9kely H\u00edrlap, Sz\u00e9kely Vil\u00e1g, Erd. Prot. Lap, Erd. M\u00faz. Egyes. Evk\u00f6nyve, Ur\u00e1nia, Vas\u00e1rnap, Erd. Hirl., Ur\u00e1nia, Vas\u00e1rnap, Sz\u00e9kely Ellenz\u00e9k, V\u00e1s\u00e1rhelyi Napl\u00f3, Mv.-i lexikon, Sz\u00e9kely Napl\u00f3, Ellen\u0151r, Mv.-i KZST \u00c9vk\u00f6nyve, Mv. \u00e9s a h\u00e1bor\u00fa, Mv.-i Almanach, Zord Id\u0151, Sz\u00e9kelyf \u00f6ld, P\u00e1sztort\u0171z, Mv.-i Kalauz, M. Kisebbs\u00e9g-ben. Tagja volt M. T\u00f6rt\u00e9nelmi T\u00e1rsulatnak, a M. F\u00f6ldrajzi T\u00e1rsulatnak, az Orsz\u00e1gos K\u00f6z\u00e9piskolai Tan\u00e1regyes\u00fcletnek, az Orsz\u00e1gos Ref. Tan\u00e1regyes\u00fcletnek. Eln\u00f6ke volt a mv.-i K\u00f6zm\u0171vel\u0151d\u00e9si Egyletnek, az EMK-nek, aleln\u00f6ke a KZST-nek (1910). A Mv.-i Kaszin\u00f3 v\u00e1lasztm\u00e1nyi tagja (1919), titk\u00e1ra. \u2013 <strong>F. m.:<\/strong> Ocskay L\u00e1szl\u00f3 (Mv., 1903); R\u00e1k\u00f3czi hazaj\u00f6tt (Mv., 1903); B\u00e9l M\u00e1ty\u00e1s f\u00f6ldrajza (Mv., 1903); Egykor\u00fa vers a H\u00f3ra l\u00e1zad\u00e1sr\u00f3l (D\u00e9va, 1907); Egyiptom legr\u00e9gibb m. le\u00edr\u00e1sa (Bp., 1908); A fiumei kir\u00e1ndul\u00e1s t\u00f6rt-i. \u00e9s f\u00f6ldr.-i nevezetess\u00e9gei (Mv., 1909); A mv.-i Ref. Koll. aldunai kir\u00e1ndul\u00e1s\u00e1nak nevezetess\u00e9gei (Mv., 1912); A t\u00f6rt\u00e9nelemr\u0151l= Mv.-i KZST 1914; A b\u00e9csi k\u00e9pes kr\u00f3nika (Kv., 1915); szerk.<strong>ford.:<\/strong> Einhard: Nagy K\u00e1roly \u00e9lete (Ford., bev. \u00e9s n\u00e9vmutat\u00f3val ell\u00e1tta; Bp., 1901); K\u00fck\u00fcllei J\u00e1nos: Nagy Lajos kir\u00e1ly viselt dolgair\u00f3l (Ford., bev. \u00e9s jegyzetekkel ell\u00e1tta; Brass\u00f3, 1906); J\u00e1nos minorita Nagy Lajosr\u00f3l sz\u00f3l\u00f3 kr\u00f3nikat\u00f6red\u00e9ke. (Ford., bev. \u00e9s magyar\u00e1z\u00f3 jegyz.; Bp., 1910); <strong>t\u00e1rssz.:<\/strong> Mv.-i lexikon (Mv., 1912 ); Mv. \u00e9s a h\u00e1bor\u00fa (Mv., 1915); <strong>antol\u00f3g.:<\/strong> Z\u00f3rd Id\u0151 antol\u00f3gia (Mv., 1998). <br \/><strong>Irod.:<\/strong> B\u00e1nyai R\u00e9ka: Egy k\u00f6nyvt\u00e1r mindennapjai = K\u00f6nyvek \u00e1ltal..; Bi\u00e1s Istv\u00e1n; Czirj\u00e1k 3; De\u00e9 Nagy Anik\u00f3 2001; F\u00fcl\u00f6p\u2013Ferencz; Guly\u00e1s; Gy\u00e1szjelent\u0151; Id\u0151t\u00e1r 2; Id\u0151t\u00e1r 3; Krist\u00f3f Gy\u00f6rgy: Eszt\u00e9tikai becsl\u00e9s\u00fcnk a mai k\u00f6zszellem hat\u00e1sa alatt (Kv., 1928); Marosi-KZST; M\u00c9L; MIL; Molter 1.; Mv. t\u00f6rt. 2.; Mv.-i KZST 1914; Osv\u00e1th; \u00d6kr\u00f6s; P\u00e1l-Antal 2009; RMIL; R\u00daL; Sebesty\u00e9n; Sipos; \u00daM\u00c9L; Zord Id\u0151<\/br><\/p>\n","protected":false},"excerpt":{"rendered":"<p>Szov\u00e1ta, 1875. nov. 26., \u2020 Nagysaj\u00f3, 1925. okt. 9, Nagysaj\u00f3n temett\u00e9k mert nem engedt\u00e9k a hat\u00f3s\u00e1gok haza hozni: t\u00f6rt\u00e9n\u00e9sz, tan\u00e1r, k\u00f6nyvt\u00e1ros. \u2013 Testv\u00e9rei: \u00c1rp\u00e1d \u00e9s Margit Hollaki Zolt\u00e1nn\u00e9. Feles\u00e9ge: M\u00e1th\u00e9 Mariska. Gyermekei: Gy\u00f6rgy, Judit \u00e9s M\u00e1ria. \u2013 K\u00f6z\u00e9piskol\u00e1it Gyulafeh\u00e9rv\u00e1ron, Nagyszebenben \u00e9s Halason, az egyetemet Kv.-on v\u00e9gezte (1894\u201398), t\u00f6rt\u00e9nelem-latin szakos tan\u00e1ri (1900), b\u00f6lcs\u00e9szdoktori oklevelet szerzett. dr. [&hellip;]<\/p>\n","protected":false},"featured_media":0,"comment_status":"open","ping_status":"closed","template":"","meta":[],"product_brand":[],"product_cat":[137],"product_tag":[],"class_list":{"0":"post-6676","1":"product","2":"type-product","3":"status-publish","5":"product_cat-maros-megyei-eletrajzi-lexikon","7":"first","8":"instock","9":"shipping-taxable","10":"product-type-simple"},"_links":{"self":[{"href":"https:\/\/uj.adatbank.ro\/lexikon\/wp-json\/wp\/v2\/product\/6676","targetHints":{"allow":["GET"]}}],"collection":[{"href":"https:\/\/uj.adatbank.ro\/lexikon\/wp-json\/wp\/v2\/product"}],"about":[{"href":"https:\/\/uj.adatbank.ro\/lexikon\/wp-json\/wp\/v2\/types\/product"}],"replies":[{"embeddable":true,"href":"https:\/\/uj.adatbank.ro\/lexikon\/wp-json\/wp\/v2\/comments?post=6676"}],"wp:attachment":[{"href":"https:\/\/uj.adatbank.ro\/lexikon\/wp-json\/wp\/v2\/media?parent=6676"}],"wp:term":[{"taxonomy":"product_brand","embeddable":true,"href":"https:\/\/uj.adatbank.ro\/lexikon\/wp-json\/wp\/v2\/product_brand?post=6676"},{"taxonomy":"product_cat","embeddable":true,"href":"https:\/\/uj.adatbank.ro\/lexikon\/wp-json\/wp\/v2\/product_cat?post=6676"},{"taxonomy":"product_tag","embeddable":true,"href":"https:\/\/uj.adatbank.ro\/lexikon\/wp-json\/wp\/v2\/product_tag?post=6676"}],"curies":[{"name":"wp","href":"https:\/\/api.w.org\/{rel}","templated":true}]}}