{"id":6677,"date":"2025-06-28T18:00:49","date_gmt":"2025-06-28T16:00:49","guid":{"rendered":"https:\/\/uj.adatbank.ro\/lexikon\/termek\/deli-adolf\/"},"modified":"2025-06-28T18:00:49","modified_gmt":"2025-06-28T16:00:49","slug":"deli-adolf","status":"publish","type":"product","link":"https:\/\/uj.adatbank.ro\/lexikon\/termek\/deli-adolf\/","title":{"rendered":"DELI Adolf"},"content":{"rendered":"<p>? \u2020\u00a0?: k\u00f6rorvos. \u2013 A nagys\u00e1rm\u00e1si ref. templom toronygombj\u00e1ban elhelyezett irat mint k\u00f6rorvost eml\u00edti (1902). <br \/><strong>Irod.:<\/strong> Keszeg<\/br><\/p>\n","protected":false},"excerpt":{"rendered":"<p>? \u2020\u00a0?: k\u00f6rorvos. \u2013 A nagys\u00e1rm\u00e1si ref. templom toronygombj\u00e1ban elhelyezett irat mint k\u00f6rorvost eml\u00edti (1902). Irod.: Keszeg<\/p>\n","protected":false},"featured_media":0,"comment_status":"open","ping_status":"closed","template":"","meta":[],"product_brand":[],"product_cat":[137],"product_tag":[],"class_list":{"0":"post-6677","1":"product","2":"type-product","3":"status-publish","5":"product_cat-maros-megyei-eletrajzi-lexikon","7":"first","8":"instock","9":"shipping-taxable","10":"product-type-simple"},"_links":{"self":[{"href":"https:\/\/uj.adatbank.ro\/lexikon\/wp-json\/wp\/v2\/product\/6677","targetHints":{"allow":["GET"]}}],"collection":[{"href":"https:\/\/uj.adatbank.ro\/lexikon\/wp-json\/wp\/v2\/product"}],"about":[{"href":"https:\/\/uj.adatbank.ro\/lexikon\/wp-json\/wp\/v2\/types\/product"}],"replies":[{"embeddable":true,"href":"https:\/\/uj.adatbank.ro\/lexikon\/wp-json\/wp\/v2\/comments?post=6677"}],"wp:attachment":[{"href":"https:\/\/uj.adatbank.ro\/lexikon\/wp-json\/wp\/v2\/media?parent=6677"}],"wp:term":[{"taxonomy":"product_brand","embeddable":true,"href":"https:\/\/uj.adatbank.ro\/lexikon\/wp-json\/wp\/v2\/product_brand?post=6677"},{"taxonomy":"product_cat","embeddable":true,"href":"https:\/\/uj.adatbank.ro\/lexikon\/wp-json\/wp\/v2\/product_cat?post=6677"},{"taxonomy":"product_tag","embeddable":true,"href":"https:\/\/uj.adatbank.ro\/lexikon\/wp-json\/wp\/v2\/product_tag?post=6677"}],"curies":[{"name":"wp","href":"https:\/\/api.w.org\/{rel}","templated":true}]}}