{"id":6678,"date":"2025-06-28T18:00:52","date_gmt":"2025-06-28T16:00:52","guid":{"rendered":"https:\/\/uj.adatbank.ro\/lexikon\/termek\/delly-ferenc-%c2%a7\/"},"modified":"2025-06-28T18:00:52","modified_gmt":"2025-06-28T16:00:52","slug":"delly-ferenc-%c2%a7","status":"publish","type":"product","link":"https:\/\/uj.adatbank.ro\/lexikon\/termek\/delly-ferenc-%c2%a7\/","title":{"rendered":"DELLY Ferenc \u00a7"},"content":{"rendered":"<p>Szeged, 1901. okt. 3., \u2020 Mv, 1960. febr. 3., 1960. febr. 8. a kv.-i h\u00e1zsong\u00e1rdi temet\u0151ben nyugszik: sz\u00edn\u00e9sz, rendez\u0151. \u2013 P\u00e1ly\u00e1j\u00e1t Egerben, Kecskem\u00e9ten mint kardalos \u00e9s seg\u00e9dsz\u00edn\u00e9sz kezdte (1919), ezut\u00e1n n\u00e9gy \u00e9vig vid\u00e9ki t\u00e1rsulatokban t\u00e1ncos\u00adkomikusk\u00e9nt szerepelt. A Faun Kabar\u00e9ban, az \u00fajpesti sz\u00ednh\u00e1zban, majd a szegedi \u00e9s a kaposv\u00e1ri t\u00e1rsulatban j\u00e1tszott. A bp.-i Belv\u00e1rosi \u00e9s a F\u0151v\u00e1rosi Operettsz\u00ednh\u00e1z (1927\u201337), az Andr\u00e1ssy \u00fati, majd az Andr\u00e1ssy Sz\u00ednh\u00e1z tagja (1937\u201344). Erd\u00e9lyben teljesedett ki p\u00e1lyafut\u00e1sa. Nagyv\u00e1radon j\u00e1tszott (1939\u2013). A mv.-i Sz\u00e9kely Sz\u00ednh\u00e1z alap\u00edt\u00f3 tagja (1946\u201352), a Szentgy\u00f6rgyi Istv\u00e1n Sz\u00ednm\u0171v\u00e9szeti Int\u00e9zet tan\u00e1ra (1948\u2013). A kv.-i \u00c1llami M. Sz\u00ednh\u00e1z f\u0151rend. -je volt (1953\u20131956 nov.-ig, nyugd\u00edjaz\u00e1s\u00e1ig). A rom\u00e1niai m. sz\u00ednj\u00e1tsz\u00e1s egyik legnagyobb alakja, aki dr\u00e1mai \u00e9s karakterszerepek eg\u00e9sz sor\u00e1ban ny\u00fajtott kimagasl\u00f3 alak\u00edt\u00e1st. Mv.-en a nagy rendez\u0151 n\u00e9gyes: Szab\u00f3 Ern\u0151, Tompa Mikl\u00f3s, Kov\u00e1cs Gy\u00f6rgy tagja. \u00c9lete utols\u00f3 \u00e9veiben (1952\u201360) betegs\u00e9ge miatt m\u00e1r csak rendezett \u00e9s a Sz\u00ednm\u0171v\u00e9sztei F\u0151iskol\u00e1n tan\u00edtott. Az RNK \u00e9rdemes m\u0171v\u00e9sze (1954), \u00e1llami d\u00edjas. \u2013 <strong>F. sz.:<\/strong> F\u00f3thy K\u00e1lm\u00e1n (Brodszky M.: Sz\u00f6kik az asszony); Ribov (Meller R.: \u00cdrja hadnagy); Udvardy Gy\u00f6rgy (\u00c1brah\u00e1m P\u00e1l: J\u00falia); Wernigerode (Bal\u00e1zs B\u00e9la: Boszork\u00e1nyt\u00e1nc); Konsztantin nagyherceg (Jakobi Viktor: Sybill); f\u0151szerepl\u0151 (Bal\u00e1zs B\u00e9la: Boszork\u00e1nyt\u00e1nc); Lucienne (Eisemann Mih\u00e1ly: Fekete P\u00e9ter); G\u00e9za (B\u00f3kay J\u00e1nos: Feles\u00e9g); Baracs Iv\u00e1n (Szirmai A.: M\u00e1gn\u00e1s Miska); J\u00e1nos (B\u00e9keffy Istv\u00e1n: Janika); Dr. Barab\u00e1s (Kov\u00e1ts Dezs\u0151: Egyiptomi legenda); P\u00e9ter (Losonczy Dezs\u0151: Egyetlen \u00e9jszak\u00e1ra); Varabjov Vaszilij Mihajlovics (L. Rachmanov: Viharos alkonyat); Robert Caplen (J. B. Priestley: Vesz\u00e9lyes kanyar); Dorozsmai Istv\u00e1n (F\u00e9nyes Szabolcs: Az utols\u00f3 Vereb\u00e9ly l\u00e1ny); Georges (Carlo de Fries: Ilyenek a f\u00e9rfiak); Dr. Zolt\u00e1n tan\u00e1rseg\u00e9d (M\u00e1rai S\u00e1ndor: Kaland); \u00c1svay Zolt\u00e1n (Hars\u00e1nyi Zsolt: A bolond \u00c1svayn\u00e9); Tim\u00e1r Ferenc, orvos (B\u00f3kay J\u00e1nos: Szak\u00edts helyettem); Dr. Szir\u00e1ky S\u00e1ndor (Eisemann M.: Vadvir\u00e1g ); Litvay (Moln\u00e1r Ferenc: Marsall); B\u00e1nk b\u00e1n (Katona J.: B\u00e1nk b\u00e1n); Macpherson (Szimonov: Az orosz k\u00e9rd\u00e9s); B\u00e1r\u00f3 (Gorkij: \u00c9jjeli mened\u00e9khely); Gool fel\u00fcgyel\u0151 (Priestley: V\u00e1ratlan vend\u00e9g); Dorn doktor (Csehov: Sir\u00e1ly); Tip\u0103tescu (Caragiale: Az elveszett lev\u00e9l); Zsellyei Balogh \u00c1bel (M\u00f3ricz Zs.: \u00dari-muri); D\u0151ry b\u00e1r\u00f3 (Miksz\u00e1th K.: K\u00fcl\u00f6n\u00f6s h\u00e1zass\u00e1g); Szkalozub (Gribojedov: Az \u00e9sz bajjal j\u00e1r); Besszemenov (M. Gorkij: Kispolg\u00e1rok); Jegor Bulicsov (M. Gorkij: Jegor Bulicsov \u00e9s a t\u00f6bbiek); Henry (Paul Renaoul: A f\u00e9rfi szive); J\u00e1nos (Komj\u00e1thy k\u00e1roly: Harap\u00f3s f\u00e9rj); Schl\u00fctter F\u00fcl\u00f6p (Gy\u00f6ngy P\u00e1l: H\u00e1rom ember a h\u00f3ban); \u00e9s Slim (John Steinbeck: Egerek \u00e9s emberek); Gr\u00f3f Agardo Lamperti (Evgenij Petrov: A b\u00e9ke szigete); Ifj. Huben S\u00e1ndor (Zilahy Lajos: A sz\u0171z \u00e9s a g\u00f6d\u00f6lye); Howard Merrik (James Gow- Arnaud D\u2019usseau: M\u00e9lyek a gy\u00f6kerek); Juh\u00e1sz L\u00e1szl\u00f3 (Tomcsa S\u00e1ndor: Nagy dolog kicsiben); Beer (Henri Berger: V\u00edz\u00f6z\u00f6n); \u0150rnagy-Hadb\u00edr\u00f3 (Gergely S\u00e1ndor: Vit\u00e9zek \u00e9s h\u0151s\u00f6k); Brock Harry (Kanin Garson: \u00d3cskavas nagyban); F\u0151b\u00edr\u00f3 (Szigligeti Ede: A csik\u00f3s); Kosztya Galuskin (V. Katajev: Bolondos vas\u00e1rnap); Titk\u00e1r a k\u00f6vets\u00e9gen (Tur testv\u00e9rek: Villa a mell\u00e9kutc\u00e1ban); Miart Laagus (August Jakobson: K\u00e9t t\u00e1bor); filmei: Hal\u00e1los szerelem (1922); Aggyisten Biri! (1927); Az \u00faj rokon (1934); Nem \u00e9lhetek muzsikasz\u00f3 n\u00e9lk\u00fcl (1935); Sportszerelem (1937); Szeptem\u00adber v\u00e9g\u00e9n (1942); T\u00f6k\u00e9letes csal\u00e1d (1942); Gazd\u00e1tlan asszony (1944). \u2013 <strong>F. r.:<\/strong>: Priestley: Vesz\u00e9lyes kanyar (1946\u201347); John Knittel: Via Mala; Paul Renaoul: A f\u00e9rfi sz\u00edve; J. Steinbeck: Egerek \u00e9s emberek (1947\u201348); Priestley: V\u00e1ratlan vend\u00e9g; Arkadij Grigulis: Agyag \u00e9s porcel\u00e1n (Szab\u00f3 Ern\u0151vel); M. Gorkij: Kispolg\u00e1rok (Tompa Mikl\u00f3s, Kov\u00e1cs Gy\u00f6rggyel, 1949\u201350); M. Gorkij: Jegor Bulicsov \u00e9s a t\u00f6bbiek (Szab\u00f3 Ern\u0151vel, 1949); Csehov: Sir\u00e1ly (Tompa Mikl\u00f3ssal, 1950\u201351); Katona J.: B\u00e1nk b\u00e1n; Lovinescu: Romba d\u0151lt fellegv\u00e1r; Csiky G.: Bubor\u00e9kok, Ingyen\u00e9l\u0151k; m\u0171v\u00e9szeti tan\u00e1csad\u00f3: Borisz Gorbatov: Ap\u00e1k ifj\u00fas\u00e1ga. <br \/><strong>Irod.:<\/strong> B\u00e9rczes; Chereji Peris; Csif\u00f3; Gergely G\u00e9za: A nagy el\u0151d\u00f6k: D. F. (V. Z., 1971. okt. 24.); A H\u00e9t \u00c9vk. (Buk., 1982); Horv\u00e1th Bea; K\u00e1ntor-K\u00f6t\u0151; Katona Szab\u00f3 Istv\u00e1n: Az \u00daj \u00c9let lexikona, 53 (\u00daj \u00c9let, 17. sz., 1972); Kov\u00e1cs Levente; K\u00f6t\u0151; M\u00c9L\u00a0; MNL; MSZL; Sch\u00f6pflin; Todea 2013; \u00daIL; \u00daM\u00c9L<\/br><\/p>\n","protected":false},"excerpt":{"rendered":"<p>Szeged, 1901. okt. 3., \u2020 Mv, 1960. febr. 3., 1960. febr. 8. a kv.-i h\u00e1zsong\u00e1rdi temet\u0151ben nyugszik: sz\u00edn\u00e9sz, rendez\u0151. \u2013 P\u00e1ly\u00e1j\u00e1t Egerben, Kecskem\u00e9ten mint kardalos \u00e9s seg\u00e9dsz\u00edn\u00e9sz kezdte (1919), ezut\u00e1n n\u00e9gy \u00e9vig vid\u00e9ki t\u00e1rsulatokban t\u00e1ncos\u00adkomikusk\u00e9nt szerepelt. A Faun Kabar\u00e9ban, az \u00fajpesti sz\u00ednh\u00e1zban, majd a szegedi \u00e9s a kaposv\u00e1ri t\u00e1rsulatban j\u00e1tszott. A bp.-i Belv\u00e1rosi \u00e9s a [&hellip;]<\/p>\n","protected":false},"featured_media":0,"comment_status":"open","ping_status":"closed","template":"","meta":[],"product_brand":[],"product_cat":[137],"product_tag":[],"class_list":{"0":"post-6678","1":"product","2":"type-product","3":"status-publish","5":"product_cat-maros-megyei-eletrajzi-lexikon","7":"first","8":"instock","9":"shipping-taxable","10":"product-type-simple"},"_links":{"self":[{"href":"https:\/\/uj.adatbank.ro\/lexikon\/wp-json\/wp\/v2\/product\/6678","targetHints":{"allow":["GET"]}}],"collection":[{"href":"https:\/\/uj.adatbank.ro\/lexikon\/wp-json\/wp\/v2\/product"}],"about":[{"href":"https:\/\/uj.adatbank.ro\/lexikon\/wp-json\/wp\/v2\/types\/product"}],"replies":[{"embeddable":true,"href":"https:\/\/uj.adatbank.ro\/lexikon\/wp-json\/wp\/v2\/comments?post=6678"}],"wp:attachment":[{"href":"https:\/\/uj.adatbank.ro\/lexikon\/wp-json\/wp\/v2\/media?parent=6678"}],"wp:term":[{"taxonomy":"product_brand","embeddable":true,"href":"https:\/\/uj.adatbank.ro\/lexikon\/wp-json\/wp\/v2\/product_brand?post=6678"},{"taxonomy":"product_cat","embeddable":true,"href":"https:\/\/uj.adatbank.ro\/lexikon\/wp-json\/wp\/v2\/product_cat?post=6678"},{"taxonomy":"product_tag","embeddable":true,"href":"https:\/\/uj.adatbank.ro\/lexikon\/wp-json\/wp\/v2\/product_tag?post=6678"}],"curies":[{"name":"wp","href":"https:\/\/api.w.org\/{rel}","templated":true}]}}