{"id":6679,"date":"2025-06-28T18:00:54","date_gmt":"2025-06-28T16:00:54","guid":{"rendered":"https:\/\/uj.adatbank.ro\/lexikon\/termek\/delu-ion\/"},"modified":"2025-06-28T18:00:54","modified_gmt":"2025-06-28T16:00:54","slug":"delu-ion","status":"publish","type":"product","link":"https:\/\/uj.adatbank.ro\/lexikon\/termek\/delu-ion\/","title":{"rendered":"DELU Ion"},"content":{"rendered":"<p>Vadastrita, 1904. febr. 6., \u2020\u00a0Buk., 1982. szept. 5.: muzikol\u00f3gus, karnagy, tan\u00e1r, h\u00faros hangszerk\u00e9sz\u00edt\u0151. \u2013 Tanulm\u00e1nyai: Craiova (1919\u201323); Kv. (1925\u201326); Konzervat\u00f3rium Buk.-ben (1926\u201331), Berlinben a filoz\u00f3fia egyetem muzikl\u00f3gia szak\u00e1n (1934\u201338). Doktor\u00e1tust Kv.-on v\u00e9gzett (1947\u201349). Zenetan\u00e1rk\u00e9nt dolgozott: Aradon (1924), Kv.-on (1925), Buk.-ben (1926\u201328), T\u00e2rgovi\u015ften (1928\u201332), Szebenben (1932\u201334), majd ism\u00e9t Buk.-ben tan\u00edtott (1941-ig); a katonazene szakfel\u00fcgyel\u0151je Buk.-ben (1940\u201341), Temesv\u00e1ron a Konzervat\u00f3riumban tan\u00e1r (1944\u201347), a sz\u00e1szr\u00e9geni hangszergy\u00e1r technikai tan\u00e1csad\u00f3ja (1969\u201376). \u00daj von\u00f3s hangszereket tal\u00e1lt fel \u00e9s szabadalmaztatott: viod\u00e1k csal\u00e1dj\u00e1t, a violen\u00e1t, egy h\u00faros-von\u00f3s hangszersziszt\u00e9met (1969), amelyet az AE\u00c1-ban is szabadalmaztak (1975), valamint a viomixt\u00e1t. Az \u00faj hangszerekkel k\u00eds\u00e9rleti zenekarokat hozott l\u00e9tre, \u00e9s hangversenyeket is adott, valamint hanglemezfelv\u00e9teleket k\u00e9sz\u00edtett. Sz\u00e1mos szinf\u00f3nikus hangverseny \u00e9s k\u00f3rusel\u0151ad\u00e1st vez\u00e9nyelt az orsz\u00e1gban \u00e9s k\u00fclf\u00f6ld\u00f6n. Szebenben abszol\u00fat premirben mutatta be George Fotino: Salba de aur (Az arannyakl\u00e1nc) c. operettj\u00e9t (1934). Megszervezte Buk.-ben a hadsereg els\u0151 sz\u00ednfonikus zenekar\u00e1t (1940\u2013). Hozz\u00e1j\u00e1rult a szebeni \u201eTimotei Popovici\u201d (ma a N\u00e9pm\u0171v\u00e9szeti Iskola ) \u00e9s a Filharm\u00f3nia l\u00e9trehoz\u00e1s\u00e1hoz (1946). R\u00e1dio \u00e9s televizi\u00f3s ad\u00e1sokat tartott. Tanulm\u00e1nyokat, cikkeket, kr\u00f3nik\u00e1kat, recenzi\u00f3kat k\u00f6z\u00f6lt a Luceafarul, Convorbiri literare, Ac\u0163iunea (Szeben) \u00e9s m\u00e1s lapokban. \u2013 <strong>F. m.:<\/strong> Reprtoar coral pt. societ\u0103\u0163i corale (<strong>t\u00e1rssz.:<\/strong> F. Agopian) (Buc., 1929), Repertoar coral pt. \u015fcoalele secundare (Sibiu, 1932); Repertoir coral \u015fcolar (Sibiu, 1939); C\u00e2ntece pentru osta\u015fi (coruri) (Buc., 1941); Timotei Popovici: Coruri (Buc., 1957). <br \/><strong>Irod.:<\/strong> Muzicieni din Rom.<\/br><\/p>\n","protected":false},"excerpt":{"rendered":"<p>Vadastrita, 1904. febr. 6., \u2020\u00a0Buk., 1982. szept. 5.: muzikol\u00f3gus, karnagy, tan\u00e1r, h\u00faros hangszerk\u00e9sz\u00edt\u0151. \u2013 Tanulm\u00e1nyai: Craiova (1919\u201323); Kv. (1925\u201326); Konzervat\u00f3rium Buk.-ben (1926\u201331), Berlinben a filoz\u00f3fia egyetem muzikl\u00f3gia szak\u00e1n (1934\u201338). Doktor\u00e1tust Kv.-on v\u00e9gzett (1947\u201349). Zenetan\u00e1rk\u00e9nt dolgozott: Aradon (1924), Kv.-on (1925), Buk.-ben (1926\u201328), T\u00e2rgovi\u015ften (1928\u201332), Szebenben (1932\u201334), majd ism\u00e9t Buk.-ben tan\u00edtott (1941-ig); a katonazene szakfel\u00fcgyel\u0151je Buk.-ben (1940\u201341), [&hellip;]<\/p>\n","protected":false},"featured_media":0,"comment_status":"open","ping_status":"closed","template":"","meta":[],"product_brand":[],"product_cat":[137],"product_tag":[],"class_list":{"0":"post-6679","1":"product","2":"type-product","3":"status-publish","5":"product_cat-maros-megyei-eletrajzi-lexikon","7":"first","8":"instock","9":"shipping-taxable","10":"product-type-simple"},"_links":{"self":[{"href":"https:\/\/uj.adatbank.ro\/lexikon\/wp-json\/wp\/v2\/product\/6679","targetHints":{"allow":["GET"]}}],"collection":[{"href":"https:\/\/uj.adatbank.ro\/lexikon\/wp-json\/wp\/v2\/product"}],"about":[{"href":"https:\/\/uj.adatbank.ro\/lexikon\/wp-json\/wp\/v2\/types\/product"}],"replies":[{"embeddable":true,"href":"https:\/\/uj.adatbank.ro\/lexikon\/wp-json\/wp\/v2\/comments?post=6679"}],"wp:attachment":[{"href":"https:\/\/uj.adatbank.ro\/lexikon\/wp-json\/wp\/v2\/media?parent=6679"}],"wp:term":[{"taxonomy":"product_brand","embeddable":true,"href":"https:\/\/uj.adatbank.ro\/lexikon\/wp-json\/wp\/v2\/product_brand?post=6679"},{"taxonomy":"product_cat","embeddable":true,"href":"https:\/\/uj.adatbank.ro\/lexikon\/wp-json\/wp\/v2\/product_cat?post=6679"},{"taxonomy":"product_tag","embeddable":true,"href":"https:\/\/uj.adatbank.ro\/lexikon\/wp-json\/wp\/v2\/product_tag?post=6679"}],"curies":[{"name":"wp","href":"https:\/\/api.w.org\/{rel}","templated":true}]}}