{"id":6680,"date":"2025-06-28T18:00:58","date_gmt":"2025-06-28T16:00:58","guid":{"rendered":"https:\/\/uj.adatbank.ro\/lexikon\/termek\/dely-zoltan\/"},"modified":"2025-06-28T18:00:58","modified_gmt":"2025-06-28T16:00:58","slug":"dely-zoltan","status":"publish","type":"product","link":"https:\/\/uj.adatbank.ro\/lexikon\/termek\/dely-zoltan\/","title":{"rendered":"DELY Zolt\u00e1n"},"content":{"rendered":"<p>1926., \u2020 Mv., 2000. nov. 2. : tan\u00e1r. \u2013 A sz\u00e1szr\u00e9geni M. Tannyelv\u0171 Pedag\u00f3giai Iskol\u00e1ban matematik\u00e1t tan\u00edtott (1948\u201356). <br \/><strong>Irod.:<\/strong> Csern\u00e1toni; MMK; Szab\u00f3 K. Attila<\/br><\/p>\n","protected":false},"excerpt":{"rendered":"<p>1926., \u2020 Mv., 2000. nov. 2. : tan\u00e1r. \u2013 A sz\u00e1szr\u00e9geni M. Tannyelv\u0171 Pedag\u00f3giai Iskol\u00e1ban matematik\u00e1t tan\u00edtott (1948\u201356). Irod.: Csern\u00e1toni; MMK; Szab\u00f3 K. Attila<\/p>\n","protected":false},"featured_media":0,"comment_status":"open","ping_status":"closed","template":"","meta":[],"product_brand":[],"product_cat":[137],"product_tag":[],"class_list":{"0":"post-6680","1":"product","2":"type-product","3":"status-publish","5":"product_cat-maros-megyei-eletrajzi-lexikon","7":"first","8":"instock","9":"shipping-taxable","10":"product-type-simple"},"_links":{"self":[{"href":"https:\/\/uj.adatbank.ro\/lexikon\/wp-json\/wp\/v2\/product\/6680","targetHints":{"allow":["GET"]}}],"collection":[{"href":"https:\/\/uj.adatbank.ro\/lexikon\/wp-json\/wp\/v2\/product"}],"about":[{"href":"https:\/\/uj.adatbank.ro\/lexikon\/wp-json\/wp\/v2\/types\/product"}],"replies":[{"embeddable":true,"href":"https:\/\/uj.adatbank.ro\/lexikon\/wp-json\/wp\/v2\/comments?post=6680"}],"wp:attachment":[{"href":"https:\/\/uj.adatbank.ro\/lexikon\/wp-json\/wp\/v2\/media?parent=6680"}],"wp:term":[{"taxonomy":"product_brand","embeddable":true,"href":"https:\/\/uj.adatbank.ro\/lexikon\/wp-json\/wp\/v2\/product_brand?post=6680"},{"taxonomy":"product_cat","embeddable":true,"href":"https:\/\/uj.adatbank.ro\/lexikon\/wp-json\/wp\/v2\/product_cat?post=6680"},{"taxonomy":"product_tag","embeddable":true,"href":"https:\/\/uj.adatbank.ro\/lexikon\/wp-json\/wp\/v2\/product_tag?post=6680"}],"curies":[{"name":"wp","href":"https:\/\/api.w.org\/{rel}","templated":true}]}}