{"id":6687,"date":"2025-06-28T18:01:15","date_gmt":"2025-06-28T16:01:15","guid":{"rendered":"https:\/\/uj.adatbank.ro\/lexikon\/termek\/demeter\/"},"modified":"2025-06-28T18:01:15","modified_gmt":"2025-06-28T16:01:15","slug":"demeter","status":"publish","type":"product","link":"https:\/\/uj.adatbank.ro\/lexikon\/termek\/demeter\/","title":{"rendered":"DEMETER"},"content":{"rendered":"<p>? \u2020\u00a0?: r. k. pap. \u2013 Pl\u00e9b\u00e1nos volt Szentgeric\u00e9n, fizette a p\u00e1pai tizedet (1336). Szentgeric\u00e9r\u0151l a legels\u0151 \u00edrott eml\u00e9kben (Sancta Gerecia, Sancta Gracia) a p\u00e1pai tizedjegyz\u00e9kben szerepel a neve <br \/><strong>Irod.:<\/strong> Ferenczi S\u00e1ndor 2009; Ferenczi S\u00e1ndor 2012; Kelemen Lajos 1982; L\u00e9sty\u00e1n \u2013 templomok 2.<\/br><\/p>\n","protected":false},"excerpt":{"rendered":"<p>? \u2020\u00a0?: r. k. pap. \u2013 Pl\u00e9b\u00e1nos volt Szentgeric\u00e9n, fizette a p\u00e1pai tizedet (1336). Szentgeric\u00e9r\u0151l a legels\u0151 \u00edrott eml\u00e9kben (Sancta Gerecia, Sancta Gracia) a p\u00e1pai tizedjegyz\u00e9kben szerepel a neve Irod.: Ferenczi S\u00e1ndor 2009; Ferenczi S\u00e1ndor 2012; Kelemen Lajos 1982; L\u00e9sty\u00e1n \u2013 templomok 2.<\/p>\n","protected":false},"featured_media":0,"comment_status":"open","ping_status":"closed","template":"","meta":[],"product_brand":[],"product_cat":[137],"product_tag":[],"class_list":{"0":"post-6687","1":"product","2":"type-product","3":"status-publish","5":"product_cat-maros-megyei-eletrajzi-lexikon","7":"first","8":"instock","9":"shipping-taxable","10":"product-type-simple"},"_links":{"self":[{"href":"https:\/\/uj.adatbank.ro\/lexikon\/wp-json\/wp\/v2\/product\/6687","targetHints":{"allow":["GET"]}}],"collection":[{"href":"https:\/\/uj.adatbank.ro\/lexikon\/wp-json\/wp\/v2\/product"}],"about":[{"href":"https:\/\/uj.adatbank.ro\/lexikon\/wp-json\/wp\/v2\/types\/product"}],"replies":[{"embeddable":true,"href":"https:\/\/uj.adatbank.ro\/lexikon\/wp-json\/wp\/v2\/comments?post=6687"}],"wp:attachment":[{"href":"https:\/\/uj.adatbank.ro\/lexikon\/wp-json\/wp\/v2\/media?parent=6687"}],"wp:term":[{"taxonomy":"product_brand","embeddable":true,"href":"https:\/\/uj.adatbank.ro\/lexikon\/wp-json\/wp\/v2\/product_brand?post=6687"},{"taxonomy":"product_cat","embeddable":true,"href":"https:\/\/uj.adatbank.ro\/lexikon\/wp-json\/wp\/v2\/product_cat?post=6687"},{"taxonomy":"product_tag","embeddable":true,"href":"https:\/\/uj.adatbank.ro\/lexikon\/wp-json\/wp\/v2\/product_tag?post=6687"}],"curies":[{"name":"wp","href":"https:\/\/api.w.org\/{rel}","templated":true}]}}