{"id":6694,"date":"2025-06-28T18:01:30","date_gmt":"2025-06-28T16:01:30","guid":{"rendered":"https:\/\/uj.adatbank.ro\/lexikon\/termek\/demeter-attila\/"},"modified":"2025-06-28T18:01:30","modified_gmt":"2025-06-28T16:01:30","slug":"demeter-attila","status":"publish","type":"product","link":"https:\/\/uj.adatbank.ro\/lexikon\/termek\/demeter-attila\/","title":{"rendered":"DEMETER Attila"},"content":{"rendered":"<p>Bp., 1885. szept. 18. \u2020\u00a0? : j\u00e1r\u00e1sb\u00edr\u00f3. \u2013 Apja D. L\u0151rinc, f\u0151szolgab\u00edr\u00f3, anyja: Presti Emilia. &#8211; Kv.-on jogi \u00e9s b\u00edr\u00f3i vizsg\u00e1t tett \u00e9s gyakornok. Alb\u00edr\u00f3 \u00d3radn\u00e1n, Sz\u00e9kelykereszt\u00faron. Abrudb\u00e1ny\u00e1n j\u00e1r\u00e1sb\u00edr\u00f3, majd Erd\u0151szentgy\u00f6rgy\u00f6n (1940\u2013). Az egyh\u00e1zi f\u0151tan\u00e1cs tagja. <br \/><strong>Irod.:<\/strong> Kelemen<\/br><\/p>\n","protected":false},"excerpt":{"rendered":"<p>Bp., 1885. szept. 18. \u2020\u00a0? : j\u00e1r\u00e1sb\u00edr\u00f3. \u2013 Apja D. L\u0151rinc, f\u0151szolgab\u00edr\u00f3, anyja: Presti Emilia. &#8211; Kv.-on jogi \u00e9s b\u00edr\u00f3i vizsg\u00e1t tett \u00e9s gyakornok. Alb\u00edr\u00f3 \u00d3radn\u00e1n, Sz\u00e9kelykereszt\u00faron. Abrudb\u00e1ny\u00e1n j\u00e1r\u00e1sb\u00edr\u00f3, majd Erd\u0151szentgy\u00f6rgy\u00f6n (1940\u2013). Az egyh\u00e1zi f\u0151tan\u00e1cs tagja. Irod.: Kelemen<\/p>\n","protected":false},"featured_media":0,"comment_status":"open","ping_status":"closed","template":"","meta":[],"product_brand":[],"product_cat":[137],"product_tag":[],"class_list":{"0":"post-6694","1":"product","2":"type-product","3":"status-publish","5":"product_cat-maros-megyei-eletrajzi-lexikon","7":"first","8":"instock","9":"shipping-taxable","10":"product-type-simple"},"_links":{"self":[{"href":"https:\/\/uj.adatbank.ro\/lexikon\/wp-json\/wp\/v2\/product\/6694","targetHints":{"allow":["GET"]}}],"collection":[{"href":"https:\/\/uj.adatbank.ro\/lexikon\/wp-json\/wp\/v2\/product"}],"about":[{"href":"https:\/\/uj.adatbank.ro\/lexikon\/wp-json\/wp\/v2\/types\/product"}],"replies":[{"embeddable":true,"href":"https:\/\/uj.adatbank.ro\/lexikon\/wp-json\/wp\/v2\/comments?post=6694"}],"wp:attachment":[{"href":"https:\/\/uj.adatbank.ro\/lexikon\/wp-json\/wp\/v2\/media?parent=6694"}],"wp:term":[{"taxonomy":"product_brand","embeddable":true,"href":"https:\/\/uj.adatbank.ro\/lexikon\/wp-json\/wp\/v2\/product_brand?post=6694"},{"taxonomy":"product_cat","embeddable":true,"href":"https:\/\/uj.adatbank.ro\/lexikon\/wp-json\/wp\/v2\/product_cat?post=6694"},{"taxonomy":"product_tag","embeddable":true,"href":"https:\/\/uj.adatbank.ro\/lexikon\/wp-json\/wp\/v2\/product_tag?post=6694"}],"curies":[{"name":"wp","href":"https:\/\/api.w.org\/{rel}","templated":true}]}}