{"id":6697,"date":"2025-06-28T18:01:34","date_gmt":"2025-06-28T16:01:34","guid":{"rendered":"https:\/\/uj.adatbank.ro\/lexikon\/termek\/demeter-dezso-2\/"},"modified":"2025-06-28T18:01:34","modified_gmt":"2025-06-28T16:01:34","slug":"demeter-dezso-2","status":"publish","type":"product","link":"https:\/\/uj.adatbank.ro\/lexikon\/termek\/demeter-dezso-2\/","title":{"rendered":"DEMETER Dezs\u0151"},"content":{"rendered":"<p>1942. \u20201982: ref. lelk\u00e9sz. \u2013 Szogyorban seg\u00e9dlelk\u00e9sz (1965\u201367) \u00e9s lelk\u00e9sz (1968\u201372). Megh\u00edvta a marosfelfalui gy\u00fclekezet (1972\u201375), Majd Mez\u0151b\u00e1ndon lelk\u00e9sz \u00e9lete v\u00e9g\u00e9ig (1975\u201382). <br \/><strong>Irod.:<\/strong> Cs\u00e1ky<\/br><\/p>\n","protected":false},"excerpt":{"rendered":"<p>1942. \u20201982: ref. lelk\u00e9sz. \u2013 Szogyorban seg\u00e9dlelk\u00e9sz (1965\u201367) \u00e9s lelk\u00e9sz (1968\u201372). Megh\u00edvta a marosfelfalui gy\u00fclekezet (1972\u201375), Majd Mez\u0151b\u00e1ndon lelk\u00e9sz \u00e9lete v\u00e9g\u00e9ig (1975\u201382). Irod.: Cs\u00e1ky<\/p>\n","protected":false},"featured_media":0,"comment_status":"open","ping_status":"closed","template":"","meta":[],"product_brand":[],"product_cat":[137],"product_tag":[],"class_list":{"0":"post-6697","1":"product","2":"type-product","3":"status-publish","5":"product_cat-maros-megyei-eletrajzi-lexikon","7":"first","8":"instock","9":"shipping-taxable","10":"product-type-simple"},"_links":{"self":[{"href":"https:\/\/uj.adatbank.ro\/lexikon\/wp-json\/wp\/v2\/product\/6697","targetHints":{"allow":["GET"]}}],"collection":[{"href":"https:\/\/uj.adatbank.ro\/lexikon\/wp-json\/wp\/v2\/product"}],"about":[{"href":"https:\/\/uj.adatbank.ro\/lexikon\/wp-json\/wp\/v2\/types\/product"}],"replies":[{"embeddable":true,"href":"https:\/\/uj.adatbank.ro\/lexikon\/wp-json\/wp\/v2\/comments?post=6697"}],"wp:attachment":[{"href":"https:\/\/uj.adatbank.ro\/lexikon\/wp-json\/wp\/v2\/media?parent=6697"}],"wp:term":[{"taxonomy":"product_brand","embeddable":true,"href":"https:\/\/uj.adatbank.ro\/lexikon\/wp-json\/wp\/v2\/product_brand?post=6697"},{"taxonomy":"product_cat","embeddable":true,"href":"https:\/\/uj.adatbank.ro\/lexikon\/wp-json\/wp\/v2\/product_cat?post=6697"},{"taxonomy":"product_tag","embeddable":true,"href":"https:\/\/uj.adatbank.ro\/lexikon\/wp-json\/wp\/v2\/product_tag?post=6697"}],"curies":[{"name":"wp","href":"https:\/\/api.w.org\/{rel}","templated":true}]}}