{"id":6698,"date":"2025-06-28T18:01:35","date_gmt":"2025-06-28T16:01:35","guid":{"rendered":"https:\/\/uj.adatbank.ro\/lexikon\/termek\/demeter-eva\/"},"modified":"2025-06-28T18:01:35","modified_gmt":"2025-06-28T16:01:35","slug":"demeter-eva","status":"publish","type":"product","link":"https:\/\/uj.adatbank.ro\/lexikon\/termek\/demeter-eva\/","title":{"rendered":"DEMETER \u00c9va"},"content":{"rendered":"<p>? \u2020 Mv., 2010. okt. 17.: spotol\u00f3. \u2013 A Voin\u0163a Klub kos\u00e1rlabd\u00e1z\u00f3ja. <br \/><strong>Irod.:<\/strong> [Nekrol\u00f3g] (N\u00fa., 2010. okt. 20.)<\/br><\/p>\n","protected":false},"excerpt":{"rendered":"<p>? \u2020 Mv., 2010. okt. 17.: spotol\u00f3. \u2013 A Voin\u0163a Klub kos\u00e1rlabd\u00e1z\u00f3ja. Irod.: [Nekrol\u00f3g] (N\u00fa., 2010. okt. 20.)<\/p>\n","protected":false},"featured_media":0,"comment_status":"open","ping_status":"closed","template":"","meta":[],"product_brand":[],"product_cat":[137],"product_tag":[],"class_list":{"0":"post-6698","1":"product","2":"type-product","3":"status-publish","5":"product_cat-maros-megyei-eletrajzi-lexikon","7":"first","8":"instock","9":"shipping-taxable","10":"product-type-simple"},"_links":{"self":[{"href":"https:\/\/uj.adatbank.ro\/lexikon\/wp-json\/wp\/v2\/product\/6698","targetHints":{"allow":["GET"]}}],"collection":[{"href":"https:\/\/uj.adatbank.ro\/lexikon\/wp-json\/wp\/v2\/product"}],"about":[{"href":"https:\/\/uj.adatbank.ro\/lexikon\/wp-json\/wp\/v2\/types\/product"}],"replies":[{"embeddable":true,"href":"https:\/\/uj.adatbank.ro\/lexikon\/wp-json\/wp\/v2\/comments?post=6698"}],"wp:attachment":[{"href":"https:\/\/uj.adatbank.ro\/lexikon\/wp-json\/wp\/v2\/media?parent=6698"}],"wp:term":[{"taxonomy":"product_brand","embeddable":true,"href":"https:\/\/uj.adatbank.ro\/lexikon\/wp-json\/wp\/v2\/product_brand?post=6698"},{"taxonomy":"product_cat","embeddable":true,"href":"https:\/\/uj.adatbank.ro\/lexikon\/wp-json\/wp\/v2\/product_cat?post=6698"},{"taxonomy":"product_tag","embeddable":true,"href":"https:\/\/uj.adatbank.ro\/lexikon\/wp-json\/wp\/v2\/product_tag?post=6698"}],"curies":[{"name":"wp","href":"https:\/\/api.w.org\/{rel}","templated":true}]}}