{"id":6707,"date":"2025-06-28T18:02:02","date_gmt":"2025-06-28T16:02:02","guid":{"rendered":"https:\/\/uj.adatbank.ro\/lexikon\/termek\/demeter-istvan-3\/"},"modified":"2025-06-28T18:02:02","modified_gmt":"2025-06-28T16:02:02","slug":"demeter-istvan-3","status":"publish","type":"product","link":"https:\/\/uj.adatbank.ro\/lexikon\/termek\/demeter-istvan-3\/","title":{"rendered":"DEMETER Istv\u00e1n"},"content":{"rendered":"<p>Maroskereszt\u00far, 1930. nov. 24., \u2020\u00a0? : vegy\u00e9sz. \u2013 A kv.-i Bolyai Tud. Egyetemen v\u00e9gzett (1930. nov. 24.). Mv.-en a v\u00e9rk\u00f6zpontban dolgozott nyugd\u00edjba vonul\u00e1s\u00e1ig. \u2013 Feles\u00e9ge: Nem\u00e9nyi Edit J\u00falia (Hadr\u00e9v, 1936. nov. 11.). \u00c9lnek! Nagy L<\/br><\/p>\n","protected":false},"excerpt":{"rendered":"<p>Maroskereszt\u00far, 1930. nov. 24., \u2020\u00a0? : vegy\u00e9sz. \u2013 A kv.-i Bolyai Tud. Egyetemen v\u00e9gzett (1930. nov. 24.). Mv.-en a v\u00e9rk\u00f6zpontban dolgozott nyugd\u00edjba vonul\u00e1s\u00e1ig. \u2013 Feles\u00e9ge: Nem\u00e9nyi Edit J\u00falia (Hadr\u00e9v, 1936. nov. 11.). \u00c9lnek! Nagy L<\/p>\n","protected":false},"featured_media":0,"comment_status":"open","ping_status":"closed","template":"","meta":[],"product_brand":[],"product_cat":[137],"product_tag":[],"class_list":{"0":"post-6707","1":"product","2":"type-product","3":"status-publish","5":"product_cat-maros-megyei-eletrajzi-lexikon","7":"first","8":"instock","9":"shipping-taxable","10":"product-type-simple"},"_links":{"self":[{"href":"https:\/\/uj.adatbank.ro\/lexikon\/wp-json\/wp\/v2\/product\/6707","targetHints":{"allow":["GET"]}}],"collection":[{"href":"https:\/\/uj.adatbank.ro\/lexikon\/wp-json\/wp\/v2\/product"}],"about":[{"href":"https:\/\/uj.adatbank.ro\/lexikon\/wp-json\/wp\/v2\/types\/product"}],"replies":[{"embeddable":true,"href":"https:\/\/uj.adatbank.ro\/lexikon\/wp-json\/wp\/v2\/comments?post=6707"}],"wp:attachment":[{"href":"https:\/\/uj.adatbank.ro\/lexikon\/wp-json\/wp\/v2\/media?parent=6707"}],"wp:term":[{"taxonomy":"product_brand","embeddable":true,"href":"https:\/\/uj.adatbank.ro\/lexikon\/wp-json\/wp\/v2\/product_brand?post=6707"},{"taxonomy":"product_cat","embeddable":true,"href":"https:\/\/uj.adatbank.ro\/lexikon\/wp-json\/wp\/v2\/product_cat?post=6707"},{"taxonomy":"product_tag","embeddable":true,"href":"https:\/\/uj.adatbank.ro\/lexikon\/wp-json\/wp\/v2\/product_tag?post=6707"}],"curies":[{"name":"wp","href":"https:\/\/api.w.org\/{rel}","templated":true}]}}