{"id":6709,"date":"2025-06-28T18:02:08","date_gmt":"2025-06-28T16:02:08","guid":{"rendered":"https:\/\/uj.adatbank.ro\/lexikon\/termek\/demeter-janos-2\/"},"modified":"2025-06-28T18:02:08","modified_gmt":"2025-06-28T16:02:08","slug":"demeter-janos-2","status":"publish","type":"product","link":"https:\/\/uj.adatbank.ro\/lexikon\/termek\/demeter-janos-2\/","title":{"rendered":"DEMETER J\u00e1nos"},"content":{"rendered":"<p>Gernyeszeg, 1883., \u2020\u00a0Gernyeszeg, 1978: \u0151rmester. \u2013 Tartal\u00e9kos tenger\u00e9sz szakaszvezet\u0151. Vit\u00e9zi avat\u00e1sa (1944. febr. 28.). <br \/><strong>Irod.:<\/strong> Berekm\u00e9ri\u2013Nemes<\/br><\/p>\n","protected":false},"excerpt":{"rendered":"<p>Gernyeszeg, 1883., \u2020\u00a0Gernyeszeg, 1978: \u0151rmester. \u2013 Tartal\u00e9kos tenger\u00e9sz szakaszvezet\u0151. Vit\u00e9zi avat\u00e1sa (1944. febr. 28.). Irod.: Berekm\u00e9ri\u2013Nemes<\/p>\n","protected":false},"featured_media":0,"comment_status":"open","ping_status":"closed","template":"","meta":[],"product_brand":[],"product_cat":[137],"product_tag":[],"class_list":{"0":"post-6709","1":"product","2":"type-product","3":"status-publish","5":"product_cat-maros-megyei-eletrajzi-lexikon","7":"first","8":"instock","9":"shipping-taxable","10":"product-type-simple"},"_links":{"self":[{"href":"https:\/\/uj.adatbank.ro\/lexikon\/wp-json\/wp\/v2\/product\/6709","targetHints":{"allow":["GET"]}}],"collection":[{"href":"https:\/\/uj.adatbank.ro\/lexikon\/wp-json\/wp\/v2\/product"}],"about":[{"href":"https:\/\/uj.adatbank.ro\/lexikon\/wp-json\/wp\/v2\/types\/product"}],"replies":[{"embeddable":true,"href":"https:\/\/uj.adatbank.ro\/lexikon\/wp-json\/wp\/v2\/comments?post=6709"}],"wp:attachment":[{"href":"https:\/\/uj.adatbank.ro\/lexikon\/wp-json\/wp\/v2\/media?parent=6709"}],"wp:term":[{"taxonomy":"product_brand","embeddable":true,"href":"https:\/\/uj.adatbank.ro\/lexikon\/wp-json\/wp\/v2\/product_brand?post=6709"},{"taxonomy":"product_cat","embeddable":true,"href":"https:\/\/uj.adatbank.ro\/lexikon\/wp-json\/wp\/v2\/product_cat?post=6709"},{"taxonomy":"product_tag","embeddable":true,"href":"https:\/\/uj.adatbank.ro\/lexikon\/wp-json\/wp\/v2\/product_tag?post=6709"}],"curies":[{"name":"wp","href":"https:\/\/api.w.org\/{rel}","templated":true}]}}