{"id":6712,"date":"2025-06-28T18:02:14","date_gmt":"2025-06-28T16:02:14","guid":{"rendered":"https:\/\/uj.adatbank.ro\/lexikon\/termek\/demeter-jozsa-kernn-konradne\/"},"modified":"2025-06-28T18:02:14","modified_gmt":"2025-06-28T16:02:14","slug":"demeter-jozsa-kernn-konradne","status":"publish","type":"product","link":"https:\/\/uj.adatbank.ro\/lexikon\/termek\/demeter-jozsa-kernn-konradne\/","title":{"rendered":"DEMETER J\u00f3zsa, Kernn Konr\u00e1dn\u00e9"},"content":{"rendered":"<p>? \u2020\u00a0?: v\u00e1llalkoz\u00f3, \u00fczlettulajdonos. \u2013 F\u00e9rje: Kernn Konr\u00e1d osztr\u00e1k-m. hadseregbeli kapit\u00e1ny. Le\u00e1nyuk: Judit, aki filmszin\u00e9szn\u0151nek k\u00e9sz\u00fclt, n\u00e9met t\u00e1bornokhoz ment f\u00e9rjhez \u00e9s a h\u00e1bor\u00fa ut\u00e1n N\u00e9meto.-ban \u00e9lt. Sz\u00e1sz \u00fczletasszony. K\u00e9zimunka \u00fczletet nyitott Sz\u00e1szr\u00e9genben, kiadta a munk\u00e1t \u00e9s otthon varrtak, h\u00edmeztek neki. Mv.-en is nyitott \u00fczletet a F\u0151t\u00e9ren (1919\u2013), ahol az \u00fczem \u00e9s \u00fczlet a tulajdonos saj\u00e1t h\u00e1z\u00e1ban volt, 40\u201350 munk\u00e1sn\u0151t foglalkoztatott, h\u00edmzett, k\u00f6t\u00f6tt \u00e9s varrott k\u00e9zimunk\u00e1kat k\u00e9sz\u00edtettek, melyek izl\u00e9se \u00e9s els\u0151rang\u00fa kivitelez\u00e9s\u00fck folyt\u00e1n az eg\u00e9sz orsz\u00e1gban \u00e9s k\u00fclf\u00f6ld\u00f6n is ismertek voltak. A Mv.-re l\u00e1togat\u00f3 Ileana hercegn\u0151 is v\u00e1s\u00e1rolt t\u0151le (1926). Kv.-on \u00e9s Buk.-ben fi\u00f3k\u00fczemei voltak. Az 1940 es f\u00f6ldreng\u00e9skor Buk-ben voltak, a sz\u00e1ll\u00f3 \u00f6sszeomlott J\u00f3zsa n\u0151v\u00e9re \u00e9s legf\u0151bb seg\u00edt\u0151t\u00e1rsa ott lelte hal\u00e1l\u00e1t. A h\u00e1bor\u00fa alatt felsz\u00e1molta r\u00e9geni \u00e9s v\u00e1s\u00e1rhelyi \u00fczlet\u00e9t, majd a buk.-it is \u00e9s N\u00e9meto. -ba k\u00f6lt\u00f6z\u00f6tt a f\u00e9rj\u00e9vel. <br \/><strong>Irod.:<\/strong> EBKL; Id\u0151t\u00e1r 3, Sipos<\/br><\/p>\n","protected":false},"excerpt":{"rendered":"<p>? \u2020\u00a0?: v\u00e1llalkoz\u00f3, \u00fczlettulajdonos. \u2013 F\u00e9rje: Kernn Konr\u00e1d osztr\u00e1k-m. hadseregbeli kapit\u00e1ny. Le\u00e1nyuk: Judit, aki filmszin\u00e9szn\u0151nek k\u00e9sz\u00fclt, n\u00e9met t\u00e1bornokhoz ment f\u00e9rjhez \u00e9s a h\u00e1bor\u00fa ut\u00e1n N\u00e9meto.-ban \u00e9lt. Sz\u00e1sz \u00fczletasszony. K\u00e9zimunka \u00fczletet nyitott Sz\u00e1szr\u00e9genben, kiadta a munk\u00e1t \u00e9s otthon varrtak, h\u00edmeztek neki. Mv.-en is nyitott \u00fczletet a F\u0151t\u00e9ren (1919\u2013), ahol az \u00fczem \u00e9s \u00fczlet a tulajdonos saj\u00e1t [&hellip;]<\/p>\n","protected":false},"featured_media":0,"comment_status":"open","ping_status":"closed","template":"","meta":[],"product_brand":[],"product_cat":[137],"product_tag":[],"class_list":{"0":"post-6712","1":"product","2":"type-product","3":"status-publish","5":"product_cat-maros-megyei-eletrajzi-lexikon","7":"first","8":"instock","9":"shipping-taxable","10":"product-type-simple"},"_links":{"self":[{"href":"https:\/\/uj.adatbank.ro\/lexikon\/wp-json\/wp\/v2\/product\/6712","targetHints":{"allow":["GET"]}}],"collection":[{"href":"https:\/\/uj.adatbank.ro\/lexikon\/wp-json\/wp\/v2\/product"}],"about":[{"href":"https:\/\/uj.adatbank.ro\/lexikon\/wp-json\/wp\/v2\/types\/product"}],"replies":[{"embeddable":true,"href":"https:\/\/uj.adatbank.ro\/lexikon\/wp-json\/wp\/v2\/comments?post=6712"}],"wp:attachment":[{"href":"https:\/\/uj.adatbank.ro\/lexikon\/wp-json\/wp\/v2\/media?parent=6712"}],"wp:term":[{"taxonomy":"product_brand","embeddable":true,"href":"https:\/\/uj.adatbank.ro\/lexikon\/wp-json\/wp\/v2\/product_brand?post=6712"},{"taxonomy":"product_cat","embeddable":true,"href":"https:\/\/uj.adatbank.ro\/lexikon\/wp-json\/wp\/v2\/product_cat?post=6712"},{"taxonomy":"product_tag","embeddable":true,"href":"https:\/\/uj.adatbank.ro\/lexikon\/wp-json\/wp\/v2\/product_tag?post=6712"}],"curies":[{"name":"wp","href":"https:\/\/api.w.org\/{rel}","templated":true}]}}