{"id":6713,"date":"2025-06-28T18:02:16","date_gmt":"2025-06-28T16:02:16","guid":{"rendered":"https:\/\/uj.adatbank.ro\/lexikon\/termek\/demeter-jozsef\/"},"modified":"2025-06-28T18:02:16","modified_gmt":"2025-06-28T16:02:16","slug":"demeter-jozsef","status":"publish","type":"product","link":"https:\/\/uj.adatbank.ro\/lexikon\/termek\/demeter-jozsef\/","title":{"rendered":"DEMETER J\u00f3zsef"},"content":{"rendered":"<p>1766, \u2020 Gernyeszeg, 1824. okt. 1.: tan\u00edt\u00f3. \u2013 Kv.-on subscrib\u00e1lt (1788). Pokakereszt\u00faron volt mester \u00e9s orgonista (1794\u201398), majd Gernyeszegen tan\u00edtott (1803\u201324). <br \/><strong>Irod.:<\/strong> B\u00f6jthe Andor; \u0150sz<\/br><\/p>\n","protected":false},"excerpt":{"rendered":"<p>1766, \u2020 Gernyeszeg, 1824. okt. 1.: tan\u00edt\u00f3. \u2013 Kv.-on subscrib\u00e1lt (1788). Pokakereszt\u00faron volt mester \u00e9s orgonista (1794\u201398), majd Gernyeszegen tan\u00edtott (1803\u201324). Irod.: B\u00f6jthe Andor; \u0150sz<\/p>\n","protected":false},"featured_media":0,"comment_status":"open","ping_status":"closed","template":"","meta":[],"product_brand":[],"product_cat":[137],"product_tag":[],"class_list":{"0":"post-6713","1":"product","2":"type-product","3":"status-publish","5":"product_cat-maros-megyei-eletrajzi-lexikon","7":"first","8":"instock","9":"shipping-taxable","10":"product-type-simple"},"_links":{"self":[{"href":"https:\/\/uj.adatbank.ro\/lexikon\/wp-json\/wp\/v2\/product\/6713","targetHints":{"allow":["GET"]}}],"collection":[{"href":"https:\/\/uj.adatbank.ro\/lexikon\/wp-json\/wp\/v2\/product"}],"about":[{"href":"https:\/\/uj.adatbank.ro\/lexikon\/wp-json\/wp\/v2\/types\/product"}],"replies":[{"embeddable":true,"href":"https:\/\/uj.adatbank.ro\/lexikon\/wp-json\/wp\/v2\/comments?post=6713"}],"wp:attachment":[{"href":"https:\/\/uj.adatbank.ro\/lexikon\/wp-json\/wp\/v2\/media?parent=6713"}],"wp:term":[{"taxonomy":"product_brand","embeddable":true,"href":"https:\/\/uj.adatbank.ro\/lexikon\/wp-json\/wp\/v2\/product_brand?post=6713"},{"taxonomy":"product_cat","embeddable":true,"href":"https:\/\/uj.adatbank.ro\/lexikon\/wp-json\/wp\/v2\/product_cat?post=6713"},{"taxonomy":"product_tag","embeddable":true,"href":"https:\/\/uj.adatbank.ro\/lexikon\/wp-json\/wp\/v2\/product_tag?post=6713"}],"curies":[{"name":"wp","href":"https:\/\/api.w.org\/{rel}","templated":true}]}}