{"id":6714,"date":"2025-06-28T18:02:18","date_gmt":"2025-06-28T16:02:18","guid":{"rendered":"https:\/\/uj.adatbank.ro\/lexikon\/termek\/demeter-jozsef-2\/"},"modified":"2025-06-28T18:02:18","modified_gmt":"2025-06-28T16:02:18","slug":"demeter-jozsef-2","status":"publish","type":"product","link":"https:\/\/uj.adatbank.ro\/lexikon\/termek\/demeter-jozsef-2\/","title":{"rendered":"DEMETER J\u00f3zsef"},"content":{"rendered":"<p>1934., \u2020 Mv., 2000. \u00e1pr. 7.: ref. lelk\u00e9sz. \u2013 A teol\u00f3gi\u00e1t (1959) v\u00e9gezte. Kinevezt\u00e9k Kisf\u00fclp\u00f6sre (1959). Abaf\u00e1j\u00e1n szolg\u00e1lt nyugd\u00edjaz\u00e1s\u00e1ig (1970\u201398). Meg\u00edrta az abaf\u00e1ji ref. egyh\u00e1zk\u00f6zs\u00e9g t\u00f6rt\u00e9net\u00e9t. M\u0171ve k\u00e9z\u00edratban maradt. <br \/><strong>Irod.:<\/strong> Abaf\u00e1ja, Cs\u00e1ky<\/br><\/p>\n","protected":false},"excerpt":{"rendered":"<p>1934., \u2020 Mv., 2000. \u00e1pr. 7.: ref. lelk\u00e9sz. \u2013 A teol\u00f3gi\u00e1t (1959) v\u00e9gezte. Kinevezt\u00e9k Kisf\u00fclp\u00f6sre (1959). Abaf\u00e1j\u00e1n szolg\u00e1lt nyugd\u00edjaz\u00e1s\u00e1ig (1970\u201398). Meg\u00edrta az abaf\u00e1ji ref. egyh\u00e1zk\u00f6zs\u00e9g t\u00f6rt\u00e9net\u00e9t. M\u0171ve k\u00e9z\u00edratban maradt. Irod.: Abaf\u00e1ja, Cs\u00e1ky<\/p>\n","protected":false},"featured_media":0,"comment_status":"open","ping_status":"closed","template":"","meta":[],"product_brand":[],"product_cat":[137],"product_tag":[],"class_list":{"0":"post-6714","1":"product","2":"type-product","3":"status-publish","5":"product_cat-maros-megyei-eletrajzi-lexikon","7":"first","8":"instock","9":"shipping-taxable","10":"product-type-simple"},"_links":{"self":[{"href":"https:\/\/uj.adatbank.ro\/lexikon\/wp-json\/wp\/v2\/product\/6714","targetHints":{"allow":["GET"]}}],"collection":[{"href":"https:\/\/uj.adatbank.ro\/lexikon\/wp-json\/wp\/v2\/product"}],"about":[{"href":"https:\/\/uj.adatbank.ro\/lexikon\/wp-json\/wp\/v2\/types\/product"}],"replies":[{"embeddable":true,"href":"https:\/\/uj.adatbank.ro\/lexikon\/wp-json\/wp\/v2\/comments?post=6714"}],"wp:attachment":[{"href":"https:\/\/uj.adatbank.ro\/lexikon\/wp-json\/wp\/v2\/media?parent=6714"}],"wp:term":[{"taxonomy":"product_brand","embeddable":true,"href":"https:\/\/uj.adatbank.ro\/lexikon\/wp-json\/wp\/v2\/product_brand?post=6714"},{"taxonomy":"product_cat","embeddable":true,"href":"https:\/\/uj.adatbank.ro\/lexikon\/wp-json\/wp\/v2\/product_cat?post=6714"},{"taxonomy":"product_tag","embeddable":true,"href":"https:\/\/uj.adatbank.ro\/lexikon\/wp-json\/wp\/v2\/product_tag?post=6714"}],"curies":[{"name":"wp","href":"https:\/\/api.w.org\/{rel}","templated":true}]}}