{"id":6715,"date":"2025-06-28T18:02:20","date_gmt":"2025-06-28T16:02:20","guid":{"rendered":"https:\/\/uj.adatbank.ro\/lexikon\/termek\/demeter-jozsef-dome\/"},"modified":"2025-06-28T18:02:20","modified_gmt":"2025-06-28T16:02:20","slug":"demeter-jozsef-dome","status":"publish","type":"product","link":"https:\/\/uj.adatbank.ro\/lexikon\/termek\/demeter-jozsef-dome\/","title":{"rendered":"DEMETER J\u00f3zsef, D\u00f6me"},"content":{"rendered":"<p>1947., \u2020 Mv., 2009. okt. 20.: sporttan\u00e1r. &#8211; Sport p\u00e1lyafut\u00e1s\u00e1t a Hargita SE \u2013ben kezdte (1950-es \u00e9vekben). F\u0151iskol\u00e1s kor\u00e1ban a 3. oszt. -\u00fa sonkolyosi B\u00e1ny\u00e1sz h\u00e1l\u00f3\u00f6re. Mez\u0151cs\u00e1v\u00e1son testnevel\u0151tan\u00e1r (k\u00e9t \u00e9vtizedig). A mv.-i sportiskola labdar\u00fag\u00f3 szaktan\u00e1ra. <br \/><strong>Irod.:<\/strong> Kl\u00f3sz B\u00e1lint: In memoriam D\u00f6me (N\u00fa., 2009. okt. 26.); [Nekrol\u00f3g] (N\u00fa., 2009. okt.?)<\/br><\/p>\n","protected":false},"excerpt":{"rendered":"<p>1947., \u2020 Mv., 2009. okt. 20.: sporttan\u00e1r. &#8211; Sport p\u00e1lyafut\u00e1s\u00e1t a Hargita SE \u2013ben kezdte (1950-es \u00e9vekben). F\u0151iskol\u00e1s kor\u00e1ban a 3. oszt. -\u00fa sonkolyosi B\u00e1ny\u00e1sz h\u00e1l\u00f3\u00f6re. Mez\u0151cs\u00e1v\u00e1son testnevel\u0151tan\u00e1r (k\u00e9t \u00e9vtizedig). A mv.-i sportiskola labdar\u00fag\u00f3 szaktan\u00e1ra. Irod.: Kl\u00f3sz B\u00e1lint: In memoriam D\u00f6me (N\u00fa., 2009. okt. 26.); [Nekrol\u00f3g] (N\u00fa., 2009. okt.?)<\/p>\n","protected":false},"featured_media":0,"comment_status":"open","ping_status":"closed","template":"","meta":[],"product_brand":[],"product_cat":[137],"product_tag":[],"class_list":{"0":"post-6715","1":"product","2":"type-product","3":"status-publish","5":"product_cat-maros-megyei-eletrajzi-lexikon","7":"first","8":"instock","9":"shipping-taxable","10":"product-type-simple"},"_links":{"self":[{"href":"https:\/\/uj.adatbank.ro\/lexikon\/wp-json\/wp\/v2\/product\/6715","targetHints":{"allow":["GET"]}}],"collection":[{"href":"https:\/\/uj.adatbank.ro\/lexikon\/wp-json\/wp\/v2\/product"}],"about":[{"href":"https:\/\/uj.adatbank.ro\/lexikon\/wp-json\/wp\/v2\/types\/product"}],"replies":[{"embeddable":true,"href":"https:\/\/uj.adatbank.ro\/lexikon\/wp-json\/wp\/v2\/comments?post=6715"}],"wp:attachment":[{"href":"https:\/\/uj.adatbank.ro\/lexikon\/wp-json\/wp\/v2\/media?parent=6715"}],"wp:term":[{"taxonomy":"product_brand","embeddable":true,"href":"https:\/\/uj.adatbank.ro\/lexikon\/wp-json\/wp\/v2\/product_brand?post=6715"},{"taxonomy":"product_cat","embeddable":true,"href":"https:\/\/uj.adatbank.ro\/lexikon\/wp-json\/wp\/v2\/product_cat?post=6715"},{"taxonomy":"product_tag","embeddable":true,"href":"https:\/\/uj.adatbank.ro\/lexikon\/wp-json\/wp\/v2\/product_tag?post=6715"}],"curies":[{"name":"wp","href":"https:\/\/api.w.org\/{rel}","templated":true}]}}