{"id":6717,"date":"2025-06-28T18:02:24","date_gmt":"2025-06-28T16:02:24","guid":{"rendered":"https:\/\/uj.adatbank.ro\/lexikon\/termek\/demeter-karoly-szemerjai\/"},"modified":"2025-06-28T18:02:24","modified_gmt":"2025-06-28T16:02:24","slug":"demeter-karoly-szemerjai","status":"publish","type":"product","link":"https:\/\/uj.adatbank.ro\/lexikon\/termek\/demeter-karoly-szemerjai\/","title":{"rendered":"DEMETER K\u00e1roly, szemerjai"},"content":{"rendered":"<p>Magyar\u00f3, 1892. szept. 10. \u2020 Bp., 1983. j\u00fan. 17.: f\u00e9nyk\u00e9p\u00e9sz, fot\u00f3m\u0171v\u00e9sz, szobr\u00e1sz. \u2013 D. S\u00e1muel \u00e9s fegyverneki Fegyverneky Berta fia. Testv\u00e9rei: R\u00f3bert, Erzs\u00e9bet dr. Nyerges G\u00e1born\u00e9, Ilonka, Albert, S\u00e1ri. \u2013 Mv.-en \u00e9retts\u00e9gizett (1910). A f\u00e9nyk\u00e9p\u00e9sz mesters\u00e9get Csonka G\u00e9za m\u0171term\u00e9ben saj\u00e1t\u00edtotta el (1910\u201312). K\u00e9t\u00e9ves v\u00e1ndor\u00fat ut\u00e1n \u00e9rkezett Szegedre, ahol Lintner Ferenc m\u0171term\u00e9t vezette (1914\u201318). Bp.-en Labori M\u00e9sz\u00f6ly Mikl\u00f3s, Kish\u00e1zi M\u00e1ria, Strelisky S\u00e1ndor m\u0171term\u00e9ben dolgozott (1919\u201323). Belgr\u00e1dban \u00f6n\u00e1ll\u00f3 m\u0171termet nyitott (1924), \u00e9let\u00fatj\u00e1t P\u00e1rizsban folytatta, ahol a Studio Mandel alkalmazottja (1924\u201325), majd a Studio Walerie operat\u0151re \u00e9s m\u0171teremvezet\u0151je (1925\u201328). Visszatelep\u00fclt Bp. -re (1929), t\u00e1rsult Halmi B\u00e9la f\u00e9nyk\u00e9p\u00e9sszel (1930\u201340), majd a M. Filmiroda munkat\u00e1rsak\u00e9nt a kor nevezetes szem\u00e9lyis\u00e9geit \u00f6r\u00f6k\u00edtette meg a MNM T\u00f6rt\u00e9neti arck\u00e9pcsarnoka r\u00e9sz\u00e9re (1940\u201345). M\u0171termet nyitott, ezt sz\u00e9tl\u0151tt\u00e9k (1949\u201356), vele egy\u00fctt eg\u00e9sz archivum\u00e1t. Ezut\u00e1n m\u00e1r csak a lak\u00e1s\u00e1n f\u00e9nyk\u00e9pezett. A szobr\u00e1szatot autodidakta m\u00f3don saj\u00e1t\u00edtotta el. Kisebb szobrokat \u00e9s plaketteket k\u00e9sz\u00edtett: Bart\u00f3k B\u00e9la, Kod\u00e1ly Z., Petzval J\u00f3zsefr\u0151l, stb. Tagja volt a: Soci\u00e9t\u00e9 Francaise de Photographie (1924\u201328); a Kisiparosok Orsz\u00e1gos Szervezet\u00e9nek (1950\u201372); a M. Fot\u00f3m\u0171v\u00e9szek Sz\u00f6vets\u00e9g\u00e9nek (1980\u2013); \u00e9s a M. N\u00e9pk\u00f6zt\u00e1rsas\u00e1g M\u0171v\u00e9szeti Alapj\u00e1nak. Kit\u00fcntet\u00e9sei, c\u00edmei: Tuniszi D\u00edcs\u0151s\u00e9g Rend (1925); a Francia Tud. Akad. P\u00e1lmrend lovagja (P\u00e1rizs, 1928); Albrecht \u00e9s J\u00f3zsef f\u0151herceg udvari f\u00e9nyk\u00e9p\u00e9sze (1941); M. Kir\u00e1lyi Korm\u00e1nytan\u00e1csos (Bp., 1943); K\u00f6zt\u00e1rsas\u00e1gi \u00c9rdemrend (Tun\u00e9zia, 1968). \u2013 <strong>F. ki\u00e1ll.:<\/strong> \u00f6n\u00e1ll\u00f3: P\u00e1rizs (1926); csoportos: Orsz. F\u00e9nyk\u00e9p\u00e9sz Ki\u00e1ll. (Bp., 1921); Salon International de photographie (P\u00e1rizs 1924; 1925); Sociedad Fotografica de Zaragosa (1925, arany\u00e9rem); La Revue Francaise de Photographie (P\u00e1rizs, 1925, ez\u00fcstdiploma); II. Nemzetk\u00f6zi M\u0171v\u00e9szi F\u00e9nyk\u00e9pki\u00e1ll. (Bp., 1927); V. Orsz\u00e1gos K\u00e9zm\u0171ipari Ki\u00e1ll. (Bp., 1937, arany\u00e9rem); A M. Fot\u00f3m\u0171v\u00e9szet 125 \u00e9ve (Bp., 1966). \u2013 F. m. fot\u00f3i: Invocation (1924); F\u00e9lelem (1925); Sz\u0151l\u0151f\u00fcrt (1926); Vid\u00e9ki f\u00f6ldes\u00far (1927); T\u00e1nctanulm\u00e1ny (1927); K\u00f6lt\u0151 portr\u00e9ja (1927); Akt t\u00fck\u00f6rrel (1928); Cigarett\u00e1z\u00f3 n\u0151 (1928); T\u00e1ncosn\u0151k (1949). <br \/><strong>Irod.:<\/strong> R\u00daL<\/br><\/p>\n","protected":false},"excerpt":{"rendered":"<p>Magyar\u00f3, 1892. szept. 10. \u2020 Bp., 1983. j\u00fan. 17.: f\u00e9nyk\u00e9p\u00e9sz, fot\u00f3m\u0171v\u00e9sz, szobr\u00e1sz. \u2013 D. S\u00e1muel \u00e9s fegyverneki Fegyverneky Berta fia. Testv\u00e9rei: R\u00f3bert, Erzs\u00e9bet dr. Nyerges G\u00e1born\u00e9, Ilonka, Albert, S\u00e1ri. \u2013 Mv.-en \u00e9retts\u00e9gizett (1910). A f\u00e9nyk\u00e9p\u00e9sz mesters\u00e9get Csonka G\u00e9za m\u0171term\u00e9ben saj\u00e1t\u00edtotta el (1910\u201312). K\u00e9t\u00e9ves v\u00e1ndor\u00fat ut\u00e1n \u00e9rkezett Szegedre, ahol Lintner Ferenc m\u0171term\u00e9t vezette (1914\u201318). Bp.-en Labori [&hellip;]<\/p>\n","protected":false},"featured_media":0,"comment_status":"open","ping_status":"closed","template":"","meta":[],"product_brand":[],"product_cat":[137],"product_tag":[],"class_list":{"0":"post-6717","1":"product","2":"type-product","3":"status-publish","5":"product_cat-maros-megyei-eletrajzi-lexikon","7":"first","8":"instock","9":"shipping-taxable","10":"product-type-simple"},"_links":{"self":[{"href":"https:\/\/uj.adatbank.ro\/lexikon\/wp-json\/wp\/v2\/product\/6717","targetHints":{"allow":["GET"]}}],"collection":[{"href":"https:\/\/uj.adatbank.ro\/lexikon\/wp-json\/wp\/v2\/product"}],"about":[{"href":"https:\/\/uj.adatbank.ro\/lexikon\/wp-json\/wp\/v2\/types\/product"}],"replies":[{"embeddable":true,"href":"https:\/\/uj.adatbank.ro\/lexikon\/wp-json\/wp\/v2\/comments?post=6717"}],"wp:attachment":[{"href":"https:\/\/uj.adatbank.ro\/lexikon\/wp-json\/wp\/v2\/media?parent=6717"}],"wp:term":[{"taxonomy":"product_brand","embeddable":true,"href":"https:\/\/uj.adatbank.ro\/lexikon\/wp-json\/wp\/v2\/product_brand?post=6717"},{"taxonomy":"product_cat","embeddable":true,"href":"https:\/\/uj.adatbank.ro\/lexikon\/wp-json\/wp\/v2\/product_cat?post=6717"},{"taxonomy":"product_tag","embeddable":true,"href":"https:\/\/uj.adatbank.ro\/lexikon\/wp-json\/wp\/v2\/product_tag?post=6717"}],"curies":[{"name":"wp","href":"https:\/\/api.w.org\/{rel}","templated":true}]}}