{"id":6720,"date":"2025-06-28T18:02:30","date_gmt":"2025-06-28T16:02:30","guid":{"rendered":"https:\/\/uj.adatbank.ro\/lexikon\/termek\/demeter-marton\/"},"modified":"2025-06-28T18:02:30","modified_gmt":"2025-06-28T16:02:30","slug":"demeter-marton","status":"publish","type":"product","link":"https:\/\/uj.adatbank.ro\/lexikon\/termek\/demeter-marton\/","title":{"rendered":"DEMETER M\u00e1rton"},"content":{"rendered":"<p>? \u2020\u00a0? : pl\u00e9b\u00e1nos. \u2013 A k\u00e1ptalan tagjak\u00e9nt volt \u0151rkanonok, olvas\u00f3kanonok, pr\u00e9post, p\u00fcsp\u00f6ki helyettes. Mint \u0151rkanonok 600 Ft volt a j\u00e1rand\u00f3s\u00e9ga. Napl\u00f3t vezetett a k\u00e1ptalan bev\u00e9teleir\u0151l. A k\u00e1ptalan helyet kapott az orsz\u00e1ggy\u0171l\u00e9sben. Hal\u00e1la el\u0151tt alap\u00edtv\u00e1nyk\u00e9nt a papn\u00f6vend\u00e9kek r\u00e9sz\u00e9re hatezer forintott hagyott. R\u00e9\u00e9szt vett a R\u00e1k\u00f3czi-f\u00e9le szbads\u00e1gharcban. Mv.-en jelen volt II. R\u00e1k\u00f3czi Ferenc fejedelemm\u00e9 val\u00f3 beiktat\u00e1s\u00e1ban (1707. \u00e1pr. 5.). <br \/><strong>Irod.:<\/strong> Ferenczi S\u00e1ndor 2012; Ferenczi S\u00e1ndor 2012<\/br><\/p>\n","protected":false},"excerpt":{"rendered":"<p>? \u2020\u00a0? : pl\u00e9b\u00e1nos. \u2013 A k\u00e1ptalan tagjak\u00e9nt volt \u0151rkanonok, olvas\u00f3kanonok, pr\u00e9post, p\u00fcsp\u00f6ki helyettes. Mint \u0151rkanonok 600 Ft volt a j\u00e1rand\u00f3s\u00e9ga. Napl\u00f3t vezetett a k\u00e1ptalan bev\u00e9teleir\u0151l. A k\u00e1ptalan helyet kapott az orsz\u00e1ggy\u0171l\u00e9sben. Hal\u00e1la el\u0151tt alap\u00edtv\u00e1nyk\u00e9nt a papn\u00f6vend\u00e9kek r\u00e9sz\u00e9re hatezer forintott hagyott. R\u00e9\u00e9szt vett a R\u00e1k\u00f3czi-f\u00e9le szbads\u00e1gharcban. Mv.-en jelen volt II. R\u00e1k\u00f3czi Ferenc fejedelemm\u00e9 val\u00f3 beiktat\u00e1s\u00e1ban [&hellip;]<\/p>\n","protected":false},"featured_media":0,"comment_status":"open","ping_status":"closed","template":"","meta":[],"product_brand":[],"product_cat":[137],"product_tag":[],"class_list":{"0":"post-6720","1":"product","2":"type-product","3":"status-publish","5":"product_cat-maros-megyei-eletrajzi-lexikon","7":"first","8":"instock","9":"shipping-taxable","10":"product-type-simple"},"_links":{"self":[{"href":"https:\/\/uj.adatbank.ro\/lexikon\/wp-json\/wp\/v2\/product\/6720","targetHints":{"allow":["GET"]}}],"collection":[{"href":"https:\/\/uj.adatbank.ro\/lexikon\/wp-json\/wp\/v2\/product"}],"about":[{"href":"https:\/\/uj.adatbank.ro\/lexikon\/wp-json\/wp\/v2\/types\/product"}],"replies":[{"embeddable":true,"href":"https:\/\/uj.adatbank.ro\/lexikon\/wp-json\/wp\/v2\/comments?post=6720"}],"wp:attachment":[{"href":"https:\/\/uj.adatbank.ro\/lexikon\/wp-json\/wp\/v2\/media?parent=6720"}],"wp:term":[{"taxonomy":"product_brand","embeddable":true,"href":"https:\/\/uj.adatbank.ro\/lexikon\/wp-json\/wp\/v2\/product_brand?post=6720"},{"taxonomy":"product_cat","embeddable":true,"href":"https:\/\/uj.adatbank.ro\/lexikon\/wp-json\/wp\/v2\/product_cat?post=6720"},{"taxonomy":"product_tag","embeddable":true,"href":"https:\/\/uj.adatbank.ro\/lexikon\/wp-json\/wp\/v2\/product_tag?post=6720"}],"curies":[{"name":"wp","href":"https:\/\/api.w.org\/{rel}","templated":true}]}}