{"id":6725,"date":"2025-06-28T18:02:39","date_gmt":"2025-06-28T16:02:39","guid":{"rendered":"https:\/\/uj.adatbank.ro\/lexikon\/termek\/demeter-samuel-szemeriai\/"},"modified":"2025-06-28T18:02:39","modified_gmt":"2025-06-28T16:02:39","slug":"demeter-samuel-szemeriai","status":"publish","type":"product","link":"https:\/\/uj.adatbank.ro\/lexikon\/termek\/demeter-samuel-szemeriai\/","title":{"rendered":"DEMETER S\u00e1muel, szemeriai"},"content":{"rendered":"<p>1845.?, \u2020\u00a0Mv., 1912. jan. 8.: tan\u00edt\u00f3. \u2013 Feles\u00e9ge: fegyverneki Fegyverneky Berta. Gyermekeik\u00a0: R\u00f3bert, Erzs\u00e9bet dr. Nyerges G\u00e1born\u00e9, Dezs\u0151, Ilonka, K\u00e1roly, Albert, S\u00e1ri. <br \/><strong>Irod.:<\/strong> Gy\u00e1szjelent.<\/br><\/p>\n","protected":false},"excerpt":{"rendered":"<p>1845.?, \u2020\u00a0Mv., 1912. jan. 8.: tan\u00edt\u00f3. \u2013 Feles\u00e9ge: fegyverneki Fegyverneky Berta. Gyermekeik\u00a0: R\u00f3bert, Erzs\u00e9bet dr. Nyerges G\u00e1born\u00e9, Dezs\u0151, Ilonka, K\u00e1roly, Albert, S\u00e1ri. Irod.: Gy\u00e1szjelent.<\/p>\n","protected":false},"featured_media":0,"comment_status":"open","ping_status":"closed","template":"","meta":[],"product_brand":[],"product_cat":[137],"product_tag":[],"class_list":{"0":"post-6725","1":"product","2":"type-product","3":"status-publish","5":"product_cat-maros-megyei-eletrajzi-lexikon","7":"first","8":"instock","9":"shipping-taxable","10":"product-type-simple"},"_links":{"self":[{"href":"https:\/\/uj.adatbank.ro\/lexikon\/wp-json\/wp\/v2\/product\/6725","targetHints":{"allow":["GET"]}}],"collection":[{"href":"https:\/\/uj.adatbank.ro\/lexikon\/wp-json\/wp\/v2\/product"}],"about":[{"href":"https:\/\/uj.adatbank.ro\/lexikon\/wp-json\/wp\/v2\/types\/product"}],"replies":[{"embeddable":true,"href":"https:\/\/uj.adatbank.ro\/lexikon\/wp-json\/wp\/v2\/comments?post=6725"}],"wp:attachment":[{"href":"https:\/\/uj.adatbank.ro\/lexikon\/wp-json\/wp\/v2\/media?parent=6725"}],"wp:term":[{"taxonomy":"product_brand","embeddable":true,"href":"https:\/\/uj.adatbank.ro\/lexikon\/wp-json\/wp\/v2\/product_brand?post=6725"},{"taxonomy":"product_cat","embeddable":true,"href":"https:\/\/uj.adatbank.ro\/lexikon\/wp-json\/wp\/v2\/product_cat?post=6725"},{"taxonomy":"product_tag","embeddable":true,"href":"https:\/\/uj.adatbank.ro\/lexikon\/wp-json\/wp\/v2\/product_tag?post=6725"}],"curies":[{"name":"wp","href":"https:\/\/api.w.org\/{rel}","templated":true}]}}