{"id":6726,"date":"2025-06-28T18:02:41","date_gmt":"2025-06-28T16:02:41","guid":{"rendered":"https:\/\/uj.adatbank.ro\/lexikon\/termek\/demeter-vilma-szollosine\/"},"modified":"2025-06-28T18:02:41","modified_gmt":"2025-06-28T16:02:41","slug":"demeter-vilma-szollosine","status":"publish","type":"product","link":"https:\/\/uj.adatbank.ro\/lexikon\/termek\/demeter-vilma-szollosine\/","title":{"rendered":"DEMETER Vilma, Sz\u00f6ll\u0151sin\u00e9"},"content":{"rendered":"<p>Mv., ? \u2020\u00a0? : tisztvisel\u0151. A mv.-i v\u00e1rosh\u00e1z\u00e1n anyak\u00f6nyvvezet\u0151nek nevezt\u00e9k ki (1946. febr. \u2013), els\u0151 n\u0151 ebben a funkci\u00f3ban. <br \/><strong>Irod.:<\/strong> N\u0151t neveztek ki irodavezet\u0151nek a mv.-i v\u00e1rosh\u00e1z\u00e1n (Szabad Sz\u00f3, 1946. febr. 17.)<\/br><\/p>\n","protected":false},"excerpt":{"rendered":"<p>Mv., ? \u2020\u00a0? : tisztvisel\u0151. A mv.-i v\u00e1rosh\u00e1z\u00e1n anyak\u00f6nyvvezet\u0151nek nevezt\u00e9k ki (1946. febr. \u2013), els\u0151 n\u0151 ebben a funkci\u00f3ban. Irod.: N\u0151t neveztek ki irodavezet\u0151nek a mv.-i v\u00e1rosh\u00e1z\u00e1n (Szabad Sz\u00f3, 1946. febr. 17.)<\/p>\n","protected":false},"featured_media":0,"comment_status":"open","ping_status":"closed","template":"","meta":[],"product_brand":[],"product_cat":[137],"product_tag":[],"class_list":{"0":"post-6726","1":"product","2":"type-product","3":"status-publish","5":"product_cat-maros-megyei-eletrajzi-lexikon","7":"first","8":"instock","9":"shipping-taxable","10":"product-type-simple"},"_links":{"self":[{"href":"https:\/\/uj.adatbank.ro\/lexikon\/wp-json\/wp\/v2\/product\/6726","targetHints":{"allow":["GET"]}}],"collection":[{"href":"https:\/\/uj.adatbank.ro\/lexikon\/wp-json\/wp\/v2\/product"}],"about":[{"href":"https:\/\/uj.adatbank.ro\/lexikon\/wp-json\/wp\/v2\/types\/product"}],"replies":[{"embeddable":true,"href":"https:\/\/uj.adatbank.ro\/lexikon\/wp-json\/wp\/v2\/comments?post=6726"}],"wp:attachment":[{"href":"https:\/\/uj.adatbank.ro\/lexikon\/wp-json\/wp\/v2\/media?parent=6726"}],"wp:term":[{"taxonomy":"product_brand","embeddable":true,"href":"https:\/\/uj.adatbank.ro\/lexikon\/wp-json\/wp\/v2\/product_brand?post=6726"},{"taxonomy":"product_cat","embeddable":true,"href":"https:\/\/uj.adatbank.ro\/lexikon\/wp-json\/wp\/v2\/product_cat?post=6726"},{"taxonomy":"product_tag","embeddable":true,"href":"https:\/\/uj.adatbank.ro\/lexikon\/wp-json\/wp\/v2\/product_tag?post=6726"}],"curies":[{"name":"wp","href":"https:\/\/api.w.org\/{rel}","templated":true}]}}