{"id":6728,"date":"2025-06-28T18:02:44","date_gmt":"2025-06-28T16:02:44","guid":{"rendered":"https:\/\/uj.adatbank.ro\/lexikon\/termek\/demetrescu-mihail-%c2%a7-alneve-mihai-dragos\/"},"modified":"2025-06-28T18:02:44","modified_gmt":"2025-06-28T16:02:44","slug":"demetrescu-mihail-%c2%a7-alneve-mihai-dragos","status":"publish","type":"product","link":"https:\/\/uj.adatbank.ro\/lexikon\/termek\/demetrescu-mihail-%c2%a7-alneve-mihai-dragos\/","title":{"rendered":"DEMETRESCU Mihail, \u00a7 \u00e1lneve: Mihai Drago\u015f"},"content":{"rendered":"<p>Burdujeni (Boto\u015fani), 1894. aug. 24., \u2020\u00a0?: tan\u00e1r, k\u00f6lt\u0151, t\u00f6rt\u00e9n\u00e9sz, \u00fajs\u00e1g\u00edr\u00f3. \u2013 Moldvai sz\u00e1rmaz\u00e1s\u00fa. A iasi egyetemen szerzett rom\u00e1ntan\u00e1ri okl. -t. Mv.-en tan\u00edtott a Papiu Ilarian L\u00edc.-ban t\u00f6rt\u00e9nelmet (1924\u201326; 1929\u201340); a v\u00e1ros id\u0151k\u00f6zi B\u00edzotts\u00e1g\u00e1nak aleln\u00f6ke (1933). Szerk. -tette a Gazeta Mure\u015fului (1931\u201338), a Pov\u0103\u0163uitorul \u015fcol\u0103rimii (1937\u201338) \u00e9s a Rena\u015fterea Na\u0163ional\u0103 (1940) c. lapokat \u00e9s Mihai Drago\u015f \u00e1ln\u00e9ven a Liber\u00e1lis P\u00e1rt Viitorul Mure\u015fului c. hetilapj\u00e1t (1925\u201326). A \u015eoimii c. Mihai Viteazul L\u00edc. -nak, a kad\u00e9tiskol\u00e1sok lapj\u00e1nak irodalmi rovat\u00e1t N. Sulic\u0103-val szerkesztette, ahol tan\u00e1r is volt. Tanulm\u00e1nyokat, novell\u00e1kat, verseket \u00edrt. Meg\u00edrta a v\u00e1ros els\u0151 rom\u00e1n ny. kis monogr\u00e1fi\u00e1j\u00e1t: Un ora\u015f demn de v\u0103zut, Tg. Mure\u015f (1933), valamint Tg. Mure\u015f, istorie, istitu\u0163ii, monumente (1936) turistakalauzt. \u2013 <strong>F. m.:<\/strong> Izvoade, 1880\u20131890 (Buc., 1891); Noua lege a conversiunii (Mv., 1933); Istoria lumii \u00een tablouri sinoptice (Tg. M., 1933); Aspecte din trecutul omenirii (Tg. M., s. a.); Nuvele (Buc., s. a); Pe urmele str\u0103mo\u015filor (versek; gravuri linoleum Aurel Ciupe; Tg. M., s. a.); <strong>t\u00e1rssz.:<\/strong> Un ora\u015f demn de v\u0103z\u0103ut, T\u00e2rgu Mure\u015f (Mv., 1933). <br \/><strong>Irod.:<\/strong> Ciortea; F\u00fcl\u00f6p\u2013Ferencz; Guly\u00e1s; Id\u0151t\u00e1r 3; M\u0103rtina\u015f; Mv. m\u0171v. v\u00e1r.; Popt\u0103ma\u015f\u2013M\u00f3zes; Semicentenar Al. Papiu (1969., p. 90); \u015eerban 2006<\/br><\/p>\n","protected":false},"excerpt":{"rendered":"<p>Burdujeni (Boto\u015fani), 1894. aug. 24., \u2020\u00a0?: tan\u00e1r, k\u00f6lt\u0151, t\u00f6rt\u00e9n\u00e9sz, \u00fajs\u00e1g\u00edr\u00f3. \u2013 Moldvai sz\u00e1rmaz\u00e1s\u00fa. A iasi egyetemen szerzett rom\u00e1ntan\u00e1ri okl. -t. Mv.-en tan\u00edtott a Papiu Ilarian L\u00edc.-ban t\u00f6rt\u00e9nelmet (1924\u201326; 1929\u201340); a v\u00e1ros id\u0151k\u00f6zi B\u00edzotts\u00e1g\u00e1nak aleln\u00f6ke (1933). Szerk. -tette a Gazeta Mure\u015fului (1931\u201338), a Pov\u0103\u0163uitorul \u015fcol\u0103rimii (1937\u201338) \u00e9s a Rena\u015fterea Na\u0163ional\u0103 (1940) c. lapokat \u00e9s Mihai Drago\u015f [&hellip;]<\/p>\n","protected":false},"featured_media":0,"comment_status":"open","ping_status":"closed","template":"","meta":[],"product_brand":[],"product_cat":[137],"product_tag":[],"class_list":{"0":"post-6728","1":"product","2":"type-product","3":"status-publish","5":"product_cat-maros-megyei-eletrajzi-lexikon","7":"first","8":"instock","9":"shipping-taxable","10":"product-type-simple"},"_links":{"self":[{"href":"https:\/\/uj.adatbank.ro\/lexikon\/wp-json\/wp\/v2\/product\/6728","targetHints":{"allow":["GET"]}}],"collection":[{"href":"https:\/\/uj.adatbank.ro\/lexikon\/wp-json\/wp\/v2\/product"}],"about":[{"href":"https:\/\/uj.adatbank.ro\/lexikon\/wp-json\/wp\/v2\/types\/product"}],"replies":[{"embeddable":true,"href":"https:\/\/uj.adatbank.ro\/lexikon\/wp-json\/wp\/v2\/comments?post=6728"}],"wp:attachment":[{"href":"https:\/\/uj.adatbank.ro\/lexikon\/wp-json\/wp\/v2\/media?parent=6728"}],"wp:term":[{"taxonomy":"product_brand","embeddable":true,"href":"https:\/\/uj.adatbank.ro\/lexikon\/wp-json\/wp\/v2\/product_brand?post=6728"},{"taxonomy":"product_cat","embeddable":true,"href":"https:\/\/uj.adatbank.ro\/lexikon\/wp-json\/wp\/v2\/product_cat?post=6728"},{"taxonomy":"product_tag","embeddable":true,"href":"https:\/\/uj.adatbank.ro\/lexikon\/wp-json\/wp\/v2\/product_tag?post=6728"}],"curies":[{"name":"wp","href":"https:\/\/api.w.org\/{rel}","templated":true}]}}