{"id":6729,"date":"2025-06-28T18:02:46","date_gmt":"2025-06-28T16:02:46","guid":{"rendered":"https:\/\/uj.adatbank.ro\/lexikon\/termek\/demetriad-alexandru-%c2%a7\/"},"modified":"2025-06-28T18:02:46","modified_gmt":"2025-06-28T16:02:46","slug":"demetriad-alexandru-%c2%a7","status":"publish","type":"product","link":"https:\/\/uj.adatbank.ro\/lexikon\/termek\/demetriad-alexandru-%c2%a7\/","title":{"rendered":"DEMETRIAD Alexandru \u00a7"},"content":{"rendered":"<p>Putini, 1903. m\u00e1rc. 28., \u2020 Buk., 1983. \u00e1pr. 23.: zongoram\u0171v\u00e9sz, zeneszerz\u0151. \u2013 A mv.-i zeneiskol\u00e1ban tanult \u00e9s az Al. Papiu Ilarian L\u00edc.-ban \u00e9retts\u00e9gizett. Els\u0151 zongoratan\u00e1ra L\u00e1szl\u00f3 \u00c1rp\u00e1d volt. T\u00edz \u00e9vig \u00e9lt P\u00e1rizsban (1920\u201330). G. Enescu aj\u00e1nlotta be Lazar Levyhez, P\u00e1rizs legkiv\u00e1l\u00f3bb zongorapedag\u00f3gus\u00e1hoz \u00e9s Alfred Cortot-hoz. Maurice Ravel \u00e9s Paul Dukas mellett m\u00e9g a Sv\u00e1jcban \u00e9l\u0151 Paderewski tan\u00edtv\u00e1nya is volt. P\u00e1rizsban t\u00f6bb hangversenye is volt, egy szon\u00e1taestje G. Enescuval, majd Buk.-ben is Enescu vez\u00e9nylet\u00e9vel j\u00e1tszott (1945). A kir\u00e1lyi zenekar, majd a G. Enescu Filharm\u00f3nia sz\u00f3list\u00e1ja. Zongoraestek, zenekari hangversenyek, kamarazene, r\u00e1di\u00f3-, hanglemez felv\u00e9telek jelzik m\u0171v\u00e9szeti tev\u00e9kenys\u00e9g\u00e9t. <br \/><strong>Irod.:<\/strong> Pint\u00e9r Lajos: Ravel tan\u00edtv\u00e1nya (\u00daj \u00c9let, 21. sz., 1971)<\/br><\/p>\n","protected":false},"excerpt":{"rendered":"<p>Putini, 1903. m\u00e1rc. 28., \u2020 Buk., 1983. \u00e1pr. 23.: zongoram\u0171v\u00e9sz, zeneszerz\u0151. \u2013 A mv.-i zeneiskol\u00e1ban tanult \u00e9s az Al. Papiu Ilarian L\u00edc.-ban \u00e9retts\u00e9gizett. Els\u0151 zongoratan\u00e1ra L\u00e1szl\u00f3 \u00c1rp\u00e1d volt. T\u00edz \u00e9vig \u00e9lt P\u00e1rizsban (1920\u201330). G. Enescu aj\u00e1nlotta be Lazar Levyhez, P\u00e1rizs legkiv\u00e1l\u00f3bb zongorapedag\u00f3gus\u00e1hoz \u00e9s Alfred Cortot-hoz. Maurice Ravel \u00e9s Paul Dukas mellett m\u00e9g a Sv\u00e1jcban \u00e9l\u0151 [&hellip;]<\/p>\n","protected":false},"featured_media":0,"comment_status":"open","ping_status":"closed","template":"","meta":[],"product_brand":[],"product_cat":[137],"product_tag":[],"class_list":{"0":"post-6729","1":"product","2":"type-product","3":"status-publish","5":"product_cat-maros-megyei-eletrajzi-lexikon","7":"first","8":"instock","9":"shipping-taxable","10":"product-type-simple"},"_links":{"self":[{"href":"https:\/\/uj.adatbank.ro\/lexikon\/wp-json\/wp\/v2\/product\/6729","targetHints":{"allow":["GET"]}}],"collection":[{"href":"https:\/\/uj.adatbank.ro\/lexikon\/wp-json\/wp\/v2\/product"}],"about":[{"href":"https:\/\/uj.adatbank.ro\/lexikon\/wp-json\/wp\/v2\/types\/product"}],"replies":[{"embeddable":true,"href":"https:\/\/uj.adatbank.ro\/lexikon\/wp-json\/wp\/v2\/comments?post=6729"}],"wp:attachment":[{"href":"https:\/\/uj.adatbank.ro\/lexikon\/wp-json\/wp\/v2\/media?parent=6729"}],"wp:term":[{"taxonomy":"product_brand","embeddable":true,"href":"https:\/\/uj.adatbank.ro\/lexikon\/wp-json\/wp\/v2\/product_brand?post=6729"},{"taxonomy":"product_cat","embeddable":true,"href":"https:\/\/uj.adatbank.ro\/lexikon\/wp-json\/wp\/v2\/product_cat?post=6729"},{"taxonomy":"product_tag","embeddable":true,"href":"https:\/\/uj.adatbank.ro\/lexikon\/wp-json\/wp\/v2\/product_tag?post=6729"}],"curies":[{"name":"wp","href":"https:\/\/api.w.org\/{rel}","templated":true}]}}