{"id":6730,"date":"2025-06-28T18:02:51","date_gmt":"2025-06-28T16:02:51","guid":{"rendered":"https:\/\/uj.adatbank.ro\/lexikon\/termek\/demjen-attila\/"},"modified":"2025-06-28T18:02:51","modified_gmt":"2025-06-28T16:02:51","slug":"demjen-attila","status":"publish","type":"product","link":"https:\/\/uj.adatbank.ro\/lexikon\/termek\/demjen-attila\/","title":{"rendered":"DEMJ\u00c9N Attila"},"content":{"rendered":"<p>Dics\u0151szentm\u00e1rton, 1926. \u00e1pr. 10., \u2020 Bp., 1973. szept. 1.: fest\u0151m\u0171v\u00e9sz. \u2013 A bp.-i k\u00e9pz\u0151m\u0171v. f\u0151iskol\u00e1n Ber\u00e9ny R\u00f3bert \u00e9s Bern\u00e1th Aur\u00e9l tan\u00edtv\u00e1nyak\u00e9nt v\u00e9gezte tanulm\u00e1nyait (1947\u201351). Ki\u00e1ll\u00edt\u00e1sokon szerepelt, k\u00fcl\u00f6n\u00f6sen t\u00f6rt. t\u00e1rgy\u00fa k\u00e9peivel aratott sikert (1951\u2013). Olaszo. ban \u00e9lt (1961\u201364), az ott k\u00e9sz\u00fclt olajtemper\u00e1it \u00e9s akvarelljeit \u00f6n\u00e1ll\u00f3 t\u00e1rlatokon mutatta be. Realista felfog\u00e1s\u00fa t\u00e1jk\u00e9peket, csend\u00e9leteket, enteri\u0151r\u00f6ket \u00e9s portr\u00e9kat (G\u00e1bor \u00c1ron, Duray Tibor, Szentiv\u00e1nyi Lajos, Kod\u00e1ly Zolt\u00e1n stb.) festett. Egy-egy saj\u00e1tos t\u00e9mav\u00e1laszt\u00e1s \u00fcr\u00fcgy\u00e9n eljutott az absztraktig. Munk\u00e1csy-d\u00edjas (1952, 1953). \u2013 <strong>F. ki\u00e1ll.:<\/strong> R\u00f3ma (1962); Firenze (1963); Bp. (1966, 1972, 1977); Stockholm (1968, 1970). \u2013 <strong>Eml\u00e9kki\u00e1ll.:<\/strong> MNG (1977). \u2013 <strong>F. m.:<\/strong> Regge\u00adliz\u0151 munk\u00e1scsal\u00e1d; G\u00e1bor \u00c1ron. <br \/><strong>Irod.:<\/strong> artportal; M\u00c9L; Moln\u00e1r; R\u00daL; Szab\u00f3\u2013K\u00e1llai; \u00daM\u00c9L<\/br><\/p>\n","protected":false},"excerpt":{"rendered":"<p>Dics\u0151szentm\u00e1rton, 1926. \u00e1pr. 10., \u2020 Bp., 1973. szept. 1.: fest\u0151m\u0171v\u00e9sz. \u2013 A bp.-i k\u00e9pz\u0151m\u0171v. f\u0151iskol\u00e1n Ber\u00e9ny R\u00f3bert \u00e9s Bern\u00e1th Aur\u00e9l tan\u00edtv\u00e1nyak\u00e9nt v\u00e9gezte tanulm\u00e1nyait (1947\u201351). Ki\u00e1ll\u00edt\u00e1sokon szerepelt, k\u00fcl\u00f6n\u00f6sen t\u00f6rt. t\u00e1rgy\u00fa k\u00e9peivel aratott sikert (1951\u2013). Olaszo. ban \u00e9lt (1961\u201364), az ott k\u00e9sz\u00fclt olajtemper\u00e1it \u00e9s akvarelljeit \u00f6n\u00e1ll\u00f3 t\u00e1rlatokon mutatta be. Realista felfog\u00e1s\u00fa t\u00e1jk\u00e9peket, csend\u00e9leteket, enteri\u0151r\u00f6ket \u00e9s portr\u00e9kat (G\u00e1bor [&hellip;]<\/p>\n","protected":false},"featured_media":0,"comment_status":"open","ping_status":"closed","template":"","meta":[],"product_brand":[],"product_cat":[137],"product_tag":[],"class_list":{"0":"post-6730","1":"product","2":"type-product","3":"status-publish","5":"product_cat-maros-megyei-eletrajzi-lexikon","7":"first","8":"instock","9":"shipping-taxable","10":"product-type-simple"},"_links":{"self":[{"href":"https:\/\/uj.adatbank.ro\/lexikon\/wp-json\/wp\/v2\/product\/6730","targetHints":{"allow":["GET"]}}],"collection":[{"href":"https:\/\/uj.adatbank.ro\/lexikon\/wp-json\/wp\/v2\/product"}],"about":[{"href":"https:\/\/uj.adatbank.ro\/lexikon\/wp-json\/wp\/v2\/types\/product"}],"replies":[{"embeddable":true,"href":"https:\/\/uj.adatbank.ro\/lexikon\/wp-json\/wp\/v2\/comments?post=6730"}],"wp:attachment":[{"href":"https:\/\/uj.adatbank.ro\/lexikon\/wp-json\/wp\/v2\/media?parent=6730"}],"wp:term":[{"taxonomy":"product_brand","embeddable":true,"href":"https:\/\/uj.adatbank.ro\/lexikon\/wp-json\/wp\/v2\/product_brand?post=6730"},{"taxonomy":"product_cat","embeddable":true,"href":"https:\/\/uj.adatbank.ro\/lexikon\/wp-json\/wp\/v2\/product_cat?post=6730"},{"taxonomy":"product_tag","embeddable":true,"href":"https:\/\/uj.adatbank.ro\/lexikon\/wp-json\/wp\/v2\/product_tag?post=6730"}],"curies":[{"name":"wp","href":"https:\/\/api.w.org\/{rel}","templated":true}]}}