{"id":6731,"date":"2025-06-28T18:02:53","date_gmt":"2025-06-28T16:02:53","guid":{"rendered":"https:\/\/uj.adatbank.ro\/lexikon\/termek\/demjen-farkas-homorodszentpali\/"},"modified":"2025-06-28T18:02:53","modified_gmt":"2025-06-28T16:02:53","slug":"demjen-farkas-homorodszentpali","status":"publish","type":"product","link":"https:\/\/uj.adatbank.ro\/lexikon\/termek\/demjen-farkas-homorodszentpali\/","title":{"rendered":"DEMJ\u00c9N Farkas, homor\u00f3dszentp\u00e1li"},"content":{"rendered":"<p>1803. \u2020 1847. febr. 22.: \u00fcgyv\u00e9d. \u2013 Neje Sz\u00e9plaki M\u00e1ria. <br \/><strong>Irod.:<\/strong> Gy\u00e1szjelent\u0151; P\u00e1lmay J\u00f3zsef<\/br><\/p>\n","protected":false},"excerpt":{"rendered":"<p>1803. \u2020 1847. febr. 22.: \u00fcgyv\u00e9d. \u2013 Neje Sz\u00e9plaki M\u00e1ria. Irod.: Gy\u00e1szjelent\u0151; P\u00e1lmay J\u00f3zsef<\/p>\n","protected":false},"featured_media":0,"comment_status":"open","ping_status":"closed","template":"","meta":[],"product_brand":[],"product_cat":[137],"product_tag":[],"class_list":{"0":"post-6731","1":"product","2":"type-product","3":"status-publish","5":"product_cat-maros-megyei-eletrajzi-lexikon","7":"first","8":"instock","9":"shipping-taxable","10":"product-type-simple"},"_links":{"self":[{"href":"https:\/\/uj.adatbank.ro\/lexikon\/wp-json\/wp\/v2\/product\/6731","targetHints":{"allow":["GET"]}}],"collection":[{"href":"https:\/\/uj.adatbank.ro\/lexikon\/wp-json\/wp\/v2\/product"}],"about":[{"href":"https:\/\/uj.adatbank.ro\/lexikon\/wp-json\/wp\/v2\/types\/product"}],"replies":[{"embeddable":true,"href":"https:\/\/uj.adatbank.ro\/lexikon\/wp-json\/wp\/v2\/comments?post=6731"}],"wp:attachment":[{"href":"https:\/\/uj.adatbank.ro\/lexikon\/wp-json\/wp\/v2\/media?parent=6731"}],"wp:term":[{"taxonomy":"product_brand","embeddable":true,"href":"https:\/\/uj.adatbank.ro\/lexikon\/wp-json\/wp\/v2\/product_brand?post=6731"},{"taxonomy":"product_cat","embeddable":true,"href":"https:\/\/uj.adatbank.ro\/lexikon\/wp-json\/wp\/v2\/product_cat?post=6731"},{"taxonomy":"product_tag","embeddable":true,"href":"https:\/\/uj.adatbank.ro\/lexikon\/wp-json\/wp\/v2\/product_tag?post=6731"}],"curies":[{"name":"wp","href":"https:\/\/api.w.org\/{rel}","templated":true}]}}