{"id":6732,"date":"2025-06-28T18:02:54","date_gmt":"2025-06-28T16:02:54","guid":{"rendered":"https:\/\/uj.adatbank.ro\/lexikon\/termek\/demjen-farkas-kereloszentpali-ifj\/"},"modified":"2025-06-28T18:02:54","modified_gmt":"2025-06-28T16:02:54","slug":"demjen-farkas-kereloszentpali-ifj","status":"publish","type":"product","link":"https:\/\/uj.adatbank.ro\/lexikon\/termek\/demjen-farkas-kereloszentpali-ifj\/","title":{"rendered":"DEMJ\u00c9N Farkas, kerel\u0151szentp\u00e1li, ifj."},"content":{"rendered":"<p>Kerel\u0151szntp\u00e1l, 1837., \u2020 Mv., 1891. febr. 6.: orvos. \u2013 Apja birtokos. Feles\u00e9ge: Sz\u00e9plaki M\u00e1ria (\u20201877). Fi\u00fak.: D. Farkas \u2013 A mv.-i Ref. Koll.-ban tanult, \u00e9retts\u00e9gizett (1853). A B\u00e9csi Egy. Orvostud. Kar\u00e1nak hallgat\u00f3ja volt (1858\u201362, 1863). N\u00e9pszer\u0171 hum\u00e1nus ember, aki v\u00e9grendeletileg 600 forintot hagyott a Ref. Koll. \u2013ra. <br \/><strong>Irod.:<\/strong> Kiss\u2013P\u00e9terffy\u2013P\u00e9terffy; Kr\u00f3n. F\u00fcz. (1939. 4\/4); Szab\u00f3\u2013Simon\u2013Sz\u00f6gi<\/br><\/p>\n","protected":false},"excerpt":{"rendered":"<p>Kerel\u0151szntp\u00e1l, 1837., \u2020 Mv., 1891. febr. 6.: orvos. \u2013 Apja birtokos. Feles\u00e9ge: Sz\u00e9plaki M\u00e1ria (\u20201877). Fi\u00fak.: D. Farkas \u2013 A mv.-i Ref. Koll.-ban tanult, \u00e9retts\u00e9gizett (1853). A B\u00e9csi Egy. Orvostud. Kar\u00e1nak hallgat\u00f3ja volt (1858\u201362, 1863). N\u00e9pszer\u0171 hum\u00e1nus ember, aki v\u00e9grendeletileg 600 forintot hagyott a Ref. Koll. \u2013ra. Irod.: Kiss\u2013P\u00e9terffy\u2013P\u00e9terffy; Kr\u00f3n. F\u00fcz. (1939. 4\/4); Szab\u00f3\u2013Simon\u2013Sz\u00f6gi<\/p>\n","protected":false},"featured_media":0,"comment_status":"open","ping_status":"closed","template":"","meta":[],"product_brand":[],"product_cat":[137],"product_tag":[],"class_list":{"0":"post-6732","1":"product","2":"type-product","3":"status-publish","5":"product_cat-maros-megyei-eletrajzi-lexikon","7":"first","8":"instock","9":"shipping-taxable","10":"product-type-simple"},"_links":{"self":[{"href":"https:\/\/uj.adatbank.ro\/lexikon\/wp-json\/wp\/v2\/product\/6732","targetHints":{"allow":["GET"]}}],"collection":[{"href":"https:\/\/uj.adatbank.ro\/lexikon\/wp-json\/wp\/v2\/product"}],"about":[{"href":"https:\/\/uj.adatbank.ro\/lexikon\/wp-json\/wp\/v2\/types\/product"}],"replies":[{"embeddable":true,"href":"https:\/\/uj.adatbank.ro\/lexikon\/wp-json\/wp\/v2\/comments?post=6732"}],"wp:attachment":[{"href":"https:\/\/uj.adatbank.ro\/lexikon\/wp-json\/wp\/v2\/media?parent=6732"}],"wp:term":[{"taxonomy":"product_brand","embeddable":true,"href":"https:\/\/uj.adatbank.ro\/lexikon\/wp-json\/wp\/v2\/product_brand?post=6732"},{"taxonomy":"product_cat","embeddable":true,"href":"https:\/\/uj.adatbank.ro\/lexikon\/wp-json\/wp\/v2\/product_cat?post=6732"},{"taxonomy":"product_tag","embeddable":true,"href":"https:\/\/uj.adatbank.ro\/lexikon\/wp-json\/wp\/v2\/product_tag?post=6732"}],"curies":[{"name":"wp","href":"https:\/\/api.w.org\/{rel}","templated":true}]}}