{"id":6735,"date":"2025-06-28T18:02:59","date_gmt":"2025-06-28T16:02:59","guid":{"rendered":"https:\/\/uj.adatbank.ro\/lexikon\/termek\/demjen-mihaly\/"},"modified":"2025-06-28T18:02:59","modified_gmt":"2025-06-28T16:02:59","slug":"demjen-mihaly","status":"publish","type":"product","link":"https:\/\/uj.adatbank.ro\/lexikon\/termek\/demjen-mihaly\/","title":{"rendered":"DEMJ\u00c9N Mih\u00e1ly"},"content":{"rendered":"<p>? \u2020\u00a0? : sz\u00edn\u00e9sz. \u2013 Feh\u00e9r K\u00e1roly-Demj\u00e9n Mih\u00e1ly f\u00e9le t\u00e1rsulat b\u00e9relte az Apoll\u00f3 sz\u00e1l\u00e1t a t\u00e9li id\u0151szakra (1837), itt l\u00e9pett fel. <br \/><strong>Irod.:<\/strong> Id\u0151t\u00e1r 1<\/br><\/p>\n","protected":false},"excerpt":{"rendered":"<p>? \u2020\u00a0? : sz\u00edn\u00e9sz. \u2013 Feh\u00e9r K\u00e1roly-Demj\u00e9n Mih\u00e1ly f\u00e9le t\u00e1rsulat b\u00e9relte az Apoll\u00f3 sz\u00e1l\u00e1t a t\u00e9li id\u0151szakra (1837), itt l\u00e9pett fel. Irod.: Id\u0151t\u00e1r 1<\/p>\n","protected":false},"featured_media":0,"comment_status":"open","ping_status":"closed","template":"","meta":[],"product_brand":[],"product_cat":[137],"product_tag":[],"class_list":{"0":"post-6735","1":"product","2":"type-product","3":"status-publish","5":"product_cat-maros-megyei-eletrajzi-lexikon","7":"first","8":"instock","9":"shipping-taxable","10":"product-type-simple"},"_links":{"self":[{"href":"https:\/\/uj.adatbank.ro\/lexikon\/wp-json\/wp\/v2\/product\/6735","targetHints":{"allow":["GET"]}}],"collection":[{"href":"https:\/\/uj.adatbank.ro\/lexikon\/wp-json\/wp\/v2\/product"}],"about":[{"href":"https:\/\/uj.adatbank.ro\/lexikon\/wp-json\/wp\/v2\/types\/product"}],"replies":[{"embeddable":true,"href":"https:\/\/uj.adatbank.ro\/lexikon\/wp-json\/wp\/v2\/comments?post=6735"}],"wp:attachment":[{"href":"https:\/\/uj.adatbank.ro\/lexikon\/wp-json\/wp\/v2\/media?parent=6735"}],"wp:term":[{"taxonomy":"product_brand","embeddable":true,"href":"https:\/\/uj.adatbank.ro\/lexikon\/wp-json\/wp\/v2\/product_brand?post=6735"},{"taxonomy":"product_cat","embeddable":true,"href":"https:\/\/uj.adatbank.ro\/lexikon\/wp-json\/wp\/v2\/product_cat?post=6735"},{"taxonomy":"product_tag","embeddable":true,"href":"https:\/\/uj.adatbank.ro\/lexikon\/wp-json\/wp\/v2\/product_tag?post=6735"}],"curies":[{"name":"wp","href":"https:\/\/api.w.org\/{rel}","templated":true}]}}